{"id":5622,"date":"2025-07-08T11:49:20","date_gmt":"2025-07-08T10:49:20","guid":{"rendered":"https:\/\/espacetechnologie.ma\/product\/adaptateur-usb-3-0-de-type-c\/"},"modified":"2025-08-03T07:54:46","modified_gmt":"2025-08-03T06:54:46","slug":"adaptateur-usb-3-0-de-type-c","status":"publish","type":"product","link":"https:\/\/espacetechnologie.ma\/ar\/product\/adaptateur-usb-3-0-de-type-c\/","title":{"rendered":"Adaptateur USB 3.0 de type-C"},"content":{"rendered":"<p>plug and play, taille portable et conception l\u00e9g\u00e8re, plus pratique et plus intelligente.<br \/>\nIl peut s&rsquo;agir d&rsquo;un c\u00e2ble de donn\u00e9es TYPE-C normal dans un c\u00e2ble de donn\u00e9es m\u00e2le A m\u00e2le compact et facile \u00e0 transporter.<br \/>\nlecteur flash USB-C, disque dur et p\u00e9riph\u00e9riques connect\u00e9s \u00e0 un ordinateur portable \/ PC \/ chargeur \/ bloc d&rsquo;alimentation \/ concentrateur USB de type A via un c\u00e2ble USB C pour le chargement, la synchronisation ou le transfert de donn\u00e9es, conforme OTG.<br \/>\nInterface USB standard<br \/>\nMat\u00e9riel: alliage<\/p>","protected":false},"excerpt":{"rendered":"<p>plug and play, taille portable et conception l\u00e9g\u00e8re, plus pratique et plus intelligente. Il peut s&rsquo;agir d&rsquo;un c\u00e2ble de donn\u00e9es TYPE-C normal dans un c\u00e2ble de donn\u00e9es m\u00e2le A m\u00e2le compact et facile \u00e0 transporter. lecteur flash USB-C, disque dur et p\u00e9riph\u00e9riques connect\u00e9s \u00e0 un ordinateur portable \/ PC \/ chargeur \/ bloc d&rsquo;alimentation \/ [&hellip;]<\/p>\n","protected":false},"featured_media":5621,"comment_status":"open","ping_status":"closed","template":"","meta":{"event_title":"","event_details":"","event_timezone":"","event_gmap":"","event_image":"","event_image_url":"","event_calendar_link":"","event_location":"","event_datetime_with_summary":"","event_datetime":"","event_date_type":"","event_rulesummary":"","event_ticket_rsvp":"","_gspb_post_css":""},"product_brand":[],"product_cat":[87,82,84],"product_tag":[],"class_list":{"0":"post-5622","1":"product","2":"type-product","3":"status-publish","4":"has-post-thumbnail","6":"product_cat-adaptateurs","7":"product_cat-gadgets","8":"product_cat-smartphone","10":"first","11":"instock","12":"sale","13":"shipping-taxable","14":"purchasable","15":"product-type-simple"},"jetpack_sharing_enabled":true,"_links":{"self":[{"href":"https:\/\/espacetechnologie.ma\/ar\/wp-json\/wp\/v2\/product\/5622","targetHints":{"allow":["GET"]}}],"collection":[{"href":"https:\/\/espacetechnologie.ma\/ar\/wp-json\/wp\/v2\/product"}],"about":[{"href":"https:\/\/espacetechnologie.ma\/ar\/wp-json\/wp\/v2\/types\/product"}],"replies":[{"embeddable":true,"href":"https:\/\/espacetechnologie.ma\/ar\/wp-json\/wp\/v2\/comments?post=5622"}],"wp:featuredmedia":[{"embeddable":true,"href":"https:\/\/espacetechnologie.ma\/ar\/wp-json\/wp\/v2\/media\/5621"}],"wp:attachment":[{"href":"https:\/\/espacetechnologie.ma\/ar\/wp-json\/wp\/v2\/media?parent=5622"}],"wp:term":[{"taxonomy":"product_brand","embeddable":true,"href":"https:\/\/espacetechnologie.ma\/ar\/wp-json\/wp\/v2\/product_brand?post=5622"},{"taxonomy":"product_cat","embeddable":true,"href":"https:\/\/espacetechnologie.ma\/ar\/wp-json\/wp\/v2\/product_cat?post=5622"},{"taxonomy":"product_tag","embeddable":true,"href":"https:\/\/espacetechnologie.ma\/ar\/wp-json\/wp\/v2\/product_tag?post=5622"}],"curies":[{"name":"wp","href":"https:\/\/api.w.org\/{rel}","templated":true}]}}