{"id":5619,"date":"2025-07-08T11:49:19","date_gmt":"2025-07-08T10:49:19","guid":{"rendered":"https:\/\/espacetechnologie.ma\/product\/live-sound-card-voice-changer-device-mini-sound-mixer-board-portable-sound-mixer-multiple-sound-effect-for-mobile-phone\/"},"modified":"2025-08-02T14:43:59","modified_gmt":"2025-08-02T13:43:59","slug":"live-sound-card-voice-changer-device-mini-sound-mixer-board-portable-sound-mixer-multiple-sound-effect-for-mobile-phone","status":"publish","type":"product","link":"https:\/\/espacetechnologie.ma\/ar\/product\/live-sound-card-voice-changer-device-mini-sound-mixer-board-portable-sound-mixer-multiple-sound-effect-for-mobile-phone\/","title":{"rendered":"Live Sound Card, Voice changer device, Mini Sound Mixer Board, Portable Sound Mixer Multiple Sound Effect for Mobile Phone"},"content":{"rendered":"<p>Description:<br \/>\nCaract\u00e9ristique:<br \/>\nPuce d&rsquo;effet sonore DSP, bouton de r\u00e9glage, des effets sonores, \u00e9limination du son original, chant en direct, \u00e9vitement \u00e0 un bouton, surveillance en temps r\u00e9el, batterie de grande capacit\u00e9.<br \/>\nDouble puce audio DSP puissante, meilleure stabilit\u00e9, meilleur signal, qualit\u00e9 sonore claire sans d\u00e9lai, nouvelle mise \u00e0 niveau.<br \/>\nLa surface de la coque est sabl\u00e9e avec de la peinture m\u00e9tallique.<br \/>\nIl a une sensation de meulage, r\u00e9sistant aux rayures, confortable et toucher d\u00e9licat.<br \/>\nConception de surface de gouttelette, cl\u00e9s de galvanoplastie, boutons de galvanoplastie, peinture en a\u00e9rosol m\u00e9tallique.<br \/>\nLe processus de r\u00e9verb\u00e9ration\/transducteur\/\u00e9lectro-acoustique n&rsquo;est pas bloqu\u00e9, la fr\u00e9quence principale est augment\u00e9e de 44.1MHZ \u00e0 320MHZ, ce qui est quatre fois la vitesse de traitement de la carte son g\u00e9n\u00e9rale sur le march\u00e9, et l&rsquo;effet de diffusion en direct est plus r\u00e9aliste.<br \/>\nConception du bouton de r\u00e9glage.<br \/>\nModification magique, modification de la voix d\u00e9esse\/oncle\/enfants.<br \/>\nSupporter l&rsquo;utilisation des ordinateurs mobiles et des \u00e9couteurs seuls.<br \/>\nSurveillance en temps r\u00e9el du retour des oreilles, diffusion en direct de la voix du chant, en \u00e9coutant les \u00e9couteurs dans leurs oreilles, vous pouvez ajuster le souffle et le rythme en temps opportun, pour \u00e9viter les entra\u00eenements.<br \/>\nBatterie au lithium polym\u00e8re haute performance de 1000 mAh se connectant \u00e0 la diffusion en direct.<br \/>\nSp\u00e9cification:<br \/>\nMati\u00e8re: M\u00e9tal<br \/>\nTaux d&rsquo;\u00e9chantillonnage de sortie: 44.1KHZ<br \/>\nType Applicable: m\u00e9nage\/ext\u00e9rieur<br \/>\nInstallation: Externe<br \/>\nInterface Audio: interface 3.5mm<br \/>\nBatteries: batteries rechargeables au Lithium-ion<br \/>\nCapacit\u00e9 de la batterie: 1000 mAh<br \/>\nCharge: 5V\/1A<br \/>\nPoids de l&#8217;emballage: 950g<br \/>\nCouleur: Noir<br \/>\nSp\u00e9cifications:<br \/>\n6 types de son \u00e9lectrique, 8 types d&rsquo;effets sonores, 16 types de modes d&rsquo;effet.<br \/>\nR\u00e9glage de la taille de r\u00e9verb\u00e9ration, r\u00e9glage du volume du microphone, r\u00e9glage des basses \u00e9lev\u00e9es, contr\u00f4le du volume d&rsquo;enregistrement, contr\u00f4le du volume de la musique, contr\u00f4le du volume de surveillance (fonction \u00e9couteur).<br \/>\nPrend en charge l&rsquo;utilisation de l&rsquo;ordinateur de t\u00e9l\u00e9phone portable, prend en charge l&rsquo;utilisation d&rsquo;un seul casque.<br \/>\nEmballage Inclus:<br \/>\n1 * Carte son<br \/>\n1 * C\u00e2ble de charge<br \/>\n1 * Instructions<br \/>\nNotes:<br \/>\nEn raison de la diff\u00e9rence entre les diff\u00e9rents moniteurs, les images peuvent ne pas refl\u00e9ter la couleur r\u00e9elle de l&rsquo;article.<br \/>\nComparez les tailles de d\u00e9tail avec le v\u00f4tre, veuillez permettre une erreur de 1-3cm, en raison de la mesure manuelle.<br \/>\nVeuillez laisser un message avant de donner le mauvais commentaire, si les produits ont des probl\u00e8mes.<br \/>\nMerci de votre compr\u00e9hension.<\/p>","protected":false},"excerpt":{"rendered":"<p>Mat\u00e9riel: M\u00e9tal<br \/>\nCouleur : Noir<br \/>\nVersion Bluetooth : 4.2<br \/>\nType d&rsquo;interface : USB<br \/>\nType applicable: M\u00e9nage\/Ext\u00e9rieur<br \/>\nInstallation : externe<br \/>\nInterface audio : interface 3,5 mm<br \/>\nPiles : Piles rechargeables au lithium-ion<br \/>\nCharge : 5 V\/1 A<br \/>\nLongueur du fil : 1 m \/ 3,28 ft<br \/>\nPoids de l&#8217;emballage : 500g<\/p>","protected":false},"featured_media":5618,"comment_status":"open","ping_status":"closed","template":"","meta":{"event_title":"","event_details":"","event_timezone":"","event_gmap":"","event_image":"","event_image_url":"","event_calendar_link":"","event_location":"","event_datetime_with_summary":"","event_datetime":"","event_date_type":"","event_rulesummary":"","event_ticket_rsvp":"","_gspb_post_css":""},"product_brand":[],"product_cat":[107],"product_tag":[],"class_list":{"0":"post-5619","1":"product","2":"type-product","3":"status-publish","4":"has-post-thumbnail","6":"product_cat-audio","8":"first","9":"instock","10":"sale","11":"shipping-taxable","12":"purchasable","13":"product-type-simple"},"jetpack_sharing_enabled":true,"_links":{"self":[{"href":"https:\/\/espacetechnologie.ma\/ar\/wp-json\/wp\/v2\/product\/5619","targetHints":{"allow":["GET"]}}],"collection":[{"href":"https:\/\/espacetechnologie.ma\/ar\/wp-json\/wp\/v2\/product"}],"about":[{"href":"https:\/\/espacetechnologie.ma\/ar\/wp-json\/wp\/v2\/types\/product"}],"replies":[{"embeddable":true,"href":"https:\/\/espacetechnologie.ma\/ar\/wp-json\/wp\/v2\/comments?post=5619"}],"wp:featuredmedia":[{"embeddable":true,"href":"https:\/\/espacetechnologie.ma\/ar\/wp-json\/wp\/v2\/media\/5618"}],"wp:attachment":[{"href":"https:\/\/espacetechnologie.ma\/ar\/wp-json\/wp\/v2\/media?parent=5619"}],"wp:term":[{"taxonomy":"product_brand","embeddable":true,"href":"https:\/\/espacetechnologie.ma\/ar\/wp-json\/wp\/v2\/product_brand?post=5619"},{"taxonomy":"product_cat","embeddable":true,"href":"https:\/\/espacetechnologie.ma\/ar\/wp-json\/wp\/v2\/product_cat?post=5619"},{"taxonomy":"product_tag","embeddable":true,"href":"https:\/\/espacetechnologie.ma\/ar\/wp-json\/wp\/v2\/product_tag?post=5619"}],"curies":[{"name":"wp","href":"https:\/\/api.w.org\/{rel}","templated":true}]}}