{"id":5613,"date":"2025-07-08T11:49:18","date_gmt":"2025-07-08T10:49:18","guid":{"rendered":"https:\/\/espacetechnologie.ma\/product\/%d8%ad%d8%a7%d9%85%d9%84-%d9%87%d8%a7%d8%aa%d9%81-%d8%a8%d8%af%d9%88%d9%86-%d9%85%d8%ba%d9%86%d8%a7%d8%b7%d9%8a%d8%b3-%d8%b9%d8%a7%d9%84%d9%8a-%d8%a7%d9%84%d8%ac%d9%88%d8%af%d8%a9\/"},"modified":"2025-08-03T07:59:59","modified_gmt":"2025-08-03T06:59:59","slug":"%d8%ad%d8%a7%d9%85%d9%84-%d9%87%d8%a7%d8%aa%d9%81-%d8%a8%d8%af%d9%88%d9%86-%d9%85%d8%ba%d9%86%d8%a7%d8%b7%d9%8a%d8%b3-%d8%b9%d8%a7%d9%84%d9%8a-%d8%a7%d9%84%d8%ac%d9%88%d8%af%d8%a9","status":"publish","type":"product","link":"https:\/\/espacetechnologie.ma\/ar\/product\/%d8%ad%d8%a7%d9%85%d9%84-%d9%87%d8%a7%d8%aa%d9%81-%d8%a8%d8%af%d9%88%d9%86-%d9%85%d8%ba%d9%86%d8%a7%d8%b7%d9%8a%d8%b3-%d8%b9%d8%a7%d9%84%d9%8a-%d8%a7%d9%84%d8%ac%d9%88%d8%af%d8%a9\/","title":{"rendered":"\u062d\u0627\u0645\u0644 \u0647\u0627\u062a\u0641 \u0628\u062f\u0648\u0646 \u0645\u063a\u0646\u0627\u0637\u064a\u0633 \u0639\u0627\u0644\u064a \u0627\u0644\u062c\u0648\u062f\u0629"},"content":{"rendered":"<p>Haute qualit\u00e9<br \/>\nFacile \u00e0 installer dans la voiture<br \/>\nGarder votre appareil \u00e0 port\u00e9e de votre main.<br \/>\nCompatible avec tout t\u00e9l\u00e9phone mobile.<br \/>\nConception qui s\u2019adapte \u00e0 la plupart des voitures sans g\u00eaner la visibilit\u00e9<br \/>\nBerceau Grip propagation gamme: 48-85mm<br \/>\n4 directions rabattable berceau, vous permet de facilement ajuster berceau horizontalement ou verticalement<\/p>","protected":false},"excerpt":{"rendered":"<p>Haute qualit\u00e9 Facile \u00e0 installer dans la voiture Garder votre appareil \u00e0 port\u00e9e de votre main. Compatible avec tout t\u00e9l\u00e9phone mobile. Conception qui s\u2019adapte \u00e0 la plupart des voitures sans g\u00eaner la visibilit\u00e9 Berceau Grip propagation gamme: 48-85mm 4 directions rabattable berceau, vous permet de facilement ajuster berceau horizontalement ou verticalement<\/p>","protected":false},"featured_media":5612,"comment_status":"open","ping_status":"closed","template":"","meta":{"event_title":"","event_details":"","event_timezone":"","event_gmap":"","event_image":"","event_image_url":"","event_calendar_link":"","event_location":"","event_datetime_with_summary":"","event_datetime":"","event_date_type":"","event_rulesummary":"","event_ticket_rsvp":"","_gspb_post_css":""},"product_brand":[],"product_cat":[114,90,84,113],"product_tag":[],"class_list":{"0":"post-5613","1":"product","2":"type-product","3":"status-publish","4":"has-post-thumbnail","6":"product_cat-accessoires-voiture","7":"product_cat-autres-accessoires-smartphone","8":"product_cat-smartphone","9":"product_cat-voiture-moto","11":"first","12":"instock","13":"sale","14":"shipping-taxable","15":"purchasable","16":"product-type-simple"},"jetpack_sharing_enabled":true,"_links":{"self":[{"href":"https:\/\/espacetechnologie.ma\/ar\/wp-json\/wp\/v2\/product\/5613","targetHints":{"allow":["GET"]}}],"collection":[{"href":"https:\/\/espacetechnologie.ma\/ar\/wp-json\/wp\/v2\/product"}],"about":[{"href":"https:\/\/espacetechnologie.ma\/ar\/wp-json\/wp\/v2\/types\/product"}],"replies":[{"embeddable":true,"href":"https:\/\/espacetechnologie.ma\/ar\/wp-json\/wp\/v2\/comments?post=5613"}],"wp:featuredmedia":[{"embeddable":true,"href":"https:\/\/espacetechnologie.ma\/ar\/wp-json\/wp\/v2\/media\/5612"}],"wp:attachment":[{"href":"https:\/\/espacetechnologie.ma\/ar\/wp-json\/wp\/v2\/media?parent=5613"}],"wp:term":[{"taxonomy":"product_brand","embeddable":true,"href":"https:\/\/espacetechnologie.ma\/ar\/wp-json\/wp\/v2\/product_brand?post=5613"},{"taxonomy":"product_cat","embeddable":true,"href":"https:\/\/espacetechnologie.ma\/ar\/wp-json\/wp\/v2\/product_cat?post=5613"},{"taxonomy":"product_tag","embeddable":true,"href":"https:\/\/espacetechnologie.ma\/ar\/wp-json\/wp\/v2\/product_tag?post=5613"}],"curies":[{"name":"wp","href":"https:\/\/api.w.org\/{rel}","templated":true}]}}