{"id":5606,"date":"2025-07-08T11:49:17","date_gmt":"2025-07-08T10:49:17","guid":{"rendered":"https:\/\/espacetechnologie.ma\/product\/cable-de-raccordement-pour-fiber-optique-20m\/"},"modified":"2025-08-02T12:50:23","modified_gmt":"2025-08-02T11:50:23","slug":"cable-de-raccordement-pour-fiber-optique-20m","status":"publish","type":"product","link":"https:\/\/espacetechnologie.ma\/ar\/product\/cable-de-raccordement-pour-fiber-optique-20m\/","title":{"rendered":"c\u00e2ble de raccordement pour Fiber optique (20m)"},"content":{"rendered":"<p>1) type de connecteur: FC, SC, LC, ST, MTRJ, MU, E2000, MPO, DIN, D4, SMA<br \/>\n2) embout de virole: PC, UPCAPC<br \/>\n3) Type de noyau: monomode (SM: 9\/125um), Multimode (MM: 50\/125um ou 62.5\/125um)<br \/>\n4) quantit\u00e9 de c\u00e2ble: Simplex, Duplex, 6 noyaux, 12 cors, 16 noyaux, 24 noyaux, 36 noyaux, 48 noyaux&#8230;<br \/>\n5) diam\u00e8tre de c\u00e2ble<br \/>\n6) longueur de c\u00e2ble: 1, 2, 3 m\u00e8tres ou personnalis\u00e9<br \/>\n7) type de c\u00e2ble: PVC, LSZH, OM3, OFNR, OFNP, pl\u00e9num, blind\u00e9<\/p>","protected":false},"excerpt":{"rendered":"<p>SC APC \u2013 cordon de raccordement en Fiber optique 2.0mm PVC G657A<br \/>\nCe c\u00e2ble \u00e0 fibre optique monomode OS2 9\/125 est id\u00e9al pour connecter des connexions Ethernet 1G\/10G\/40G\/100G. Il peut transporter des donn\u00e9es jusqu&rsquo;\u00e0 10km \u00e0 1310nm, ou jusqu&rsquo;\u00e0 40km \u00e0 1550nm<br \/>\nSp\u00e9cification<br \/>\nPoints Culminants de produit<br \/>\nLe c\u00e2ble \u00e0 fibre optique a un indice d&rsquo;inflammabilit\u00e9 standard de l&rsquo;industrie, une gaine en PVC et un connecteur de fibre simplex qui r\u00e9pond \u00e0 EIA\/TIA 604-2 pour les r\u00e9seaux de c\u00e2blage \u00e0 grande vitesse.<\/p>","protected":false},"featured_media":5605,"comment_status":"open","ping_status":"closed","template":"","meta":{"event_title":"","event_details":"","event_timezone":"","event_gmap":"","event_image":"","event_image_url":"","event_calendar_link":"","event_location":"","event_datetime_with_summary":"","event_datetime":"","event_date_type":"","event_rulesummary":"","event_ticket_rsvp":"","_gspb_post_css":""},"product_brand":[],"product_cat":[82],"product_tag":[],"class_list":{"0":"post-5606","1":"product","2":"type-product","3":"status-publish","4":"has-post-thumbnail","6":"product_cat-gadgets","8":"first","9":"instock","10":"sale","11":"shipping-taxable","12":"purchasable","13":"product-type-simple"},"jetpack_sharing_enabled":true,"_links":{"self":[{"href":"https:\/\/espacetechnologie.ma\/ar\/wp-json\/wp\/v2\/product\/5606","targetHints":{"allow":["GET"]}}],"collection":[{"href":"https:\/\/espacetechnologie.ma\/ar\/wp-json\/wp\/v2\/product"}],"about":[{"href":"https:\/\/espacetechnologie.ma\/ar\/wp-json\/wp\/v2\/types\/product"}],"replies":[{"embeddable":true,"href":"https:\/\/espacetechnologie.ma\/ar\/wp-json\/wp\/v2\/comments?post=5606"}],"wp:featuredmedia":[{"embeddable":true,"href":"https:\/\/espacetechnologie.ma\/ar\/wp-json\/wp\/v2\/media\/5605"}],"wp:attachment":[{"href":"https:\/\/espacetechnologie.ma\/ar\/wp-json\/wp\/v2\/media?parent=5606"}],"wp:term":[{"taxonomy":"product_brand","embeddable":true,"href":"https:\/\/espacetechnologie.ma\/ar\/wp-json\/wp\/v2\/product_brand?post=5606"},{"taxonomy":"product_cat","embeddable":true,"href":"https:\/\/espacetechnologie.ma\/ar\/wp-json\/wp\/v2\/product_cat?post=5606"},{"taxonomy":"product_tag","embeddable":true,"href":"https:\/\/espacetechnologie.ma\/ar\/wp-json\/wp\/v2\/product_tag?post=5606"}],"curies":[{"name":"wp","href":"https:\/\/api.w.org\/{rel}","templated":true}]}}