{"id":5599,"date":"2025-07-08T11:49:16","date_gmt":"2025-07-08T10:49:16","guid":{"rendered":"https:\/\/espacetechnologie.ma\/product\/support-pour-pc-portable-en-aluminium\/"},"modified":"2025-08-03T06:57:42","modified_gmt":"2025-08-03T05:57:42","slug":"support-pour-pc-portable-en-aluminium","status":"publish","type":"product","link":"https:\/\/espacetechnologie.ma\/ar\/product\/support-pour-pc-portable-en-aluminium\/","title":{"rendered":"Support pour pc portable en aluminium"},"content":{"rendered":"<p>Support pliable en Aluminium pour ordinateur Portable<br \/>\nSupport de tablette, Support d&rsquo;ordinateur pour MacBook Air Pro ipad<br \/>\nCaract\u00e9ristiques<br \/>\n1. En utilisant de l&rsquo;aluminium m\u00e9tallique, le support d&rsquo;ordinateur portable est l\u00e9ger et textur\u00e9.<br \/>\n2. Conception pliable, pratique pour sortir au travail, au bureau \u00e0 domicile et occuper un espace super petit.<br \/>\n3. La conception de 6 vitesses r\u00e9pond aux besoins de tout moment et convient \u00e0 toutes les habitudes d&rsquo;utilisation de n&rsquo;importe qui<br \/>\nDescription<br \/>\nNom: Support Pour Ordinateur Portable<br \/>\nPoids: environ 300G<br \/>\nCharge maximale: 40KG<br \/>\n6 hauteurs r\u00e9glables: de 5.5cm \u00e0 15.5cm.<br \/>\nCouleur: m\u00e9tal noir\/m\u00e9tal argent<br \/>\nMat\u00e9riel: alliage D&rsquo;aluminium<br \/>\nVitesses: 6<br \/>\nApplication: ordinateur portable\/carnet de notes\/tablette\/iPad\/t\u00e9l\u00e9phones intelligents<br \/>\nForfait Incluant<br \/>\n1 x support Pour Ordinateur Portable<\/p>","protected":false},"excerpt":{"rendered":"<p>Nom: Support Pour Ordinateur Portable<br \/>\nPoids: environ 300G<br \/>\nCharge maximale: 40KG<br \/>\n6 hauteurs r\u00e9glables: de 5.5cm \u00e0 15.5cm.<br \/>\nCouleur: m\u00e9tal noir\/m\u00e9tal argent<br \/>\nMat\u00e9riel: alliage D&rsquo;aluminium<br \/>\nVitesses: 6<br \/>\nApplication: ordinateur portable\/carnet de notes\/tablette\/iPad\/t\u00e9l\u00e9phones intelligents<\/p>","protected":false},"featured_media":5598,"comment_status":"open","ping_status":"closed","template":"","meta":{"event_title":"","event_details":"","event_timezone":"","event_gmap":"","event_image":"","event_image_url":"","event_calendar_link":"","event_location":"","event_datetime_with_summary":"","event_datetime":"","event_date_type":"","event_rulesummary":"","event_ticket_rsvp":"","_gspb_post_css":""},"product_brand":[],"product_cat":[96,97],"product_tag":[],"class_list":{"0":"post-5599","1":"product","2":"type-product","3":"status-publish","4":"has-post-thumbnail","6":"product_cat-pc","7":"product_cat-support","9":"first","10":"instock","11":"shipping-taxable","12":"purchasable","13":"product-type-simple"},"jetpack_sharing_enabled":true,"_links":{"self":[{"href":"https:\/\/espacetechnologie.ma\/ar\/wp-json\/wp\/v2\/product\/5599","targetHints":{"allow":["GET"]}}],"collection":[{"href":"https:\/\/espacetechnologie.ma\/ar\/wp-json\/wp\/v2\/product"}],"about":[{"href":"https:\/\/espacetechnologie.ma\/ar\/wp-json\/wp\/v2\/types\/product"}],"replies":[{"embeddable":true,"href":"https:\/\/espacetechnologie.ma\/ar\/wp-json\/wp\/v2\/comments?post=5599"}],"wp:featuredmedia":[{"embeddable":true,"href":"https:\/\/espacetechnologie.ma\/ar\/wp-json\/wp\/v2\/media\/5598"}],"wp:attachment":[{"href":"https:\/\/espacetechnologie.ma\/ar\/wp-json\/wp\/v2\/media?parent=5599"}],"wp:term":[{"taxonomy":"product_brand","embeddable":true,"href":"https:\/\/espacetechnologie.ma\/ar\/wp-json\/wp\/v2\/product_brand?post=5599"},{"taxonomy":"product_cat","embeddable":true,"href":"https:\/\/espacetechnologie.ma\/ar\/wp-json\/wp\/v2\/product_cat?post=5599"},{"taxonomy":"product_tag","embeddable":true,"href":"https:\/\/espacetechnologie.ma\/ar\/wp-json\/wp\/v2\/product_tag?post=5599"}],"curies":[{"name":"wp","href":"https:\/\/api.w.org\/{rel}","templated":true}]}}