{"id":5594,"date":"2025-07-08T11:49:15","date_gmt":"2025-07-08T10:49:15","guid":{"rendered":"https:\/\/espacetechnologie.ma\/product\/%d8%a7%d9%84%d8%b3%d9%85%d8%b9-%d8%a7%d9%84%d9%85%d8%ad%d9%85%d9%88%d9%84-%d8%ae%d9%84%d9%81-%d8%a7%d9%84%d8%a3%d8%b0%d9%86-%d8%8c-%d9%85%d9%83%d8%a8%d8%b1-%d8%b5%d9%88%d8%aa-%d8%b1%d9%82%d9%85%d9%8a\/"},"modified":"2025-08-02T15:00:43","modified_gmt":"2025-08-02T14:00:43","slug":"%d8%a7%d9%84%d8%b3%d9%85%d8%b9-%d8%a7%d9%84%d9%85%d8%ad%d9%85%d9%88%d9%84-%d8%ae%d9%84%d9%81-%d8%a7%d9%84%d8%a3%d8%b0%d9%86-%d8%8c-%d9%85%d9%83%d8%a8%d8%b1-%d8%b5%d9%88%d8%aa-%d8%b1%d9%82%d9%85%d9%8a","status":"publish","type":"product","link":"https:\/\/espacetechnologie.ma\/ar\/product\/%d8%a7%d9%84%d8%b3%d9%85%d8%b9-%d8%a7%d9%84%d9%85%d8%ad%d9%85%d9%88%d9%84-%d8%ae%d9%84%d9%81-%d8%a7%d9%84%d8%a3%d8%b0%d9%86-%d8%8c-%d9%85%d9%83%d8%a8%d8%b1-%d8%b5%d9%88%d8%aa-%d8%b1%d9%82%d9%85%d9%8a\/","title":{"rendered":"\u0627\u0644\u0633\u0645\u0639 \u0627\u0644\u0645\u062d\u0645\u0648\u0644 \u062e\u0644\u0641 \u0627\u0644\u0623\u0630\u0646 \u060c \u0645\u0643\u0628\u0631 \u0635\u0648\u062a \u0631\u0642\u0645\u064a \u0642\u0627\u0628\u0644 \u0644\u0644\u062a\u0639\u062f\u064a\u0644"},"content":{"rendered":"<p>Mat\u00e9riau: plastique, acier<br \/>\nCouleur: Marron<br \/>\nBatterie de la bo\u00eete pour tuer les bact\u00e9ries: 2 piles AAA de 1.5V (non incluses)<br \/>\nPoids Net: environ 8g<br \/>\nTension: cc 1.5V<br \/>\nCourant: \u2264 8mA<br \/>\nGamme de fr\u00e9quence: 450Hz ~ 3500Hz<br \/>\nSortie sonore maximale: 130 \u00b1 4db<br \/>\nGain sonore: 45db \u00b1 5db<br \/>\nBruit d&rsquo;entr\u00e9e: \u2264 32dB  Jecpp<\/p>","protected":false},"excerpt":{"rendered":"<p>Mat\u00e9riau: plastique, acier Couleur: Marron Batterie de la bo\u00eete pour tuer les bact\u00e9ries: 2 piles AAA de 1.5V (non incluses) Poids Net: environ 8g Tension: cc 1.5V Courant: \u2264 8mA Gamme de fr\u00e9quence: 450Hz ~ 3500Hz Sortie sonore maximale: 130 \u00b1 4db Gain sonore: 45db \u00b1 5db Bruit d&rsquo;entr\u00e9e: \u2264 32dB Jecpp<\/p>","protected":false},"featured_media":5593,"comment_status":"open","ping_status":"closed","template":"","meta":{"event_title":"","event_details":"","event_timezone":"","event_gmap":"","event_image":"","event_image_url":"","event_calendar_link":"","event_location":"","event_datetime_with_summary":"","event_datetime":"","event_date_type":"","event_rulesummary":"","event_ticket_rsvp":"","_gspb_post_css":""},"product_brand":[],"product_cat":[107,82,112],"product_tag":[],"class_list":{"0":"post-5594","1":"product","2":"type-product","3":"status-publish","4":"has-post-thumbnail","6":"product_cat-audio","7":"product_cat-gadgets","8":"product_cat-haut-parleur-et-speakers","10":"first","11":"instock","12":"shipping-taxable","13":"purchasable","14":"product-type-simple"},"jetpack_sharing_enabled":true,"_links":{"self":[{"href":"https:\/\/espacetechnologie.ma\/ar\/wp-json\/wp\/v2\/product\/5594","targetHints":{"allow":["GET"]}}],"collection":[{"href":"https:\/\/espacetechnologie.ma\/ar\/wp-json\/wp\/v2\/product"}],"about":[{"href":"https:\/\/espacetechnologie.ma\/ar\/wp-json\/wp\/v2\/types\/product"}],"replies":[{"embeddable":true,"href":"https:\/\/espacetechnologie.ma\/ar\/wp-json\/wp\/v2\/comments?post=5594"}],"wp:featuredmedia":[{"embeddable":true,"href":"https:\/\/espacetechnologie.ma\/ar\/wp-json\/wp\/v2\/media\/5593"}],"wp:attachment":[{"href":"https:\/\/espacetechnologie.ma\/ar\/wp-json\/wp\/v2\/media?parent=5594"}],"wp:term":[{"taxonomy":"product_brand","embeddable":true,"href":"https:\/\/espacetechnologie.ma\/ar\/wp-json\/wp\/v2\/product_brand?post=5594"},{"taxonomy":"product_cat","embeddable":true,"href":"https:\/\/espacetechnologie.ma\/ar\/wp-json\/wp\/v2\/product_cat?post=5594"},{"taxonomy":"product_tag","embeddable":true,"href":"https:\/\/espacetechnologie.ma\/ar\/wp-json\/wp\/v2\/product_tag?post=5594"}],"curies":[{"name":"wp","href":"https:\/\/api.w.org\/{rel}","templated":true}]}}