{"id":5590,"date":"2025-07-08T11:49:14","date_gmt":"2025-07-08T10:49:14","guid":{"rendered":"https:\/\/espacetechnologie.ma\/product\/%d8%ae%d8%a7%d8%aa%d9%85-%d8%b1%d9%88%d9%8a%d8%a7%d9%84-%d9%85%d9%82%d8%a7%d9%88%d9%85-%d9%84%d8%b5%d8%af%d8%a3-%d9%84%d8%b1%d8%ac%d8%a7%d9%84\/"},"modified":"2025-08-02T12:50:20","modified_gmt":"2025-08-02T11:50:20","slug":"%d8%ae%d8%a7%d8%aa%d9%85-%d8%b1%d9%88%d9%8a%d8%a7%d9%84-%d9%85%d9%82%d8%a7%d9%88%d9%85-%d9%84%d8%b5%d8%af%d8%a3-%d9%84%d8%b1%d8%ac%d8%a7%d9%84","status":"publish","type":"product","link":"https:\/\/espacetechnologie.ma\/ar\/product\/%d8%ae%d8%a7%d8%aa%d9%85-%d8%b1%d9%88%d9%8a%d8%a7%d9%84-%d9%85%d9%82%d8%a7%d9%88%d9%85-%d9%84%d8%b5%d8%af%d8%a3-%d9%84%d8%b1%d8%ac%d8%a7%d9%84\/","title":{"rendered":"\u062e\u0627\u062a\u0645 \u0631\u0648\u064a\u0627\u0644  \u0645\u0642\u0627\u0648\u0645 \u0644\u0635\u062f\u0623 \u0644\u0631\u062c\u0627\u0644"},"content":{"rendered":"<p>Bague pour homme royal<br \/>\nMat\u00e9riel: Acier inoxydable<br \/>\nTaille: 6-12<br \/>\nEmbelli avec grav\u00e9 au centre de la bague<br \/>\nFinition bross\u00e9<\/p>","protected":false},"excerpt":{"rendered":"<p>Prot\u00e9gez vos bijoux Restez neufs<\/p>\n<p>1. Essuyez fr\u00e9quemment la surface avec un chiffon doux;\u00a0<br \/>\n2. Veuillez \u00e9viter la collision violente;\u00a0<br \/>\n3. Les bijoux peuvent \u00eatre port\u00e9s lors du sport, de la natation et du bain, mais les pls se dess\u00e8chent apr\u00e8s ces activit\u00e9s. 10. Si vous avez une bonne habitude de porter, vos bijoux resteront neufs pendant longtemps.<\/p>","protected":false},"featured_media":5589,"comment_status":"open","ping_status":"closed","template":"","meta":{"event_title":"","event_details":"","event_timezone":"","event_gmap":"","event_image":"","event_image_url":"","event_calendar_link":"","event_location":"","event_datetime_with_summary":"","event_datetime":"","event_date_type":"","event_rulesummary":"","event_ticket_rsvp":"","_gspb_post_css":""},"product_brand":[],"product_cat":[82],"product_tag":[],"class_list":{"0":"post-5590","1":"product","2":"type-product","3":"status-publish","4":"has-post-thumbnail","6":"product_cat-gadgets","8":"first","9":"instock","10":"sale","11":"shipping-taxable","12":"purchasable","13":"product-type-simple"},"jetpack_sharing_enabled":true,"_links":{"self":[{"href":"https:\/\/espacetechnologie.ma\/ar\/wp-json\/wp\/v2\/product\/5590","targetHints":{"allow":["GET"]}}],"collection":[{"href":"https:\/\/espacetechnologie.ma\/ar\/wp-json\/wp\/v2\/product"}],"about":[{"href":"https:\/\/espacetechnologie.ma\/ar\/wp-json\/wp\/v2\/types\/product"}],"replies":[{"embeddable":true,"href":"https:\/\/espacetechnologie.ma\/ar\/wp-json\/wp\/v2\/comments?post=5590"}],"wp:featuredmedia":[{"embeddable":true,"href":"https:\/\/espacetechnologie.ma\/ar\/wp-json\/wp\/v2\/media\/5589"}],"wp:attachment":[{"href":"https:\/\/espacetechnologie.ma\/ar\/wp-json\/wp\/v2\/media?parent=5590"}],"wp:term":[{"taxonomy":"product_brand","embeddable":true,"href":"https:\/\/espacetechnologie.ma\/ar\/wp-json\/wp\/v2\/product_brand?post=5590"},{"taxonomy":"product_cat","embeddable":true,"href":"https:\/\/espacetechnologie.ma\/ar\/wp-json\/wp\/v2\/product_cat?post=5590"},{"taxonomy":"product_tag","embeddable":true,"href":"https:\/\/espacetechnologie.ma\/ar\/wp-json\/wp\/v2\/product_tag?post=5590"}],"curies":[{"name":"wp","href":"https:\/\/api.w.org\/{rel}","templated":true}]}}