{"id":5576,"date":"2025-07-08T11:49:12","date_gmt":"2025-07-08T10:49:12","guid":{"rendered":"https:\/\/espacetechnologie.ma\/product\/%d9%82%d9%86%d8%a7%d8%a9-%d9%85%d8%ad%d9%88%d9%84-%d8%b5%d9%88%d8%aa-usb-7-1\/"},"modified":"2025-08-03T07:58:09","modified_gmt":"2025-08-03T06:58:09","slug":"%d9%82%d9%86%d8%a7%d8%a9-%d9%85%d8%ad%d9%88%d9%84-%d8%b5%d9%88%d8%aa-usb-7-1","status":"publish","type":"product","link":"https:\/\/espacetechnologie.ma\/ar\/product\/%d9%82%d9%86%d8%a7%d8%a9-%d9%85%d8%ad%d9%88%d9%84-%d8%b5%d9%88%d8%aa-usb-7-1\/","title":{"rendered":"\u0642\u0646\u0627\u0629 \u0645\u062d\u0648\u0644 \u0635\u0648\u062a USB 7.1"},"content":{"rendered":"<p>\u0645\u0648\u0635\u0644 \u0623\u0635\u0644\u064a 100\u066a \u0648\u0645\u0639\u062a\u0645\u062f \u0648\u0639\u0627\u0644\u064a \u0627\u0644\u062c\u0648\u062f\u0629 \u0644\u0627 \u064a\u0636\u0645\u0646 \u0641\u0642\u0637 \u0633\u0644\u0627\u0645\u0629 \u0627\u0644\u062c\u0647\u0627\u0632 \u0627\u0644\u0645\u062a\u0635\u0644 \u060c \u0648\u0633\u0631\u0639\u0629 \u0646\u0642\u0644 \u0627\u0644\u0628\u064a\u0627\u0646\u0627\u062a.\u0645\u062a\u0627\u0646\u0629 \u0625\u0636\u0627\u0641\u064a\u0629 \u060c \u0648\u0646\u0639\u0648\u0645\u0629 \u0641\u0627\u0626\u0642\u0629 \u060c \u0648\u062c\u0648\u062f\u0629 \u0645\u0645\u062a\u0627\u0632\u0629 \u060c \u0648\u0643\u0627\u0628\u0644 \u0645\u062a\u064a\u0646 \u0648\u0637\u0648\u064a\u0644 \u0627\u0644\u0623\u0645\u062f \u0644\u064a\u0646\u0627\u0633\u0628 \u0645\u062c\u0645\u0648\u0639\u0629 \u0645\u062a\u0646\u0648\u0639\u0629 \u0645\u0646 \u0627\u062d\u062a\u064a\u0627\u062c\u0627\u062a \u0627\u0644\u0627\u062a\u0635\u0627\u0644 \u0627\u0644\u064a\u0648t\u0645\u064a\u0629 \u060c \u0648\u0644\u0643\u0646\u0647 \u064a\u0636\u0645\u0646 \u0623\u064a\u0636\u064b\u0627 \u0627\u0633\u062a\u0645\u0631\u0627\u0631\u0647 \u0639\u062f\u0629 \u0645\u0631\u0627\u062a \u0623\u0637\u0648\u0644 \u0645\u0646 \u0627\u0644\u0643\u0627\u0628\u0644\u0627\u062a \u0627\u0644\u0642\u064a\u0627\u0633\u064a\u0629. \u064a\u0645\u0646\u0639 \u0627\u0644\u063a\u0644\u0627\u0641 \u0627\u0644\u0645\u0644\u062d\u0648\u0645 \u0628\u0627\u0644\u0644\u064a\u0632\u0631 \u0627\u0644\u0643\u0633\u0631 \u0648\u064a\u0636\u0645\u0646 \u0627\u0644\u0633\u0644\u0627\u0645\u0629 \u0648\u0627\u0644\u0645\u0648\u062b\u0648\u0642\u064a\u0629 \u0627\u0644\u062a\u0627\u0645\u0629 \u0645\u0639 \u0643\u0648\u0646\u0647 \u0645\u0631\u0646\u064b\u0627 \u0628\u062f\u0631\u062c\u0629 \u0643\u0627\u0641\u064a\u0629 \u0644\u062b\u0646\u064a \u0627\u0644\u0643\u0627\u0628\u0644 \u0641\u064a \u0627\u0644\u0632\u0648\u0627\u064a\u0627. \u064a\u0648\u0641\u0631 \u0647\u0630\u0627 \u0627\u0644\u0639\u0646\u0635\u0631 \u0623\u064a\u0636\u064b\u0627 \u062f\u0639\u0645 Skybox \u0648 Openbox \u0648 Raspberry Pi \u0648 Wifi Reciver soft AP. \u0648\u0638\u064a\u0641\u0629. \u064a\u0645\u0646\u062d\u0643 \u0645\u062d\u0648\u0644 Wireless-N USB 2.0 \u0627\u0644\u0648\u0635\u0648\u0644 \u0625\u0644\u0649 \u062c\u0645\u064a\u0639 \u0627\u0644\u0645\u064a\u0632\u0627\u062a \u0639\u0627\u0644\u064a\u0629 \u0627\u0644\u0633\u0631\u0639\u0629 \u0644\u0634\u0628\u0643\u0627\u062a Wireless-N \u0639\u0644\u0649 \u0623\u062c\u0647\u0632\u0629 \u0627\u0644\u0643\u0645\u0628\u064a\u0648\u062a\u0631 \u0627\u0644\u0623\u0642\u062f\u0645 \u0648\u0627\u0644\u0623\u062d\u062f\u062b.<br \/>\nCarte adaptateur USB 2.0 externe 7,1 canaux audio Sound.<br \/>\nCompatible avec la sp\u00e9cification USB 2.0 Full-Speed ?? (12 Mbps).<br \/>\nCompatible avec la sp\u00e9cification de classe de p\u00e9riph\u00e9rique audio USB 1,0.<br \/>\nCompatible avec la sp\u00e9cification de classe USB HID 1,1<br \/>\nConducteur conducteur -Pas requis pour Windows 98SE \/ ME \/ 2000 \/ XP \/ 7 \/ Server 2003 \/ Vista \/ Linux, Mac OS.<br \/>\nProlongez votre haut-parleur st\u00e9r\u00e9o ou des \u00e9couteurs \u00e0 l&rsquo;environnement du canal 7,1.<br \/>\nIndicateurs LED: Statut Microphone &#8211; Muet, activit\u00e9<br \/>\nAliment\u00e9 directement par le port USB, Travailler avec soit de bureau ou portable.<br \/>\nCompact, portable, facile \u00e0 transporter.<br \/>\nType de p\u00e9riph\u00e9rique: USB 2.0 externe 7,1 canaux audio son adaptateur de carte<br \/>\nType d&rsquo;interface: USB 2.0<\/p>","protected":false},"excerpt":{"rendered":"<p>\u0645\u0648\u0635\u0644 \u0623\u0635\u0644\u064a 100\u066a \u0648\u0645\u0639\u062a\u0645\u062f \u0648\u0639\u0627\u0644\u064a \u0627\u0644\u062c\u0648\u062f\u0629 \u0644\u0627 \u064a\u0636\u0645\u0646 \u0641\u0642\u0637 \u0633\u0644\u0627\u0645\u0629 \u0627\u0644\u062c\u0647\u0627\u0632 \u0627\u0644\u0645\u062a\u0635\u0644 \u060c \u0648\u0633\u0631\u0639\u0629 \u0646\u0642\u0644 \u0627\u0644\u0628\u064a\u0627\u0646\u0627\u062a.\u0645\u062a\u0627\u0646\u0629 \u0625\u0636\u0627\u0641\u064a\u0629 \u060c \u0648\u0646\u0639\u0648\u0645\u0629 \u0641\u0627\u0626\u0642\u0629 \u060c \u0648\u062c\u0648\u062f\u0629 \u0645\u0645\u062a\u0627\u0632\u0629 \u060c \u0648\u0643\u0627\u0628\u0644 \u0645\u062a\u064a\u0646 \u0648\u0637\u0648\u064a\u0644 \u0627\u0644\u0623\u0645\u062f \u0644\u064a\u0646\u0627\u0633\u0628 \u0645\u062c\u0645\u0648\u0639\u0629 \u0645\u062a\u0646\u0648\u0639\u0629 \u0645\u0646 \u0627\u062d\u062a\u064a\u0627\u062c\u0627\u062a \u0627\u0644\u0627\u062a\u0635\u0627\u0644 \u0627\u0644\u064a\u0648t\u0645\u064a\u0629 \u060c \u0648\u0644\u0643\u0646\u0647 \u064a\u0636\u0645\u0646 \u0623\u064a\u0636\u064b\u0627 \u0627\u0633\u062a\u0645\u0631\u0627\u0631\u0647 \u0639\u062f\u0629 \u0645\u0631\u0627\u062a \u0623\u0637\u0648\u0644 \u0645\u0646 \u0627\u0644\u0643\u0627\u0628\u0644\u0627\u062a \u0627\u0644\u0642\u064a\u0627\u0633\u064a\u0629. \u064a\u0645\u0646\u0639 \u0627\u0644\u063a\u0644\u0627\u0641 \u0627\u0644\u0645\u0644\u062d\u0648\u0645 \u0628\u0627\u0644\u0644\u064a\u0632\u0631 \u0627\u0644\u0643\u0633\u0631 \u0648\u064a\u0636\u0645\u0646 \u0627\u0644\u0633\u0644\u0627\u0645\u0629 \u0648\u0627\u0644\u0645\u0648\u062b\u0648\u0642\u064a\u0629 \u0627\u0644\u062a\u0627\u0645\u0629 [&hellip;]<\/p>\n","protected":false},"featured_media":5575,"comment_status":"open","ping_status":"closed","template":"","meta":{"event_title":"","event_details":"","event_timezone":"","event_gmap":"","event_image":"","event_image_url":"","event_calendar_link":"","event_location":"","event_datetime_with_summary":"","event_datetime":"","event_date_type":"","event_rulesummary":"","event_ticket_rsvp":"","_gspb_post_css":""},"product_brand":[],"product_cat":[107,102,96],"product_tag":[],"class_list":{"0":"post-5576","1":"product","2":"type-product","3":"status-publish","4":"has-post-thumbnail","6":"product_cat-audio","7":"product_cat-autres-accessoires-pc","8":"product_cat-pc","10":"first","11":"instock","12":"sale","13":"shipping-taxable","14":"purchasable","15":"product-type-simple"},"jetpack_sharing_enabled":true,"_links":{"self":[{"href":"https:\/\/espacetechnologie.ma\/ar\/wp-json\/wp\/v2\/product\/5576","targetHints":{"allow":["GET"]}}],"collection":[{"href":"https:\/\/espacetechnologie.ma\/ar\/wp-json\/wp\/v2\/product"}],"about":[{"href":"https:\/\/espacetechnologie.ma\/ar\/wp-json\/wp\/v2\/types\/product"}],"replies":[{"embeddable":true,"href":"https:\/\/espacetechnologie.ma\/ar\/wp-json\/wp\/v2\/comments?post=5576"}],"wp:featuredmedia":[{"embeddable":true,"href":"https:\/\/espacetechnologie.ma\/ar\/wp-json\/wp\/v2\/media\/5575"}],"wp:attachment":[{"href":"https:\/\/espacetechnologie.ma\/ar\/wp-json\/wp\/v2\/media?parent=5576"}],"wp:term":[{"taxonomy":"product_brand","embeddable":true,"href":"https:\/\/espacetechnologie.ma\/ar\/wp-json\/wp\/v2\/product_brand?post=5576"},{"taxonomy":"product_cat","embeddable":true,"href":"https:\/\/espacetechnologie.ma\/ar\/wp-json\/wp\/v2\/product_cat?post=5576"},{"taxonomy":"product_tag","embeddable":true,"href":"https:\/\/espacetechnologie.ma\/ar\/wp-json\/wp\/v2\/product_tag?post=5576"}],"curies":[{"name":"wp","href":"https:\/\/api.w.org\/{rel}","templated":true}]}}