{"id":5571,"date":"2025-07-08T11:49:11","date_gmt":"2025-07-08T10:49:11","guid":{"rendered":"https:\/\/espacetechnologie.ma\/product\/dash-cable-usb-type-c-pour-recharge-rapide-et-transfert-de-donnees\/"},"modified":"2025-08-03T08:00:59","modified_gmt":"2025-08-03T07:00:59","slug":"dash-cable-usb-type-c-pour-recharge-rapide-et-transfert-de-donnees","status":"publish","type":"product","link":"https:\/\/espacetechnologie.ma\/ar\/product\/dash-cable-usb-type-c-pour-recharge-rapide-et-transfert-de-donnees\/","title":{"rendered":"Dash c\u00e2ble USB type-c pour recharge rapide et transfert de donn\u00e9es"},"content":{"rendered":"<p>Charge rapide Le c\u00e2ble de donn\u00e9es USB de type C offre une vitesse de charge extr\u00eamement rapide &#8211; Mat\u00e9riaux haut de gamme et vitesses fulgurantes<br \/>\n60% de capacit\u00e9 de charge en 30 minutes environ avec le c\u00e2ble de charge rapide 5V et 4A<br \/>\nCompact et sans enchev\u00eatrement: nous avons optimis\u00e9 le OnePlus 3T Charge rapidement C\u00e2ble de charge pour une durabilit\u00e9 maximale<br \/>\nLa<br \/>\n charge est rapide et stable car elle se charge rapidement La charge<br \/>\nrepose sur des courants \u00e9lectriques plus importants, par opposition \u00e0<br \/>\nune tension accrue comme les technologies de charge conventionnelles.<br \/>\nConception<br \/>\n sp\u00e9ciale pour oneplus 3 \/ oneplus 3T \/ oneplus A3000 \/ OnePlus 5 \/<br \/>\nOnePlus 5T \/ OnePlus 6 \/ 6T et \u00e9galement pour OnePlus Bullets Wireless<\/p>","protected":false},"excerpt":{"rendered":"<p>Charge rapide Le c\u00e2ble de donn\u00e9es USB de type C offre une vitesse de charge extr\u00eamement rapide &#8211; Mat\u00e9riaux haut de gamme et vitesses fulgurantes 60% de capacit\u00e9 de charge en 30 minutes environ avec le c\u00e2ble de charge rapide 5V et 4A Compact et sans enchev\u00eatrement: nous avons optimis\u00e9 le OnePlus 3T Charge rapidement [&hellip;]<\/p>\n","protected":false},"featured_media":5570,"comment_status":"open","ping_status":"closed","template":"","meta":{"event_title":"","event_details":"","event_timezone":"","event_gmap":"","event_image":"","event_image_url":"","event_calendar_link":"","event_location":"","event_datetime_with_summary":"","event_datetime":"","event_date_type":"","event_rulesummary":"","event_ticket_rsvp":"","_gspb_post_css":""},"product_brand":[],"product_cat":[86,84],"product_tag":[],"class_list":{"0":"post-5571","1":"product","2":"type-product","3":"status-publish","4":"has-post-thumbnail","6":"product_cat-cables","7":"product_cat-smartphone","9":"first","10":"instock","11":"sale","12":"shipping-taxable","13":"purchasable","14":"product-type-simple"},"jetpack_sharing_enabled":true,"_links":{"self":[{"href":"https:\/\/espacetechnologie.ma\/ar\/wp-json\/wp\/v2\/product\/5571","targetHints":{"allow":["GET"]}}],"collection":[{"href":"https:\/\/espacetechnologie.ma\/ar\/wp-json\/wp\/v2\/product"}],"about":[{"href":"https:\/\/espacetechnologie.ma\/ar\/wp-json\/wp\/v2\/types\/product"}],"replies":[{"embeddable":true,"href":"https:\/\/espacetechnologie.ma\/ar\/wp-json\/wp\/v2\/comments?post=5571"}],"wp:featuredmedia":[{"embeddable":true,"href":"https:\/\/espacetechnologie.ma\/ar\/wp-json\/wp\/v2\/media\/5570"}],"wp:attachment":[{"href":"https:\/\/espacetechnologie.ma\/ar\/wp-json\/wp\/v2\/media?parent=5571"}],"wp:term":[{"taxonomy":"product_brand","embeddable":true,"href":"https:\/\/espacetechnologie.ma\/ar\/wp-json\/wp\/v2\/product_brand?post=5571"},{"taxonomy":"product_cat","embeddable":true,"href":"https:\/\/espacetechnologie.ma\/ar\/wp-json\/wp\/v2\/product_cat?post=5571"},{"taxonomy":"product_tag","embeddable":true,"href":"https:\/\/espacetechnologie.ma\/ar\/wp-json\/wp\/v2\/product_tag?post=5571"}],"curies":[{"name":"wp","href":"https:\/\/api.w.org\/{rel}","templated":true}]}}