{"id":5564,"date":"2025-07-08T11:49:10","date_gmt":"2025-07-08T10:49:10","guid":{"rendered":"https:\/\/espacetechnologie.ma\/product\/support-multifonctionnel-universel-ps5-2-manettes-de-jeu-ventilateur-de-refroidissement\/"},"modified":"2025-08-02T13:37:12","modified_gmt":"2025-08-02T12:37:12","slug":"support-multifonctionnel-universel-ps5-2-manettes-de-jeu-ventilateur-de-refroidissement","status":"publish","type":"product","link":"https:\/\/espacetechnologie.ma\/ar\/product\/support-multifonctionnel-universel-ps5-2-manettes-de-jeu-ventilateur-de-refroidissement\/","title":{"rendered":"Support multifonctionnel universel PS5, 2 manettes de jeu , ventilateur de refroidissement,"},"content":{"rendered":"<p>Ce produit convient \u00e0 la dissipation thermique de la console de jeu d&rsquo;origine P5, au chargement de la poign\u00e9e, au placement des accessoires et au stockage.<br \/>\nAvec l&rsquo;indicateur de charge, il est facile d&rsquo;identifier l&rsquo;\u00e9tat de charge pendant le processus de charge.<br \/>\nIl y a deux t\u00eates m\u00e2les TYPE-C d\u00e9di\u00e9es dans la fente de chargement du berceau. Il est tr\u00e8s pratique de prendre et de mettre la poign\u00e9e lors du chargement.<br \/>\nEquip\u00e9 d&rsquo;un support d&rsquo;\u00e9couteur, les \u00e9couteurs peuvent \u00eatre plac\u00e9s, pratique \u00e0 prendre et \u00e0 ranger.<br \/>\nLes doubles ventilateurs peuvent refroidir et dissiper la chaleur vers l&rsquo;h\u00f4te.<br \/>\n\u00c9quip\u00e9 d&rsquo;un support de disque de jeu, qui peut contenir 17 disques de jeu.<br \/>\n\u00c9quip\u00e9 d&rsquo;un port de sortie USB2.0 5V, qui peut charger des \u00e9couteurs, des t\u00e9l\u00e9phones mobiles et d&rsquo;autres appareils<br \/>\nShgut ruu di\u00e0nyanya: 4.75V-5.25V shgut rchu di\u00e4nliuu: \u2264 2A<br \/>\nd\u00e2 n z\u00f9 ch\u00f3ngdi\u00e0nliuu: \u2264 600 MA ch\u00f3ngdianya shiji\u00e3 n: 5 xi\u00e3<br \/>\noshilo<br \/>\n57 \/ 5000<br \/>\nTension d&rsquo;entr\u00e9e: 4.75V-5.25V<br \/>\nCourant d&rsquo;entr\u00e9e: \u2264 2A<br \/>\nCourant de charge de groupe unique: \u2264 600 mA<\/p>","protected":false},"excerpt":{"rendered":"<p>Description de l&rsquo;article<br \/>\nSupport Vertical 6 en 1 pour Console PS5, ventilateur de refroidissement, station de charge, support de casque, magasin de jeu pour accessoires de jeu PS5<br \/>\nParam\u00e8tres de produit:<br \/>\nShgut ruu di\u00e0nyanya: 4.75V-5.25V shgut rchu di\u00e4nliuu: \u2264 2A<br \/>\nd\u00e2 n z\u00f9 ch\u00f3ngdi\u00e0nliuu: \u2264 600 MA ch\u00f3ngdianya shiji\u00e3 n: 5 xi\u00e3<br \/>\noshilo<br \/>\n57 \/ 5000<br \/>\nTension d&rsquo;entr\u00e9e: 4.75V-5.25V<br \/>\nCourant d&rsquo;entr\u00e9e: \u2264 2A<br \/>\nCourant de charge de groupe unique: \u2264 600 mA<\/p>","protected":false},"featured_media":5563,"comment_status":"open","ping_status":"closed","template":"","meta":{"event_title":"","event_details":"","event_timezone":"","event_gmap":"","event_image":"","event_image_url":"","event_calendar_link":"","event_location":"","event_datetime_with_summary":"","event_datetime":"","event_date_type":"","event_rulesummary":"","event_ticket_rsvp":"","_gspb_post_css":""},"product_brand":[],"product_cat":[82,129],"product_tag":[],"class_list":{"0":"post-5564","1":"product","2":"type-product","3":"status-publish","4":"has-post-thumbnail","6":"product_cat-gadgets","7":"product_cat-gaming","9":"first","10":"instock","11":"sale","12":"shipping-taxable","13":"purchasable","14":"product-type-simple"},"jetpack_sharing_enabled":true,"_links":{"self":[{"href":"https:\/\/espacetechnologie.ma\/ar\/wp-json\/wp\/v2\/product\/5564","targetHints":{"allow":["GET"]}}],"collection":[{"href":"https:\/\/espacetechnologie.ma\/ar\/wp-json\/wp\/v2\/product"}],"about":[{"href":"https:\/\/espacetechnologie.ma\/ar\/wp-json\/wp\/v2\/types\/product"}],"replies":[{"embeddable":true,"href":"https:\/\/espacetechnologie.ma\/ar\/wp-json\/wp\/v2\/comments?post=5564"}],"wp:featuredmedia":[{"embeddable":true,"href":"https:\/\/espacetechnologie.ma\/ar\/wp-json\/wp\/v2\/media\/5563"}],"wp:attachment":[{"href":"https:\/\/espacetechnologie.ma\/ar\/wp-json\/wp\/v2\/media?parent=5564"}],"wp:term":[{"taxonomy":"product_brand","embeddable":true,"href":"https:\/\/espacetechnologie.ma\/ar\/wp-json\/wp\/v2\/product_brand?post=5564"},{"taxonomy":"product_cat","embeddable":true,"href":"https:\/\/espacetechnologie.ma\/ar\/wp-json\/wp\/v2\/product_cat?post=5564"},{"taxonomy":"product_tag","embeddable":true,"href":"https:\/\/espacetechnologie.ma\/ar\/wp-json\/wp\/v2\/product_tag?post=5564"}],"curies":[{"name":"wp","href":"https:\/\/api.w.org\/{rel}","templated":true}]}}