{"id":5550,"date":"2025-07-08T11:49:08","date_gmt":"2025-07-08T10:49:08","guid":{"rendered":"https:\/\/espacetechnologie.ma\/product\/microphone-de-studio-a-condensateur-antichoc\/"},"modified":"2025-08-02T15:00:55","modified_gmt":"2025-08-02T14:00:55","slug":"microphone-de-studio-a-condensateur-antichoc","status":"publish","type":"product","link":"https:\/\/espacetechnologie.ma\/ar\/product\/microphone-de-studio-a-condensateur-antichoc\/","title":{"rendered":"Microphone de Studio \u00e0 condensateur + antichoc"},"content":{"rendered":"<p>microphone de studio \u00e0 condensateur supercardio\u00efde, Microphone Vocal \u00e0 grand diaphragme, support Plug &#038; Play<br \/>\nLe microphone \u00e0 condensateur U87Ai est un microphone d&rsquo;enregistrement tr\u00e8s largement utilis\u00e9. Si vous voulez choisir un microphone vocal avec un son chaud et une grande adaptabilit\u00e9, U87 est un tr\u00e8s bon choix.<br \/>\nU87Ai a les caract\u00e9ristiques de trois directivit\u00e9, fr\u00e9quence unique et r\u00e9ponse transitoire, les utilisateurs peuvent imm\u00e9diatement le reconna\u00eetre par ses caract\u00e9ristiques. C&rsquo;est un choix id\u00e9al pour la radiodiffusion sans fil, les studios de cin\u00e9ma et de t\u00e9l\u00e9vision. Principalement utilis\u00e9 pour l&rsquo;enregistrement d&rsquo;op\u00e9ra, microphone d&rsquo;enregistrement en direct, et peut \u00eatre largement utilis\u00e9 dans diverses musiques et discours.<br \/>\nCaract\u00e9ristiques<br \/>\nCapteur de d\u00e9grad\u00e9 de pression avec double diaphragme<br \/>\nTrois directivit\u00e9: omnidirectionnelle, cardio\u00efde, figure de huit poign\u00e9es jusqu&rsquo;\u00e0 127dB de pression sonore, ne change pas la hauteur, peut commuter le roulement \u00e0 basse fr\u00e9quence<br \/>\nCommutable 10dB att\u00e9nuation dispositif<br \/>\nIl peut \u00e9liminer le bruit basse fr\u00e9quence g\u00e9n\u00e9r\u00e9 lors de la parole \u00e0 courte distance et prendre en charge l&rsquo;enregistrement dans diverses conditions<\/p>","protected":false},"excerpt":{"rendered":"<p>Directivit\u00e9: omni-directivit\u00e9, cardio\u00efde<br \/>\nGamme de fr\u00e9quences\u00a0(Hz):<br \/>\nSensibilit\u00e9\u00a0(grade)\u00a0(100Hz): 25mV\/Pa(-32dB &#8211; 2dB)<br \/>\nImp\u00e9dance de sortie\u00a0(S)\u00a0(100Hz):200<br \/>\nLe niveau de pression acoustique<br \/>\nmaximal\u00a0(dB)\u00a0(1KHz, distorsion -1%):130<br \/>\nLe niveau sonore \u00e9quivalent\u00a0(dB)\u00a0(pond\u00e9r\u00e9 A): 13<br \/>\nSNR(dB): 98<\/p>","protected":false},"featured_media":5549,"comment_status":"open","ping_status":"closed","template":"","meta":{"event_title":"","event_details":"","event_timezone":"","event_gmap":"","event_image":"","event_image_url":"","event_calendar_link":"","event_location":"","event_datetime_with_summary":"","event_datetime":"","event_date_type":"","event_rulesummary":"","event_ticket_rsvp":"","_gspb_post_css":""},"product_brand":[],"product_cat":[107,111],"product_tag":[],"class_list":{"0":"post-5550","1":"product","2":"type-product","3":"status-publish","4":"has-post-thumbnail","6":"product_cat-audio","7":"product_cat-microphones","9":"first","10":"instock","11":"sale","12":"shipping-taxable","13":"purchasable","14":"product-type-simple"},"jetpack_sharing_enabled":true,"_links":{"self":[{"href":"https:\/\/espacetechnologie.ma\/ar\/wp-json\/wp\/v2\/product\/5550","targetHints":{"allow":["GET"]}}],"collection":[{"href":"https:\/\/espacetechnologie.ma\/ar\/wp-json\/wp\/v2\/product"}],"about":[{"href":"https:\/\/espacetechnologie.ma\/ar\/wp-json\/wp\/v2\/types\/product"}],"replies":[{"embeddable":true,"href":"https:\/\/espacetechnologie.ma\/ar\/wp-json\/wp\/v2\/comments?post=5550"}],"wp:featuredmedia":[{"embeddable":true,"href":"https:\/\/espacetechnologie.ma\/ar\/wp-json\/wp\/v2\/media\/5549"}],"wp:attachment":[{"href":"https:\/\/espacetechnologie.ma\/ar\/wp-json\/wp\/v2\/media?parent=5550"}],"wp:term":[{"taxonomy":"product_brand","embeddable":true,"href":"https:\/\/espacetechnologie.ma\/ar\/wp-json\/wp\/v2\/product_brand?post=5550"},{"taxonomy":"product_cat","embeddable":true,"href":"https:\/\/espacetechnologie.ma\/ar\/wp-json\/wp\/v2\/product_cat?post=5550"},{"taxonomy":"product_tag","embeddable":true,"href":"https:\/\/espacetechnologie.ma\/ar\/wp-json\/wp\/v2\/product_tag?post=5550"}],"curies":[{"name":"wp","href":"https:\/\/api.w.org\/{rel}","templated":true}]}}