{"id":5527,"date":"2025-07-08T11:49:04","date_gmt":"2025-07-08T10:49:04","guid":{"rendered":"https:\/\/espacetechnologie.ma\/product\/puluz-2-softbox-50x70cm-8-lampes-2-tripied-200cm\/"},"modified":"2025-08-02T13:03:24","modified_gmt":"2025-08-02T12:03:24","slug":"puluz-2-softbox-50x70cm-8-lampes-2-tripied-200cm","status":"publish","type":"product","link":"https:\/\/espacetechnologie.ma\/ar\/product\/puluz-2-softbox-50x70cm-8-lampes-2-tripied-200cm\/","title":{"rendered":"Puluz 2 Softbox 50x70cm ,8 lampes, 2 Tripied 200cm,"},"content":{"rendered":"<p>Double commande de commutateur: la luminosit\u00e9 peut \u00eatre ajust\u00e9e.<br \/>\nSupport de lampe en c\u00e9ramique: r\u00e9sistance \u00e0 haute temp\u00e9rature, longue dur\u00e9e de vie, isolation, plus s\u00fbr<br \/>\nConception de la poign\u00e9e: derri\u00e8re la t\u00eate de la lampe, facile \u00e0 utiliser (contacter le service client pour personnaliser)<br \/>\nAngle de r\u00e9glage \u00e0 4.180 \u00b0: libre et facile \u00e0 r\u00e9gler l&rsquo;\u00e9clairage d&rsquo;angle.<br \/>\nLe fusible int\u00e9gr\u00e9 au produit: prot\u00e8ge efficacement l&rsquo;alimentation.<\/p>","protected":false},"excerpt":{"rendered":"<p>Double commande de commutateur: la luminosit\u00e9 peut \u00eatre ajust\u00e9e. Support de lampe en c\u00e9ramique: r\u00e9sistance \u00e0 haute temp\u00e9rature, longue dur\u00e9e de vie, isolation, plus s\u00fbr Conception de la poign\u00e9e: derri\u00e8re la t\u00eate de la lampe, facile \u00e0 utiliser (contacter le service client pour personnaliser) Angle de r\u00e9glage \u00e0 4.180 \u00b0: libre et facile \u00e0 r\u00e9gler [&hellip;]<\/p>\n","protected":false},"featured_media":5526,"comment_status":"open","ping_status":"closed","template":"","meta":{"event_title":"","event_details":"","event_timezone":"","event_gmap":"","event_image":"","event_image_url":"","event_calendar_link":"","event_location":"","event_datetime_with_summary":"","event_datetime":"","event_date_type":"","event_rulesummary":"","event_ticket_rsvp":"","_gspb_post_css":""},"product_brand":[],"product_cat":[117,116],"product_tag":[],"class_list":{"0":"post-5527","1":"product","2":"type-product","3":"status-publish","4":"has-post-thumbnail","6":"product_cat-eclairage-et-ring-lights","7":"product_cat-studio","9":"first","10":"instock","11":"sale","12":"shipping-taxable","13":"purchasable","14":"product-type-simple"},"jetpack_sharing_enabled":true,"_links":{"self":[{"href":"https:\/\/espacetechnologie.ma\/ar\/wp-json\/wp\/v2\/product\/5527","targetHints":{"allow":["GET"]}}],"collection":[{"href":"https:\/\/espacetechnologie.ma\/ar\/wp-json\/wp\/v2\/product"}],"about":[{"href":"https:\/\/espacetechnologie.ma\/ar\/wp-json\/wp\/v2\/types\/product"}],"replies":[{"embeddable":true,"href":"https:\/\/espacetechnologie.ma\/ar\/wp-json\/wp\/v2\/comments?post=5527"}],"wp:featuredmedia":[{"embeddable":true,"href":"https:\/\/espacetechnologie.ma\/ar\/wp-json\/wp\/v2\/media\/5526"}],"wp:attachment":[{"href":"https:\/\/espacetechnologie.ma\/ar\/wp-json\/wp\/v2\/media?parent=5527"}],"wp:term":[{"taxonomy":"product_brand","embeddable":true,"href":"https:\/\/espacetechnologie.ma\/ar\/wp-json\/wp\/v2\/product_brand?post=5527"},{"taxonomy":"product_cat","embeddable":true,"href":"https:\/\/espacetechnologie.ma\/ar\/wp-json\/wp\/v2\/product_cat?post=5527"},{"taxonomy":"product_tag","embeddable":true,"href":"https:\/\/espacetechnologie.ma\/ar\/wp-json\/wp\/v2\/product_tag?post=5527"}],"curies":[{"name":"wp","href":"https:\/\/api.w.org\/{rel}","templated":true}]}}