{"id":5521,"date":"2025-07-08T11:49:03","date_gmt":"2025-07-08T10:49:03","guid":{"rendered":"https:\/\/espacetechnologie.ma\/product\/ensemble-microphone-usb-complet-avec-carte-son-lintegrer-pour-chat-studio-enregistrement-ordinateur-et-telephone\/"},"modified":"2025-08-02T14:36:13","modified_gmt":"2025-08-02T13:36:13","slug":"ensemble-microphone-usb-complet-avec-carte-son-lintegrer-pour-chat-studio-enregistrement-ordinateur-et-telephone","status":"publish","type":"product","link":"https:\/\/espacetechnologie.ma\/ar\/product\/ensemble-microphone-usb-complet-avec-carte-son-lintegrer-pour-chat-studio-enregistrement-ordinateur-et-telephone\/","title":{"rendered":"Ensemble Microphone USB complet avec carte son l\u2019int\u00e9grer pour Chat Studio enregistrement ordinateur et t\u00e9l\u00e9phone"},"content":{"rendered":"<p>\u00c9tat: 100% neuf<br \/>\nMati\u00e8re: M\u00e9tal<br \/>\nCouleur: comme l&rsquo;image montr\u00e9e<br \/>\nMi crophones taille: diam\u00e8tre 6.0&#215;2.2mm haute sensibilit\u00e9 anti-parasitage mi core<br \/>\nSensibilit\u00e9:-32db \u00b1 1dB<br \/>\nDirectivit\u00e9: Omnidirectionnel<br \/>\nImp\u00e9dance: \u2264 2, 2 k\u03a9<br \/>\nTension de fonctionnement: 2.0 V<br \/>\nGamme de fr\u00e9quences: 100-16 KHZ<br \/>\nRapport Signal-bruit:> 60dB<br \/>\nUSB: 2.0 interface<\/p>","protected":false},"excerpt":{"rendered":"<p>\u00c9tat: 100% neuf Mati\u00e8re: M\u00e9tal Couleur: comme l&rsquo;image montr\u00e9e Mi crophones taille: diam\u00e8tre 6.0&#215;2.2mm haute sensibilit\u00e9 anti-parasitage mi core Sensibilit\u00e9:-32db \u00b1 1dB Directivit\u00e9: Omnidirectionnel Imp\u00e9dance: \u2264 2, 2 k\u03a9 Tension de fonctionnement: 2.0 V Gamme de fr\u00e9quences: 100-16 KHZ Rapport Signal-bruit:> 60dB USB: 2.0 interface<\/p>","protected":false},"featured_media":5520,"comment_status":"open","ping_status":"closed","template":"","meta":{"event_title":"","event_details":"","event_timezone":"","event_gmap":"","event_image":"","event_image_url":"","event_calendar_link":"","event_location":"","event_datetime_with_summary":"","event_datetime":"","event_date_type":"","event_rulesummary":"","event_ticket_rsvp":"","_gspb_post_css":""},"product_brand":[],"product_cat":[107,111],"product_tag":[],"class_list":{"0":"post-5521","1":"product","2":"type-product","3":"status-publish","4":"has-post-thumbnail","6":"product_cat-audio","7":"product_cat-microphones","9":"first","10":"instock","11":"sale","12":"shipping-taxable","13":"purchasable","14":"product-type-simple"},"jetpack_sharing_enabled":true,"_links":{"self":[{"href":"https:\/\/espacetechnologie.ma\/ar\/wp-json\/wp\/v2\/product\/5521","targetHints":{"allow":["GET"]}}],"collection":[{"href":"https:\/\/espacetechnologie.ma\/ar\/wp-json\/wp\/v2\/product"}],"about":[{"href":"https:\/\/espacetechnologie.ma\/ar\/wp-json\/wp\/v2\/types\/product"}],"replies":[{"embeddable":true,"href":"https:\/\/espacetechnologie.ma\/ar\/wp-json\/wp\/v2\/comments?post=5521"}],"wp:featuredmedia":[{"embeddable":true,"href":"https:\/\/espacetechnologie.ma\/ar\/wp-json\/wp\/v2\/media\/5520"}],"wp:attachment":[{"href":"https:\/\/espacetechnologie.ma\/ar\/wp-json\/wp\/v2\/media?parent=5521"}],"wp:term":[{"taxonomy":"product_brand","embeddable":true,"href":"https:\/\/espacetechnologie.ma\/ar\/wp-json\/wp\/v2\/product_brand?post=5521"},{"taxonomy":"product_cat","embeddable":true,"href":"https:\/\/espacetechnologie.ma\/ar\/wp-json\/wp\/v2\/product_cat?post=5521"},{"taxonomy":"product_tag","embeddable":true,"href":"https:\/\/espacetechnologie.ma\/ar\/wp-json\/wp\/v2\/product_tag?post=5521"}],"curies":[{"name":"wp","href":"https:\/\/api.w.org\/{rel}","templated":true}]}}