{"id":5488,"date":"2025-07-08T11:48:58","date_gmt":"2025-07-08T10:48:58","guid":{"rendered":"https:\/\/espacetechnologie.ma\/product\/%d8%b9%d8%ac%d9%84%d8%a9-%d9%82%d9%8a%d8%a7%d8%af%d8%a9-%d8%af%d9%88%d8%a7%d8%b1%d8%a9-%d9%84%d9%84%d8%b3%d9%8a%d8%a7%d8%b1%d8%a9-360\/"},"modified":"2025-08-03T07:28:39","modified_gmt":"2025-08-03T06:28:39","slug":"%d8%b9%d8%ac%d9%84%d8%a9-%d9%82%d9%8a%d8%a7%d8%af%d8%a9-%d8%af%d9%88%d8%a7%d8%b1%d8%a9-%d9%84%d9%84%d8%b3%d9%8a%d8%a7%d8%b1%d8%a9-360","status":"publish","type":"product","link":"https:\/\/espacetechnologie.ma\/ar\/product\/%d8%b9%d8%ac%d9%84%d8%a9-%d9%82%d9%8a%d8%a7%d8%af%d8%a9-%d8%af%d9%88%d8%a7%d8%b1%d8%a9-%d9%84%d9%84%d8%b3%d9%8a%d8%a7%d8%b1%d8%a9-360\/","title":{"rendered":"\u0639\u062c\u0644\u0629 \u0642\u064a\u0627\u062f\u0629 \u062f\u0648\u0627\u0631\u0629 \u0644\u0644\u0633\u064a\u0627\u0631\u0629 360"},"content":{"rendered":"<p>Facile \u00e0 installer et \u00e0 enlever<br \/>\n100% tout neuf et de haute qualit\u00e9<br \/>\nMat\u00e9riel: TPE + PP + ABS + Silicone<br \/>\nCouleur: noir (comme le montrent les \u00a0 \u00a0 \u00a0 \u00a0images)<br \/>\nDimension: 85* 55mm (environ)<\/p>","protected":false},"excerpt":{"rendered":"<p>Boule de bouton de suralimentation de volant de voiture boule de commande \u00e0 360 degr\u00e9s \u00e0 une main boule de commande de poign\u00e9e de style automatique Spinner coussin en caoutchouc<br \/>\nCaract\u00e9ristiques:<br \/>\n-\u00c9quip\u00e9 d&rsquo;un coussin en caoutchouc, super portable.<br \/>\n-La boule de puissance peut tourner \u00e0 360 degr\u00e9s, facile \u00e0 utiliser.<br \/>\n-Le processus d&rsquo;installation est super rapide et ne n\u00e9cessite aucun outil.<br \/>\n-Plus de levier et une r\u00e9ponse de rotation plus rapide, un travail de qualit\u00e9, un design d\u00e9licat et une qualit\u00e9 sup\u00e9rieure.<br \/>\n-Cet article est bien fait en mat\u00e9riau de premi\u00e8re qualit\u00e9 pour une utilisation durable et pratique. Avec la conception dynamique et sportive, ce produit permet de fournir le support indispensable pour contr\u00f4ler les volants de voiture en toute s\u00e9curit\u00e9, de mani\u00e8re pratique et efficace. Il peut \u00eatre utilis\u00e9 dans diff\u00e9rentes \u00e9paisseurs du volant.<\/p>\n<p>Sp\u00e9cifications:<br \/>\nTaille: 10x8cm (environ)<br \/>\nMat\u00e9riau: plastique + gel de silice<\/p>\n<p>Liste des paquets:<br \/>\n1 x rehausseur de volant<\/p>\n<p>Notes:<br \/>\n1. Mesure manuelle, veuillez permettre une erreur de 1 ~ 3mm, merci.<br \/>\n2. En raison de la diff\u00e9rence entre les diff\u00e9rents moniteurs, l&rsquo;image peut ne pas refl\u00e9ter la couleur r\u00e9elle de l&rsquo;article. Nous garantissons que le style est le m\u00eame que sur la photo.<\/p>","protected":false},"featured_media":5487,"comment_status":"open","ping_status":"closed","template":"","meta":{"event_title":"","event_details":"","event_timezone":"","event_gmap":"","event_image":"","event_image_url":"","event_calendar_link":"","event_location":"","event_datetime_with_summary":"","event_datetime":"","event_date_type":"","event_rulesummary":"","event_ticket_rsvp":"","_gspb_post_css":""},"product_brand":[],"product_cat":[114,113],"product_tag":[],"class_list":{"0":"post-5488","1":"product","2":"type-product","3":"status-publish","4":"has-post-thumbnail","6":"product_cat-accessoires-voiture","7":"product_cat-voiture-moto","9":"first","10":"instock","11":"sale","12":"shipping-taxable","13":"purchasable","14":"product-type-simple"},"jetpack_sharing_enabled":true,"_links":{"self":[{"href":"https:\/\/espacetechnologie.ma\/ar\/wp-json\/wp\/v2\/product\/5488","targetHints":{"allow":["GET"]}}],"collection":[{"href":"https:\/\/espacetechnologie.ma\/ar\/wp-json\/wp\/v2\/product"}],"about":[{"href":"https:\/\/espacetechnologie.ma\/ar\/wp-json\/wp\/v2\/types\/product"}],"replies":[{"embeddable":true,"href":"https:\/\/espacetechnologie.ma\/ar\/wp-json\/wp\/v2\/comments?post=5488"}],"wp:featuredmedia":[{"embeddable":true,"href":"https:\/\/espacetechnologie.ma\/ar\/wp-json\/wp\/v2\/media\/5487"}],"wp:attachment":[{"href":"https:\/\/espacetechnologie.ma\/ar\/wp-json\/wp\/v2\/media?parent=5488"}],"wp:term":[{"taxonomy":"product_brand","embeddable":true,"href":"https:\/\/espacetechnologie.ma\/ar\/wp-json\/wp\/v2\/product_brand?post=5488"},{"taxonomy":"product_cat","embeddable":true,"href":"https:\/\/espacetechnologie.ma\/ar\/wp-json\/wp\/v2\/product_cat?post=5488"},{"taxonomy":"product_tag","embeddable":true,"href":"https:\/\/espacetechnologie.ma\/ar\/wp-json\/wp\/v2\/product_tag?post=5488"}],"curies":[{"name":"wp","href":"https:\/\/api.w.org\/{rel}","templated":true}]}}