{"id":5481,"date":"2025-07-08T11:48:57","date_gmt":"2025-07-08T10:48:57","guid":{"rendered":"https:\/\/espacetechnologie.ma\/product\/bm-800-microphone-a-condensateur-avec-carte-son-externe-bluetooth\/"},"modified":"2025-08-02T13:28:57","modified_gmt":"2025-08-02T12:28:57","slug":"bm-800-microphone-a-condensateur-avec-carte-son-externe-bluetooth","status":"publish","type":"product","link":"https:\/\/espacetechnologie.ma\/ar\/product\/bm-800-microphone-a-condensateur-avec-carte-son-externe-bluetooth\/","title":{"rendered":"BM-800 Microphone \u00e0 condensateur avec carte son externe Bluetooth"},"content":{"rendered":"<p>Polarit\u00e9 mode: cardio\u00efde<br \/>\nPolarit\u00e9 mode: unidirectionnel<br \/>\nR\u00e9ponse en fr\u00e9quence: 20Hz-20KHz<br \/>\nSensibilit\u00e9:-34db \u00b1 2db (0db = 1 V\/PA)<br \/>\nImp\u00e9dance de sortie: 150 \u03a9 \u00b1 30% (\u00e0 1kHz)<br \/>\nSNR: 78 DB<br \/>\nTension Applicable: alimentation fant\u00f4me 48V<br \/>\nSortie Audio: 5mm x 3m<br \/>\nConsommation actuelle: 3mA<\/p>","protected":false},"excerpt":{"rendered":"<p>Bm 800 Micro Studio Kits D&rsquo;enregistrement bm800 Microphone \u00c0 Condensateur pour Ordinateur Alimentation fant\u00f4me bm-800 Karaok\u00e9 micro Carte Son<\/p>","protected":false},"featured_media":5480,"comment_status":"open","ping_status":"closed","template":"","meta":{"event_title":"","event_details":"","event_timezone":"","event_gmap":"","event_image":"","event_image_url":"","event_calendar_link":"","event_location":"","event_datetime_with_summary":"","event_datetime":"","event_date_type":"","event_rulesummary":"","event_ticket_rsvp":"","_gspb_post_css":""},"product_brand":[],"product_cat":[107,111],"product_tag":[],"class_list":{"0":"post-5481","1":"product","2":"type-product","3":"status-publish","4":"has-post-thumbnail","6":"product_cat-audio","7":"product_cat-microphones","9":"first","10":"instock","11":"sale","12":"shipping-taxable","13":"purchasable","14":"product-type-simple"},"jetpack_sharing_enabled":true,"_links":{"self":[{"href":"https:\/\/espacetechnologie.ma\/ar\/wp-json\/wp\/v2\/product\/5481","targetHints":{"allow":["GET"]}}],"collection":[{"href":"https:\/\/espacetechnologie.ma\/ar\/wp-json\/wp\/v2\/product"}],"about":[{"href":"https:\/\/espacetechnologie.ma\/ar\/wp-json\/wp\/v2\/types\/product"}],"replies":[{"embeddable":true,"href":"https:\/\/espacetechnologie.ma\/ar\/wp-json\/wp\/v2\/comments?post=5481"}],"wp:featuredmedia":[{"embeddable":true,"href":"https:\/\/espacetechnologie.ma\/ar\/wp-json\/wp\/v2\/media\/5480"}],"wp:attachment":[{"href":"https:\/\/espacetechnologie.ma\/ar\/wp-json\/wp\/v2\/media?parent=5481"}],"wp:term":[{"taxonomy":"product_brand","embeddable":true,"href":"https:\/\/espacetechnologie.ma\/ar\/wp-json\/wp\/v2\/product_brand?post=5481"},{"taxonomy":"product_cat","embeddable":true,"href":"https:\/\/espacetechnologie.ma\/ar\/wp-json\/wp\/v2\/product_cat?post=5481"},{"taxonomy":"product_tag","embeddable":true,"href":"https:\/\/espacetechnologie.ma\/ar\/wp-json\/wp\/v2\/product_tag?post=5481"}],"curies":[{"name":"wp","href":"https:\/\/api.w.org\/{rel}","templated":true}]}}