{"id":5464,"date":"2025-07-08T11:48:53","date_gmt":"2025-07-08T10:48:53","guid":{"rendered":"https:\/\/espacetechnologie.ma\/product\/%d8%af%d8%b9%d9%85-%d8%a7%d9%84%d9%85%d9%8a%d9%83%d8%b1%d9%88%d9%81%d9%88%d9%86-%d9%82%d8%a7%d8%b9%d8%af%d8%a9-%d8%b9%d8%a7%d9%84%d9%8a%d8%a9-%d8%a7%d9%84%d8%ac%d9%88%d8%af%d8%a9-%d8%a7%d9%84%d9%85\/"},"modified":"2025-08-03T07:49:58","modified_gmt":"2025-08-03T06:49:58","slug":"%d8%af%d8%b9%d9%85-%d8%a7%d9%84%d9%85%d9%8a%d9%83%d8%b1%d9%88%d9%81%d9%88%d9%86-%d9%82%d8%a7%d8%b9%d8%af%d8%a9-%d8%b9%d8%a7%d9%84%d9%8a%d8%a9-%d8%a7%d9%84%d8%ac%d9%88%d8%af%d8%a9-%d8%a7%d9%84%d9%85","status":"publish","type":"product","link":"https:\/\/espacetechnologie.ma\/ar\/product\/%d8%af%d8%b9%d9%85-%d8%a7%d9%84%d9%85%d9%8a%d9%83%d8%b1%d9%88%d9%81%d9%88%d9%86-%d9%82%d8%a7%d8%b9%d8%af%d8%a9-%d8%b9%d8%a7%d9%84%d9%8a%d8%a9-%d8%a7%d9%84%d8%ac%d9%88%d8%af%d8%a9-%d8%a7%d9%84%d9%85\/","title":{"rendered":"\u062f\u0639\u0645 \u0627\u0644\u0645\u064a\u0643\u0631\u0648\u0641\u0648\u0646 \u0642\u0627\u0639\u062f\u0629 \u0639\u0627\u0644\u064a\u0629 \u0627\u0644\u062c\u0648\u062f\u0629 \u0627\u0644\u0645\u0647\u0646\u064a\u0629 \u0642\u0627\u0628\u0644 \u0644\u0644\u062a\u0639\u062f\u064a\u0644"},"content":{"rendered":"<p>Mat\u00e9riau en laiton massif de haute qualit\u00e9<br \/>\nLa base est grande, ronde et lourde<br \/>\nTr\u00e8s robuste et durable<br \/>\nLe support du microphone est r\u00e9glable<\/p>","protected":false},"excerpt":{"rendered":"<p>Mat\u00e9riau en laiton massif de haute qualit\u00e9 La base est grande, ronde et lourde Tr\u00e8s robuste et durable Le support du microphone est r\u00e9glable<\/p>","protected":false},"featured_media":5463,"comment_status":"open","ping_status":"closed","template":"","meta":{"event_title":"","event_details":"","event_timezone":"","event_gmap":"","event_image":"","event_image_url":"","event_calendar_link":"","event_location":"","event_datetime_with_summary":"","event_datetime":"","event_date_type":"","event_rulesummary":"","event_ticket_rsvp":"","_gspb_post_css":""},"product_brand":[],"product_cat":[107,82,111],"product_tag":[],"class_list":{"0":"post-5464","1":"product","2":"type-product","3":"status-publish","4":"has-post-thumbnail","6":"product_cat-audio","7":"product_cat-gadgets","8":"product_cat-microphones","10":"first","11":"instock","12":"sale","13":"shipping-taxable","14":"purchasable","15":"product-type-simple"},"jetpack_sharing_enabled":true,"_links":{"self":[{"href":"https:\/\/espacetechnologie.ma\/ar\/wp-json\/wp\/v2\/product\/5464","targetHints":{"allow":["GET"]}}],"collection":[{"href":"https:\/\/espacetechnologie.ma\/ar\/wp-json\/wp\/v2\/product"}],"about":[{"href":"https:\/\/espacetechnologie.ma\/ar\/wp-json\/wp\/v2\/types\/product"}],"replies":[{"embeddable":true,"href":"https:\/\/espacetechnologie.ma\/ar\/wp-json\/wp\/v2\/comments?post=5464"}],"wp:featuredmedia":[{"embeddable":true,"href":"https:\/\/espacetechnologie.ma\/ar\/wp-json\/wp\/v2\/media\/5463"}],"wp:attachment":[{"href":"https:\/\/espacetechnologie.ma\/ar\/wp-json\/wp\/v2\/media?parent=5464"}],"wp:term":[{"taxonomy":"product_brand","embeddable":true,"href":"https:\/\/espacetechnologie.ma\/ar\/wp-json\/wp\/v2\/product_brand?post=5464"},{"taxonomy":"product_cat","embeddable":true,"href":"https:\/\/espacetechnologie.ma\/ar\/wp-json\/wp\/v2\/product_cat?post=5464"},{"taxonomy":"product_tag","embeddable":true,"href":"https:\/\/espacetechnologie.ma\/ar\/wp-json\/wp\/v2\/product_tag?post=5464"}],"curies":[{"name":"wp","href":"https:\/\/api.w.org\/{rel}","templated":true}]}}