{"id":5451,"date":"2025-07-08T11:48:51","date_gmt":"2025-07-08T10:48:51","guid":{"rendered":"https:\/\/espacetechnologie.ma\/product\/magnetic-%d9%83%d8%a7%d8%a8%d9%84-%d9%85%d8%ba%d9%86%d8%a7%d8%b7%d9%8a%d8%b3%d9%8a-%d9%84%d8%aa%d9%8a%d8%a8-%d8%b3-%d8%a7%d9%86%d8%af%d8%b1%d9%88%d9%8a%d8%af-%d8%a7%d8%a8%d9%84\/"},"modified":"2025-08-03T07:47:39","modified_gmt":"2025-08-03T06:47:39","slug":"magnetic-%d9%83%d8%a7%d8%a8%d9%84-%d9%85%d8%ba%d9%86%d8%a7%d8%b7%d9%8a%d8%b3%d9%8a-%d9%84%d8%aa%d9%8a%d8%a8-%d8%b3-%d8%a7%d9%86%d8%af%d8%b1%d9%88%d9%8a%d8%af-%d8%a7%d8%a8%d9%84","status":"publish","type":"product","link":"https:\/\/espacetechnologie.ma\/ar\/product\/magnetic-%d9%83%d8%a7%d8%a8%d9%84-%d9%85%d8%ba%d9%86%d8%a7%d8%b7%d9%8a%d8%b3%d9%8a-%d9%84%d8%aa%d9%8a%d8%a8-%d8%b3-%d8%a7%d9%86%d8%af%d8%b1%d9%88%d9%8a%d8%af-%d8%a7%d8%a8%d9%84\/","title":{"rendered":"Magnetic \u0643\u0627\u0628\u0644 \u0645\u063a\u0646\u0627\u0637\u064a\u0633\u064a \u0644\u062a\u064a\u0628 \u0633 + \u0627\u0646\u062f\u0631\u0648\u064a\u062f+ \u0627\u0628\u0644"},"content":{"rendered":"<p>Type : Chargeur magn\u00e9tique.<br \/>\nUtilisation: toutes Smartphones<br \/>\nPaquet: Oui<br \/>\nUtilisation: \u00a0micro USB et type C et 8 Pin \u00e0 chargement rapide<br \/>\nTr\u00e8s bonne Qualit\u00e9 et r\u00e9sistant.<br \/>\n1 x c\u00e2ble magn\u00e9tique<\/p>","protected":false},"excerpt":{"rendered":"<p>Type : Chargeur magn\u00e9tique. Utilisation: toutes Smartphones Paquet: Oui Utilisation: \u00a0micro USB et type C et 8 Pin \u00e0 chargement rapide Tr\u00e8s bonne Qualit\u00e9 et r\u00e9sistant. 1 x c\u00e2ble magn\u00e9tique<\/p>","protected":false},"featured_media":5450,"comment_status":"open","ping_status":"closed","template":"","meta":{"event_title":"","event_details":"","event_timezone":"","event_gmap":"","event_image":"","event_image_url":"","event_calendar_link":"","event_location":"","event_datetime_with_summary":"","event_datetime":"","event_date_type":"","event_rulesummary":"","event_ticket_rsvp":"","_gspb_post_css":""},"product_brand":[],"product_cat":[86,82,84],"product_tag":[],"class_list":{"0":"post-5451","1":"product","2":"type-product","3":"status-publish","4":"has-post-thumbnail","6":"product_cat-cables","7":"product_cat-gadgets","8":"product_cat-smartphone","10":"first","11":"instock","12":"sale","13":"shipping-taxable","14":"purchasable","15":"product-type-simple"},"jetpack_sharing_enabled":true,"_links":{"self":[{"href":"https:\/\/espacetechnologie.ma\/ar\/wp-json\/wp\/v2\/product\/5451","targetHints":{"allow":["GET"]}}],"collection":[{"href":"https:\/\/espacetechnologie.ma\/ar\/wp-json\/wp\/v2\/product"}],"about":[{"href":"https:\/\/espacetechnologie.ma\/ar\/wp-json\/wp\/v2\/types\/product"}],"replies":[{"embeddable":true,"href":"https:\/\/espacetechnologie.ma\/ar\/wp-json\/wp\/v2\/comments?post=5451"}],"wp:featuredmedia":[{"embeddable":true,"href":"https:\/\/espacetechnologie.ma\/ar\/wp-json\/wp\/v2\/media\/5450"}],"wp:attachment":[{"href":"https:\/\/espacetechnologie.ma\/ar\/wp-json\/wp\/v2\/media?parent=5451"}],"wp:term":[{"taxonomy":"product_brand","embeddable":true,"href":"https:\/\/espacetechnologie.ma\/ar\/wp-json\/wp\/v2\/product_brand?post=5451"},{"taxonomy":"product_cat","embeddable":true,"href":"https:\/\/espacetechnologie.ma\/ar\/wp-json\/wp\/v2\/product_cat?post=5451"},{"taxonomy":"product_tag","embeddable":true,"href":"https:\/\/espacetechnologie.ma\/ar\/wp-json\/wp\/v2\/product_tag?post=5451"}],"curies":[{"name":"wp","href":"https:\/\/api.w.org\/{rel}","templated":true}]}}