{"id":5429,"date":"2025-07-08T09:00:26","date_gmt":"2025-07-08T08:00:26","guid":{"rendered":"https:\/\/espacetechnologie.ma\/product\/support-chargeur-de-telephone-magnetique-sans-fil-15w\/"},"modified":"2025-08-02T16:11:43","modified_gmt":"2025-08-02T15:11:43","slug":"support-chargeur-de-telephone-magnetique-sans-fil-15w","status":"publish","type":"product","link":"https:\/\/espacetechnologie.ma\/ar\/product\/support-chargeur-de-telephone-magnetique-sans-fil-15w\/","title":{"rendered":"support chargeur de t\u00e9l\u00e9phone magn\u00e9tique sans fil 15W"},"content":{"rendered":"<p>Features:<br \/>\nMade of good quality materials, wear-resistant, and non<br \/>\ndeformation.<br \/>\nQuick to install and easy to use, installation will not hurt the car.<br \/>\nStrong stability: It can forensure that the phone will not fall even on bumpy roads. The built-in constant magnetic closed design will not affect the mobile phone signal.<br \/>\n360\u00b0 rotation: This wireless car charger offers you maximum flexibility. The spherical joint design enables continuous Angle adjustment, providing an forultimate comfortable experience.<br \/>\nThe 360\u00b0 rotation design enables you to flexibly place your smartphone vertically or horizontally for the best view and a safe driving experience.<br \/>\nUpgraded hook: The car phone stand with charging function adopts a brand-new upgraded metal hook, which is more stable than traditional clips. This sturdy structure ensures maximum durability and effectively prevents the support from slipping off even on bumpy roads. The adjustable hook can flexibly adapt to different depths of ventilation openings to forensure a firm grip.<br \/>\nUsage :Applicable to for iphone12, 13, 14 series, or used in conjunction with formagsafe magnetic phone cases. If the above conditions are not available, please attach the two metal rings we provided as gifts to the outside of the phone case, and this phone will then become a magnetic phone case<\/p>","protected":false},"excerpt":{"rendered":"<p>Part Name:Fast Charging<br \/>\nMaterial:Aluminum alloy + plastic<br \/>\nSize: As shown in the figure<br \/>\nColor:Deep Gray<br \/>\nHigh Universality Fitment: YES<\/p>","protected":false},"featured_media":5428,"comment_status":"open","ping_status":"closed","template":"","meta":{"event_title":"","event_details":"","event_timezone":"","event_gmap":"","event_image":"","event_image_url":"","event_calendar_link":"","event_location":"","event_datetime_with_summary":"","event_datetime":"","event_date_type":"","event_rulesummary":"","event_ticket_rsvp":"","_gspb_post_css":""},"product_brand":[],"product_cat":[114,85,88,84,113],"product_tag":[],"class_list":{"0":"post-5429","1":"product","2":"type-product","3":"status-publish","4":"has-post-thumbnail","6":"product_cat-accessoires-voiture","7":"product_cat-chargeurs-telephone","8":"product_cat-powerbank","9":"product_cat-smartphone","10":"product_cat-voiture-moto","12":"first","13":"instock","14":"sale","15":"shipping-taxable","16":"purchasable","17":"product-type-simple"},"jetpack_sharing_enabled":true,"_links":{"self":[{"href":"https:\/\/espacetechnologie.ma\/ar\/wp-json\/wp\/v2\/product\/5429","targetHints":{"allow":["GET"]}}],"collection":[{"href":"https:\/\/espacetechnologie.ma\/ar\/wp-json\/wp\/v2\/product"}],"about":[{"href":"https:\/\/espacetechnologie.ma\/ar\/wp-json\/wp\/v2\/types\/product"}],"replies":[{"embeddable":true,"href":"https:\/\/espacetechnologie.ma\/ar\/wp-json\/wp\/v2\/comments?post=5429"}],"wp:featuredmedia":[{"embeddable":true,"href":"https:\/\/espacetechnologie.ma\/ar\/wp-json\/wp\/v2\/media\/5428"}],"wp:attachment":[{"href":"https:\/\/espacetechnologie.ma\/ar\/wp-json\/wp\/v2\/media?parent=5429"}],"wp:term":[{"taxonomy":"product_brand","embeddable":true,"href":"https:\/\/espacetechnologie.ma\/ar\/wp-json\/wp\/v2\/product_brand?post=5429"},{"taxonomy":"product_cat","embeddable":true,"href":"https:\/\/espacetechnologie.ma\/ar\/wp-json\/wp\/v2\/product_cat?post=5429"},{"taxonomy":"product_tag","embeddable":true,"href":"https:\/\/espacetechnologie.ma\/ar\/wp-json\/wp\/v2\/product_tag?post=5429"}],"curies":[{"name":"wp","href":"https:\/\/api.w.org\/{rel}","templated":true}]}}