{"id":5415,"date":"2025-07-08T09:00:22","date_gmt":"2025-07-08T08:00:22","guid":{"rendered":"https:\/\/espacetechnologie.ma\/product\/lumiere-annulaire-rvb-et-stabilisateur-parfait-pour-la-photographie\/"},"modified":"2025-09-02T10:10:35","modified_gmt":"2025-09-02T09:10:35","slug":"lumiere-annulaire-rvb-et-stabilisateur-parfait-pour-la-photographie","status":"publish","type":"product","link":"https:\/\/espacetechnologie.ma\/ar\/product\/lumiere-annulaire-rvb-et-stabilisateur-parfait-pour-la-photographie\/","title":{"rendered":"lumi\u00e8re annulaire RVB et stabilisateur parfait pour la photographie"},"content":{"rendered":"<p>Model: YM200-RGB<br \/>\nbattery voltage: 7.4V<br \/>\nColor temperature: 2500K-8500K<br \/>\nInput voltage: 5V<br \/>\nInput current: 2V<\/p>","protected":false},"excerpt":{"rendered":"<p>YM200-RGB lumi\u00e8re circulaire portative 2500K-8500K rvb t\u00e9l\u00e9phone lumi\u00e8re LED en direct lumi\u00e8re portable rvb pour selfie enregistrement vid\u00e9o vlog<\/p>","protected":false},"featured_media":5414,"comment_status":"open","ping_status":"closed","template":"","meta":{"event_title":"","event_details":"","event_timezone":"","event_gmap":"","event_image":"","event_image_url":"","event_calendar_link":"","event_location":"","event_datetime_with_summary":"","event_datetime":"","event_date_type":"","event_rulesummary":"","event_ticket_rsvp":"","_gspb_post_css":""},"product_brand":[],"product_cat":[117,118,116],"product_tag":[],"class_list":{"0":"post-5415","1":"product","2":"type-product","3":"status-publish","4":"has-post-thumbnail","6":"product_cat-eclairage-et-ring-lights","7":"product_cat-stabilisateurs","8":"product_cat-studio","10":"first","11":"instock","12":"sale","13":"featured","14":"shipping-taxable","15":"purchasable","16":"product-type-simple"},"jetpack_sharing_enabled":true,"_links":{"self":[{"href":"https:\/\/espacetechnologie.ma\/ar\/wp-json\/wp\/v2\/product\/5415","targetHints":{"allow":["GET"]}}],"collection":[{"href":"https:\/\/espacetechnologie.ma\/ar\/wp-json\/wp\/v2\/product"}],"about":[{"href":"https:\/\/espacetechnologie.ma\/ar\/wp-json\/wp\/v2\/types\/product"}],"replies":[{"embeddable":true,"href":"https:\/\/espacetechnologie.ma\/ar\/wp-json\/wp\/v2\/comments?post=5415"}],"wp:featuredmedia":[{"embeddable":true,"href":"https:\/\/espacetechnologie.ma\/ar\/wp-json\/wp\/v2\/media\/5414"}],"wp:attachment":[{"href":"https:\/\/espacetechnologie.ma\/ar\/wp-json\/wp\/v2\/media?parent=5415"}],"wp:term":[{"taxonomy":"product_brand","embeddable":true,"href":"https:\/\/espacetechnologie.ma\/ar\/wp-json\/wp\/v2\/product_brand?post=5415"},{"taxonomy":"product_cat","embeddable":true,"href":"https:\/\/espacetechnologie.ma\/ar\/wp-json\/wp\/v2\/product_cat?post=5415"},{"taxonomy":"product_tag","embeddable":true,"href":"https:\/\/espacetechnologie.ma\/ar\/wp-json\/wp\/v2\/product_tag?post=5415"}],"curies":[{"name":"wp","href":"https:\/\/api.w.org\/{rel}","templated":true}]}}