{"id":5410,"date":"2025-07-08T09:00:21","date_gmt":"2025-07-08T08:00:21","guid":{"rendered":"https:\/\/espacetechnologie.ma\/product\/lumiere-annulaire-et-stabilisateur-parfait-pour-la-photographie\/"},"modified":"2025-09-02T10:11:14","modified_gmt":"2025-09-02T09:11:14","slug":"lumiere-annulaire-et-stabilisateur-parfait-pour-la-photographie","status":"publish","type":"product","link":"https:\/\/espacetechnologie.ma\/ar\/product\/lumiere-annulaire-et-stabilisateur-parfait-pour-la-photographie\/","title":{"rendered":"lumi\u00e8re annulaire et stabilisateur parfait pour la photographie"},"content":{"rendered":"<p>Model: YM200<br \/>\nPower : 20W<br \/>\nColor temperature: 2500K-8500K<br \/>\nInput voltage: 5V<br \/>\nInput current: 2V<\/p>","protected":false},"excerpt":{"rendered":"<p>YM200 lumi\u00e8re circulaire portative 2500K-8500K rvb t\u00e9l\u00e9phone lumi\u00e8re LED en direct lumi\u00e8re portable rvb pour selfie enregistrement vid\u00e9o vlog<\/p>","protected":false},"featured_media":5409,"comment_status":"open","ping_status":"closed","template":"","meta":{"event_title":"","event_details":"","event_timezone":"","event_gmap":"","event_image":"","event_image_url":"","event_calendar_link":"","event_location":"","event_datetime_with_summary":"","event_datetime":"","event_date_type":"","event_rulesummary":"","event_ticket_rsvp":"","_gspb_post_css":""},"product_brand":[],"product_cat":[117,118,116],"product_tag":[],"class_list":{"0":"post-5410","1":"product","2":"type-product","3":"status-publish","4":"has-post-thumbnail","6":"product_cat-eclairage-et-ring-lights","7":"product_cat-stabilisateurs","8":"product_cat-studio","10":"first","11":"instock","12":"sale","13":"shipping-taxable","14":"purchasable","15":"product-type-simple"},"jetpack_sharing_enabled":true,"_links":{"self":[{"href":"https:\/\/espacetechnologie.ma\/ar\/wp-json\/wp\/v2\/product\/5410","targetHints":{"allow":["GET"]}}],"collection":[{"href":"https:\/\/espacetechnologie.ma\/ar\/wp-json\/wp\/v2\/product"}],"about":[{"href":"https:\/\/espacetechnologie.ma\/ar\/wp-json\/wp\/v2\/types\/product"}],"replies":[{"embeddable":true,"href":"https:\/\/espacetechnologie.ma\/ar\/wp-json\/wp\/v2\/comments?post=5410"}],"wp:featuredmedia":[{"embeddable":true,"href":"https:\/\/espacetechnologie.ma\/ar\/wp-json\/wp\/v2\/media\/5409"}],"wp:attachment":[{"href":"https:\/\/espacetechnologie.ma\/ar\/wp-json\/wp\/v2\/media?parent=5410"}],"wp:term":[{"taxonomy":"product_brand","embeddable":true,"href":"https:\/\/espacetechnologie.ma\/ar\/wp-json\/wp\/v2\/product_brand?post=5410"},{"taxonomy":"product_cat","embeddable":true,"href":"https:\/\/espacetechnologie.ma\/ar\/wp-json\/wp\/v2\/product_cat?post=5410"},{"taxonomy":"product_tag","embeddable":true,"href":"https:\/\/espacetechnologie.ma\/ar\/wp-json\/wp\/v2\/product_tag?post=5410"}],"curies":[{"name":"wp","href":"https:\/\/api.w.org\/{rel}","templated":true}]}}