{"id":5404,"date":"2025-07-08T09:00:21","date_gmt":"2025-07-08T08:00:21","guid":{"rendered":"https:\/\/espacetechnologie.ma\/product\/support-de-tablette-de-voiture-pour-enfants-siege-arriere\/"},"modified":"2025-08-03T07:27:36","modified_gmt":"2025-08-03T06:27:36","slug":"support-de-tablette-de-voiture-pour-enfants-siege-arriere","status":"publish","type":"product","link":"https:\/\/espacetechnologie.ma\/ar\/product\/support-de-tablette-de-voiture-pour-enfants-siege-arriere\/","title":{"rendered":"Support de tablette de voiture pour enfants, si\u00e8ge arri\u00e8re"},"content":{"rendered":"<p>Type : Support de t\u00e9l\u00e9phone de dossier<br \/>\nMat\u00e9riau : alliage d&rsquo;aluminium<br \/>\nStyle : T\u00e9lescopique \/ Boucle<br \/>\nCouleur : Noir<br \/>\nQuantit\u00e9 : 1 Taille : comme montr\u00e9<br \/>\nPackage Included: support de t\u00e9l\u00e9phone pour dossier de si\u00e8ge : 1<\/p>","protected":false},"excerpt":{"rendered":"<p>Type : Support de t\u00e9l\u00e9phone de dossier Mat\u00e9riau : alliage d&rsquo;aluminium Style : T\u00e9lescopique \/ Boucle Couleur : Noir Quantit\u00e9 : 1 Taille : comme montr\u00e9 Package Included: support de t\u00e9l\u00e9phone pour dossier de si\u00e8ge : 1<\/p>","protected":false},"featured_media":5403,"comment_status":"open","ping_status":"closed","template":"","meta":{"event_title":"","event_details":"","event_timezone":"","event_gmap":"","event_image":"","event_image_url":"","event_calendar_link":"","event_location":"","event_datetime_with_summary":"","event_datetime":"","event_date_type":"","event_rulesummary":"","event_ticket_rsvp":"","_gspb_post_css":""},"product_brand":[],"product_cat":[114,113],"product_tag":[],"class_list":{"0":"post-5404","1":"product","2":"type-product","3":"status-publish","4":"has-post-thumbnail","6":"product_cat-accessoires-voiture","7":"product_cat-voiture-moto","9":"first","10":"instock","11":"sale","12":"shipping-taxable","13":"purchasable","14":"product-type-simple"},"jetpack_sharing_enabled":true,"_links":{"self":[{"href":"https:\/\/espacetechnologie.ma\/ar\/wp-json\/wp\/v2\/product\/5404","targetHints":{"allow":["GET"]}}],"collection":[{"href":"https:\/\/espacetechnologie.ma\/ar\/wp-json\/wp\/v2\/product"}],"about":[{"href":"https:\/\/espacetechnologie.ma\/ar\/wp-json\/wp\/v2\/types\/product"}],"replies":[{"embeddable":true,"href":"https:\/\/espacetechnologie.ma\/ar\/wp-json\/wp\/v2\/comments?post=5404"}],"wp:featuredmedia":[{"embeddable":true,"href":"https:\/\/espacetechnologie.ma\/ar\/wp-json\/wp\/v2\/media\/5403"}],"wp:attachment":[{"href":"https:\/\/espacetechnologie.ma\/ar\/wp-json\/wp\/v2\/media?parent=5404"}],"wp:term":[{"taxonomy":"product_brand","embeddable":true,"href":"https:\/\/espacetechnologie.ma\/ar\/wp-json\/wp\/v2\/product_brand?post=5404"},{"taxonomy":"product_cat","embeddable":true,"href":"https:\/\/espacetechnologie.ma\/ar\/wp-json\/wp\/v2\/product_cat?post=5404"},{"taxonomy":"product_tag","embeddable":true,"href":"https:\/\/espacetechnologie.ma\/ar\/wp-json\/wp\/v2\/product_tag?post=5404"}],"curies":[{"name":"wp","href":"https:\/\/api.w.org\/{rel}","templated":true}]}}