{"id":5397,"date":"2025-07-08T09:00:19","date_gmt":"2025-07-08T08:00:19","guid":{"rendered":"https:\/\/espacetechnologie.ma\/product\/top-case-en-alliage-daluminium-pour-moto-45l\/"},"modified":"2025-08-10T18:14:11","modified_gmt":"2025-08-10T17:14:11","slug":"top-case-en-alliage-daluminium-pour-moto-45l","status":"publish","type":"product","link":"https:\/\/espacetechnologie.ma\/ar\/product\/top-case-en-alliage-daluminium-pour-moto-45l\/","title":{"rendered":"TOP CASE en alliage d&rsquo;aluminium pour moto 45L"},"content":{"rendered":"<p>45Lbo\u00eetier sup\u00e9rieur universel bo\u00eete arri\u00e8re de moto coffre de rangement de bagages \u00e9tui rigide support arri\u00e8re verrouillable \u00e9tanche et Anti-Collision pour moto et Scooter<br \/>\nDescription :<br \/>\nS\u00e9lection de mat\u00e9riaux de haute qualit\u00e9 :<br \/>\nLa bo\u00eete de rangement pour moto est fabriqu\u00e9e en mat\u00e9riau<br \/>\nABS robuste, robuste et durable, a une bonne r\u00e9sistance \u00e0 l&rsquo;eau et \u00e0 la corrosion.<br \/>\net l&rsquo;int\u00e9rieur est \u00e9quip\u00e9 d&rsquo;une doublure amovible en coton isolant en PU, qui fournit une protection contre les tampons pour les bagages.<br \/>\nFonction : Etanche et amovible (Livr\u00e9 avec toutes les fixations requise pour s\u00e9curiser votre moto<br \/>\nTr\u00e8s id\u00e9al pour presque n&rsquo;importe quel support de moto<br \/>\n45L Taille : 41,5 cm * 36 cm * 32 cm (pour contenir un casque int\u00e9gral et des articles de voyage)<br \/>\n57LSize: 45 cm * 39 cm * 34 cm (pour contenir un casque int\u00e9gral et plus d&rsquo;articles de voyage)<br \/>\nPoids : 5,8 kg avec le meilleur pack<br \/>\nCouleur disponible : Noir &#038; Argent<br \/>\n1 x morceau de coffre de rangement pour bagages avec serrure de s\u00e9curit\u00e9<br \/>\n1 * Plaque de base de support incluse.<br \/>\n1 * coussin de dossier<br \/>\navec l&rsquo;int\u00e9rieur est \u00e9quip\u00e9 d&rsquo;une doublure isolante en coton<br \/>\nPU amovible<br \/>\navec des accessoires informatiques<\/p>","protected":false},"excerpt":{"rendered":"<p>45LSize: 45 cm * 39 cm * 34 cm (pour contenir un casque int\u00e9gral et plus d&rsquo;articles de voyage)<br \/>\nPoids : 5,8 kg avec le meilleur pack<br \/>\nCouleur disponible : Noir &#038; Argent<br \/>\n1 x morceau de coffre de rangement pour bagages avec serrure de s\u00e9curit\u00e9<br \/>\n1 * Plaque de base de support incluse.<br \/>\n1 * coussin de dossier<br \/>\navec l&rsquo;int\u00e9rieur est \u00e9quip\u00e9 d&rsquo;une doublure isolante en coton<br \/>\nPU amovible<br \/>\navec des accessoires informatiques<\/p>","protected":false},"featured_media":5396,"comment_status":"open","ping_status":"closed","template":"","meta":{"event_title":"","event_details":"","event_timezone":"","event_gmap":"","event_image":"","event_image_url":"","event_calendar_link":"","event_location":"","event_datetime_with_summary":"","event_datetime":"","event_date_type":"","event_rulesummary":"","event_ticket_rsvp":"","_gspb_post_css":""},"product_brand":[],"product_cat":[115,113],"product_tag":[],"class_list":{"0":"post-5397","1":"product","2":"type-product","3":"status-publish","4":"has-post-thumbnail","6":"product_cat-accessoires-moto","7":"product_cat-voiture-moto","9":"first","10":"instock","11":"sale","12":"shipping-taxable","13":"purchasable","14":"product-type-simple"},"jetpack_sharing_enabled":true,"_links":{"self":[{"href":"https:\/\/espacetechnologie.ma\/ar\/wp-json\/wp\/v2\/product\/5397","targetHints":{"allow":["GET"]}}],"collection":[{"href":"https:\/\/espacetechnologie.ma\/ar\/wp-json\/wp\/v2\/product"}],"about":[{"href":"https:\/\/espacetechnologie.ma\/ar\/wp-json\/wp\/v2\/types\/product"}],"replies":[{"embeddable":true,"href":"https:\/\/espacetechnologie.ma\/ar\/wp-json\/wp\/v2\/comments?post=5397"}],"wp:featuredmedia":[{"embeddable":true,"href":"https:\/\/espacetechnologie.ma\/ar\/wp-json\/wp\/v2\/media\/5396"}],"wp:attachment":[{"href":"https:\/\/espacetechnologie.ma\/ar\/wp-json\/wp\/v2\/media?parent=5397"}],"wp:term":[{"taxonomy":"product_brand","embeddable":true,"href":"https:\/\/espacetechnologie.ma\/ar\/wp-json\/wp\/v2\/product_brand?post=5397"},{"taxonomy":"product_cat","embeddable":true,"href":"https:\/\/espacetechnologie.ma\/ar\/wp-json\/wp\/v2\/product_cat?post=5397"},{"taxonomy":"product_tag","embeddable":true,"href":"https:\/\/espacetechnologie.ma\/ar\/wp-json\/wp\/v2\/product_tag?post=5397"}],"curies":[{"name":"wp","href":"https:\/\/api.w.org\/{rel}","templated":true}]}}