{"id":5362,"date":"2025-07-08T09:00:12","date_gmt":"2025-07-08T08:00:12","guid":{"rendered":"https:\/\/espacetechnologie.ma\/product\/imprimante-thermique-de-poche-pour-photos-de-style-retro-etiquette-autocollante\/"},"modified":"2025-10-23T00:18:06","modified_gmt":"2025-10-22T23:18:06","slug":"imprimante-thermique-de-poche-pour-photos-de-style-retro-etiquette-autocollante","status":"publish","type":"product","link":"https:\/\/espacetechnologie.ma\/ar\/product\/imprimante-thermique-de-poche-pour-photos-de-style-retro-etiquette-autocollante\/","title":{"rendered":"Imprimante thermique de poche pour Photos de style r\u00e9tro, \u00e9tiquette autocollante"},"content":{"rendered":"<p>APP: t\u00e9l\u00e9chargement andro\u00efde<br \/>\nGoogle Market<br \/>\nIOS t\u00e9l\u00e9charger<br \/>\nRemarque :<br \/>\n1. Pour relier l&rsquo;imprimante au t\u00e9l\u00e9phone portable, vous devez une premi\u00e8re mise en page Bluetooth et localiser.<br \/>\nAlimentation: batterie au lithium int\u00e9gr\u00e9e de 1000 mAh<br \/>\nPort de chargement: 5V-MicroUSB<br \/>\nR\u00e9solution : 203 dpi<br \/>\nM\u00e9thode d&rsquo;impression : impression thermique\/sans encre<br \/>\nM\u00e9thode de d\u00e9veloppement: noir et blanc<br \/>\nSp\u00e9cifications des consommables : 57 * 30 mm<br \/>\nMode r\u00e9seau : Bluetooth BLE4.0<br \/>\nImprimer des m\u00e9dias : papier thermique<br \/>\nSyst\u00e8me de prise en charge : IOS, Android<br \/>\nImpression r\u00e9seau : prise en charge<br \/>\nUtiles: impression d&rsquo;\u00e9tiquettes, impression de titre mauvais, impression de photos, impression de livre d&rsquo;images DIY<br \/>\nFormat d&rsquo;impression : 57 mm<\/p>","protected":false},"excerpt":{"rendered":"<p>M\u00e9thode d&rsquo;impression : impression thermique\/sans encre<br \/>\nM\u00e9thode de d\u00e9veloppement: noir et blanc<br \/>\nSp\u00e9cifications des consommables : 57 * 30 mm<br \/>\nMode r\u00e9seau : Bluetooth BLE4.0<br \/>\nImprimer des m\u00e9dias : papier thermique<br \/>\nSyst\u00e8me de prise en charge : IOS, Android<br \/>\nImpression r\u00e9seau : prise en charge<br \/>\nUtiles: impression d&rsquo;\u00e9tiquettes, impression de titre mauvais, impression de photos, impression de livre d&rsquo;images DIY<br \/>\nFormat d&rsquo;impression : 57 mm<\/p>","protected":false},"featured_media":5361,"comment_status":"open","ping_status":"closed","template":"","meta":{"event_title":"","event_details":"","event_timezone":"","event_gmap":"","event_image":"","event_image_url":"","event_calendar_link":"","event_location":"","event_datetime_with_summary":"","event_datetime":"","event_date_type":"","event_rulesummary":"","event_ticket_rsvp":"","_gspb_post_css":""},"product_brand":[],"product_cat":[82],"product_tag":[],"class_list":{"0":"post-5362","1":"product","2":"type-product","3":"status-publish","4":"has-post-thumbnail","6":"product_cat-gadgets","8":"first","9":"instock","10":"sale","11":"featured","12":"shipping-taxable","13":"purchasable","14":"product-type-simple"},"jetpack_sharing_enabled":true,"_links":{"self":[{"href":"https:\/\/espacetechnologie.ma\/ar\/wp-json\/wp\/v2\/product\/5362","targetHints":{"allow":["GET"]}}],"collection":[{"href":"https:\/\/espacetechnologie.ma\/ar\/wp-json\/wp\/v2\/product"}],"about":[{"href":"https:\/\/espacetechnologie.ma\/ar\/wp-json\/wp\/v2\/types\/product"}],"replies":[{"embeddable":true,"href":"https:\/\/espacetechnologie.ma\/ar\/wp-json\/wp\/v2\/comments?post=5362"}],"wp:featuredmedia":[{"embeddable":true,"href":"https:\/\/espacetechnologie.ma\/ar\/wp-json\/wp\/v2\/media\/5361"}],"wp:attachment":[{"href":"https:\/\/espacetechnologie.ma\/ar\/wp-json\/wp\/v2\/media?parent=5362"}],"wp:term":[{"taxonomy":"product_brand","embeddable":true,"href":"https:\/\/espacetechnologie.ma\/ar\/wp-json\/wp\/v2\/product_brand?post=5362"},{"taxonomy":"product_cat","embeddable":true,"href":"https:\/\/espacetechnologie.ma\/ar\/wp-json\/wp\/v2\/product_cat?post=5362"},{"taxonomy":"product_tag","embeddable":true,"href":"https:\/\/espacetechnologie.ma\/ar\/wp-json\/wp\/v2\/product_tag?post=5362"}],"curies":[{"name":"wp","href":"https:\/\/api.w.org\/{rel}","templated":true}]}}