{"id":5345,"date":"2025-07-08T09:00:09","date_gmt":"2025-07-08T08:00:09","guid":{"rendered":"https:\/\/espacetechnologie.ma\/product\/support-magnetique-de-telephone-portable-a-ventouse-rotatif-a-360-degres\/"},"modified":"2025-08-03T07:15:38","modified_gmt":"2025-08-03T06:15:38","slug":"support-magnetique-de-telephone-portable-a-ventouse-rotatif-a-360-degres","status":"publish","type":"product","link":"https:\/\/espacetechnologie.ma\/ar\/product\/support-magnetique-de-telephone-portable-a-ventouse-rotatif-a-360-degres\/","title":{"rendered":"Support magn\u00e9tique de t\u00e9l\u00e9phone portable  \u00e0 ventouse rotatif \u00e0 360 degr\u00e9s"},"content":{"rendered":"<p>Nom: Support de voiture magn\u00e9tique<br \/>\nCouleur: Noir<br \/>\nMat\u00e9riel : ABS + PC<br \/>\nTaille du produit : Diam\u00e8tre : environ 5,9 cm\/2,32 poucesHauteur: environ 4,3 cm\/1,69 pouces<br \/>\n1 * Support de voiture magn\u00e9tique<\/p>","protected":false},"excerpt":{"rendered":"<p>Nom: Support de voiture magn\u00e9tique Couleur: Noir Mat\u00e9riel : ABS + PC Taille du produit : Diam\u00e8tre : environ 5,9 cm\/2,32 poucesHauteur: environ 4,3 cm\/1,69 pouces 1 * Support de voiture magn\u00e9tique<\/p>","protected":false},"featured_media":5344,"comment_status":"open","ping_status":"closed","template":"","meta":{"event_title":"","event_details":"","event_timezone":"","event_gmap":"","event_image":"","event_image_url":"","event_calendar_link":"","event_location":"","event_datetime_with_summary":"","event_datetime":"","event_date_type":"","event_rulesummary":"","event_ticket_rsvp":"","_gspb_post_css":""},"product_brand":[],"product_cat":[114,90,84,113],"product_tag":[],"class_list":{"0":"post-5345","1":"product","2":"type-product","3":"status-publish","4":"has-post-thumbnail","6":"product_cat-accessoires-voiture","7":"product_cat-autres-accessoires-smartphone","8":"product_cat-smartphone","9":"product_cat-voiture-moto","11":"first","12":"instock","13":"sale","14":"shipping-taxable","15":"purchasable","16":"product-type-simple"},"jetpack_sharing_enabled":true,"_links":{"self":[{"href":"https:\/\/espacetechnologie.ma\/ar\/wp-json\/wp\/v2\/product\/5345","targetHints":{"allow":["GET"]}}],"collection":[{"href":"https:\/\/espacetechnologie.ma\/ar\/wp-json\/wp\/v2\/product"}],"about":[{"href":"https:\/\/espacetechnologie.ma\/ar\/wp-json\/wp\/v2\/types\/product"}],"replies":[{"embeddable":true,"href":"https:\/\/espacetechnologie.ma\/ar\/wp-json\/wp\/v2\/comments?post=5345"}],"wp:featuredmedia":[{"embeddable":true,"href":"https:\/\/espacetechnologie.ma\/ar\/wp-json\/wp\/v2\/media\/5344"}],"wp:attachment":[{"href":"https:\/\/espacetechnologie.ma\/ar\/wp-json\/wp\/v2\/media?parent=5345"}],"wp:term":[{"taxonomy":"product_brand","embeddable":true,"href":"https:\/\/espacetechnologie.ma\/ar\/wp-json\/wp\/v2\/product_brand?post=5345"},{"taxonomy":"product_cat","embeddable":true,"href":"https:\/\/espacetechnologie.ma\/ar\/wp-json\/wp\/v2\/product_cat?post=5345"},{"taxonomy":"product_tag","embeddable":true,"href":"https:\/\/espacetechnologie.ma\/ar\/wp-json\/wp\/v2\/product_tag?post=5345"}],"curies":[{"name":"wp","href":"https:\/\/api.w.org\/{rel}","templated":true}]}}