{"id":5334,"date":"2025-07-08T09:00:06","date_gmt":"2025-07-08T08:00:06","guid":{"rendered":"https:\/\/espacetechnologie.ma\/product\/zhiyun-stabilisateur-de-telephone-portable-trois-axes-gyroscope-amortissement\/"},"modified":"2025-08-06T19:27:05","modified_gmt":"2025-08-06T18:27:05","slug":"zhiyun-stabilisateur-de-telephone-portable-trois-axes-gyroscope-amortissement","status":"publish","type":"product","link":"https:\/\/espacetechnologie.ma\/ar\/product\/zhiyun-stabilisateur-de-telephone-portable-trois-axes-gyroscope-amortissement\/","title":{"rendered":"Zhiyun stabilisateur de t\u00e9l\u00e9phone portable trois axes gyroscope amortissement"},"content":{"rendered":"<p>Taille nue du produit: 311*168*52mm<br \/>\nPoids du produit (y compris tr\u00e9pied) : 625g<br \/>\n\u00c9paisseur du t\u00e9l\u00e9phone portable appropri\u00e9 : \u008b10 mm<br \/>\nPoids de charge : 150g-300g<br \/>\nGamme m\u00e9canique de mouvement de l&rsquo;axe inclinable : 349<br \/>\nGamme m\u00e9canique de mouvement de l&rsquo;axe de rouleau horizontal : 349\u00b0 .<br \/>\nGamme m\u00e9canique de mouvement de l&rsquo;axe de t\u00eate : 360 \u00b0<br \/>\nCapacit\u00e9 de la batterie : 2600 mAh<br \/>\nCourant de fonctionnement: 70mA-3000mA<br \/>\nTension de fonctionnement: 6,5 V-8,4 V<br \/>\nCourant\/tension de sortie: 1A\/5V<br \/>\nTemps d&rsquo;endurance : 2H20min-26H<br \/>\nTemps de charge: 2H-3,5H<br \/>\nPlage de temp\u00e9rature de fonctionnement : -10 \u00b0 C-45 \u00b0 C<br \/>\nCourse de serrage: 50 mm-90 mm<\/p>","protected":false},"excerpt":{"rendered":"<p>Taille nue du produit: 311*168*52mm Poids du produit (y compris tr\u00e9pied) : 625g \u00c9paisseur du t\u00e9l\u00e9phone portable appropri\u00e9 : \u008b10 mm Poids de charge : 150g-300g Gamme m\u00e9canique de mouvement de l&rsquo;axe inclinable : 349 Gamme m\u00e9canique de mouvement de l&rsquo;axe de rouleau horizontal : 349\u00b0 . Gamme m\u00e9canique de mouvement de l&rsquo;axe de t\u00eate [&hellip;]<\/p>\n","protected":false},"featured_media":5333,"comment_status":"open","ping_status":"closed","template":"","meta":{"event_title":"","event_details":"","event_timezone":"","event_gmap":"","event_image":"","event_image_url":"","event_calendar_link":"","event_location":"","event_datetime_with_summary":"","event_datetime":"","event_date_type":"","event_rulesummary":"","event_ticket_rsvp":"","_gspb_post_css":""},"product_brand":[],"product_cat":[118,116],"product_tag":[],"class_list":{"0":"post-5334","1":"product","2":"type-product","3":"status-publish","4":"has-post-thumbnail","6":"product_cat-stabilisateurs","7":"product_cat-studio","9":"first","10":"instock","11":"sale","12":"featured","13":"shipping-taxable","14":"purchasable","15":"product-type-simple"},"jetpack_sharing_enabled":true,"_links":{"self":[{"href":"https:\/\/espacetechnologie.ma\/ar\/wp-json\/wp\/v2\/product\/5334","targetHints":{"allow":["GET"]}}],"collection":[{"href":"https:\/\/espacetechnologie.ma\/ar\/wp-json\/wp\/v2\/product"}],"about":[{"href":"https:\/\/espacetechnologie.ma\/ar\/wp-json\/wp\/v2\/types\/product"}],"replies":[{"embeddable":true,"href":"https:\/\/espacetechnologie.ma\/ar\/wp-json\/wp\/v2\/comments?post=5334"}],"wp:featuredmedia":[{"embeddable":true,"href":"https:\/\/espacetechnologie.ma\/ar\/wp-json\/wp\/v2\/media\/5333"}],"wp:attachment":[{"href":"https:\/\/espacetechnologie.ma\/ar\/wp-json\/wp\/v2\/media?parent=5334"}],"wp:term":[{"taxonomy":"product_brand","embeddable":true,"href":"https:\/\/espacetechnologie.ma\/ar\/wp-json\/wp\/v2\/product_brand?post=5334"},{"taxonomy":"product_cat","embeddable":true,"href":"https:\/\/espacetechnologie.ma\/ar\/wp-json\/wp\/v2\/product_cat?post=5334"},{"taxonomy":"product_tag","embeddable":true,"href":"https:\/\/espacetechnologie.ma\/ar\/wp-json\/wp\/v2\/product_tag?post=5334"}],"curies":[{"name":"wp","href":"https:\/\/api.w.org\/{rel}","templated":true}]}}