{"id":5323,"date":"2025-07-08T09:00:04","date_gmt":"2025-07-08T08:00:04","guid":{"rendered":"https:\/\/espacetechnologie.ma\/product\/joko-powerbank-magsafe-wireless-magnetic-10000mah-pd22-5w-fast-charging\/"},"modified":"2025-08-02T14:51:39","modified_gmt":"2025-08-02T13:51:39","slug":"joko-powerbank-magsafe-wireless-magnetic-10000mah-pd22-5w-fast-charging","status":"publish","type":"product","link":"https:\/\/espacetechnologie.ma\/ar\/product\/joko-powerbank-magsafe-wireless-magnetic-10000mah-pd22-5w-fast-charging\/","title":{"rendered":"Joko Powerbank Magsafe Wireless Magnetic 10000mah PD22.5W Fast charging"},"content":{"rendered":"<p>Batterie externe sans fil QI + charge rapide<br \/>\n\u0095 Charge sans fil 15\u00a0W<br \/>\n\u0095 PD+QC 3.0<br \/>\n\u0095 C\u00e2bles Type-C et Lightning int\u00e9gr\u00e9s<\/p>","protected":false},"excerpt":{"rendered":"<p>\u0095 Capacit\u00e9\u00a0: 10\u00a0000\u00a0mAh<br \/>\n\u0095 Puissance de sortie\u00a0: 22,5\u00a0W<br \/>\n\u0095 Puissance de sortie maximale\u00a0: 3\u00a0A<br \/>\n\u0095 Dimensions\u00a0: 117\u00a0x\u00a073\u00a0x\u00a025,6\u00a0mm<br \/>\n\u0095 Poids\u00a0: 200\u00a0g<\/p>","protected":false},"featured_media":5322,"comment_status":"open","ping_status":"closed","template":"","meta":{"event_title":"","event_details":"","event_timezone":"","event_gmap":"","event_image":"","event_image_url":"","event_calendar_link":"","event_location":"","event_datetime_with_summary":"","event_datetime":"","event_date_type":"","event_rulesummary":"","event_ticket_rsvp":"","_gspb_post_css":""},"product_brand":[],"product_cat":[88,84],"product_tag":[],"class_list":{"0":"post-5323","1":"product","2":"type-product","3":"status-publish","4":"has-post-thumbnail","6":"product_cat-powerbank","7":"product_cat-smartphone","9":"first","10":"instock","11":"sale","12":"shipping-taxable","13":"purchasable","14":"product-type-simple"},"jetpack_sharing_enabled":true,"_links":{"self":[{"href":"https:\/\/espacetechnologie.ma\/ar\/wp-json\/wp\/v2\/product\/5323","targetHints":{"allow":["GET"]}}],"collection":[{"href":"https:\/\/espacetechnologie.ma\/ar\/wp-json\/wp\/v2\/product"}],"about":[{"href":"https:\/\/espacetechnologie.ma\/ar\/wp-json\/wp\/v2\/types\/product"}],"replies":[{"embeddable":true,"href":"https:\/\/espacetechnologie.ma\/ar\/wp-json\/wp\/v2\/comments?post=5323"}],"wp:featuredmedia":[{"embeddable":true,"href":"https:\/\/espacetechnologie.ma\/ar\/wp-json\/wp\/v2\/media\/5322"}],"wp:attachment":[{"href":"https:\/\/espacetechnologie.ma\/ar\/wp-json\/wp\/v2\/media?parent=5323"}],"wp:term":[{"taxonomy":"product_brand","embeddable":true,"href":"https:\/\/espacetechnologie.ma\/ar\/wp-json\/wp\/v2\/product_brand?post=5323"},{"taxonomy":"product_cat","embeddable":true,"href":"https:\/\/espacetechnologie.ma\/ar\/wp-json\/wp\/v2\/product_cat?post=5323"},{"taxonomy":"product_tag","embeddable":true,"href":"https:\/\/espacetechnologie.ma\/ar\/wp-json\/wp\/v2\/product_tag?post=5323"}],"curies":[{"name":"wp","href":"https:\/\/api.w.org\/{rel}","templated":true}]}}