{"id":5310,"date":"2025-07-08T09:00:02","date_gmt":"2025-07-08T08:00:02","guid":{"rendered":"https:\/\/espacetechnologie.ma\/product\/humidificateur-dair-en-forme-dampoule-avec-lumiere-led-brumisateur-daromatherapie-pour-le-bureau-a-domicile\/"},"modified":"2025-08-03T07:29:24","modified_gmt":"2025-08-03T06:29:24","slug":"humidificateur-dair-en-forme-dampoule-avec-lumiere-led-brumisateur-daromatherapie-pour-le-bureau-a-domicile","status":"publish","type":"product","link":"https:\/\/espacetechnologie.ma\/ar\/product\/humidificateur-dair-en-forme-dampoule-avec-lumiere-led-brumisateur-daromatherapie-pour-le-bureau-a-domicile\/","title":{"rendered":"humidificateur d&rsquo;air en forme d&rsquo;ampoule avec lumi\u00e8re LED, brumisateur d&rsquo;aromath\u00e9rapie pour le bureau \u00e0 domicile"},"content":{"rendered":"<p>Tension: DC5V<br \/>\nPuissance 2.5W<br \/>\nVitesse de travail: 30 ml\/h<br \/>\nMat\u00e9riel ABS + PP + gel de silice<\/p>","protected":false},"excerpt":{"rendered":"<p>Tension: DC5V Puissance 2.5W Vitesse de travail: 30 ml\/h Mat\u00e9riel ABS + PP + gel de silice<\/p>","protected":false},"featured_media":5309,"comment_status":"open","ping_status":"closed","template":"","meta":{"event_title":"","event_details":"","event_timezone":"","event_gmap":"","event_image":"","event_image_url":"","event_calendar_link":"","event_location":"","event_datetime_with_summary":"","event_datetime":"","event_date_type":"","event_rulesummary":"","event_ticket_rsvp":"","_gspb_post_css":""},"product_brand":[],"product_cat":[82,130],"product_tag":[],"class_list":{"0":"post-5310","1":"product","2":"type-product","3":"status-publish","4":"has-post-thumbnail","6":"product_cat-gadgets","7":"product_cat-maison","9":"first","10":"instock","11":"sale","12":"shipping-taxable","13":"purchasable","14":"product-type-simple"},"jetpack_sharing_enabled":true,"_links":{"self":[{"href":"https:\/\/espacetechnologie.ma\/ar\/wp-json\/wp\/v2\/product\/5310","targetHints":{"allow":["GET"]}}],"collection":[{"href":"https:\/\/espacetechnologie.ma\/ar\/wp-json\/wp\/v2\/product"}],"about":[{"href":"https:\/\/espacetechnologie.ma\/ar\/wp-json\/wp\/v2\/types\/product"}],"replies":[{"embeddable":true,"href":"https:\/\/espacetechnologie.ma\/ar\/wp-json\/wp\/v2\/comments?post=5310"}],"wp:featuredmedia":[{"embeddable":true,"href":"https:\/\/espacetechnologie.ma\/ar\/wp-json\/wp\/v2\/media\/5309"}],"wp:attachment":[{"href":"https:\/\/espacetechnologie.ma\/ar\/wp-json\/wp\/v2\/media?parent=5310"}],"wp:term":[{"taxonomy":"product_brand","embeddable":true,"href":"https:\/\/espacetechnologie.ma\/ar\/wp-json\/wp\/v2\/product_brand?post=5310"},{"taxonomy":"product_cat","embeddable":true,"href":"https:\/\/espacetechnologie.ma\/ar\/wp-json\/wp\/v2\/product_cat?post=5310"},{"taxonomy":"product_tag","embeddable":true,"href":"https:\/\/espacetechnologie.ma\/ar\/wp-json\/wp\/v2\/product_tag?post=5310"}],"curies":[{"name":"wp","href":"https:\/\/api.w.org\/{rel}","templated":true}]}}