{"id":5293,"date":"2025-07-08T08:59:59","date_gmt":"2025-07-08T07:59:59","guid":{"rendered":"https:\/\/espacetechnologie.ma\/product\/machine-de-soudure-par-points-de-batterie-au-lithium\/"},"modified":"2025-08-02T13:00:17","modified_gmt":"2025-08-02T12:00:17","slug":"machine-de-soudure-par-points-de-batterie-au-lithium","status":"publish","type":"product","link":"https:\/\/espacetechnologie.ma\/ar\/product\/machine-de-soudure-par-points-de-batterie-au-lithium\/","title":{"rendered":"Machine de soudure par points de batterie au lithium"},"content":{"rendered":"<p>Mod\u00e8le: 737G (110 Tension, style prise am\u00e9ricaine)<br \/>\nEpaisseur de soudage d&rsquo;acier nickel\u00e9 : 0,2 mm \u00c9paisseur de soudage du nickel pur : 0,15 mm<br \/>\nS\u00e9lection de quantit\u00e9 d&rsquo;impulsion: 1-2<br \/>\nChaque temps d&rsquo;impulsion : 5m<br \/>\nMax. courant de soudage : 800A<br \/>\n\u00c9cran LCD \u00e0 impulsion : Y<br \/>\nEcran LCD actuel : Y<br \/>\nLumi\u00e8re LED : Y<br \/>\nAjusteur de pression : Y<br \/>\nListe d&#8217;emballage<br \/>\nMachine principale : 1 pi\u00e8ce<br \/>\nTiges de soudage en cuivre : 2 paires<br \/>\nFixation de batterie (6 sections) : 1 pi\u00e8ce<br \/>\nP\u00e9dale : 1 pi\u00e8ce<br \/>\nFusible (30A): 2 pi\u00e8ces<br \/>\nCl\u00e9 hexagonale : 1 pi\u00e8ce<br \/>\n0,15x5x100mm (bande nickel\u00e9e) : 30 pi\u00e8ces<br \/>\n0,1x4x100mm (bande nickel\u00e9e) : 30 pi\u00e8ces<br \/>\nDimension du produit (LxWxH, pouces) : 9,1&#215;5,5&#215;7,9<br \/>\nPoids net (Ibs): 9,6<\/p>","protected":false},"excerpt":{"rendered":"<p>737G est \u00e9quip\u00e9 d&rsquo;une s\u00e9lection de mode \u00e0 double impulsion et un r\u00e9glage du niveau de courant 0 ~ 99, qui permet la machine pour souder une bande de nickel de 0,03 ~ 0,15 mm d&rsquo;\u00e9paisseur (0,12 mm pour un nickel pur), constituez des points plus fiables. La combinaison de t\u00eates de soudage fixes et de p\u00e9dales r\u00e9pondont \u00e0 diff\u00e9rents exigences de soudage des utilisateurs.<br \/>\nCe dispositif de soudage par points convient \u00e0 la construction de petits batteries au lithium.<br \/>\n(Ce mod\u00e8le est uniquement disponible pour les clients am\u00e9ricains.)<br \/>\nManuel officiel<br \/>\nD\u00e9tail technique (Y\u00e8s : Y)<br \/>\nPi\u00e8ce de soudage<\/p>","protected":false},"featured_media":5292,"comment_status":"open","ping_status":"closed","template":"","meta":{"event_title":"","event_details":"","event_timezone":"","event_gmap":"","event_image":"","event_image_url":"","event_calendar_link":"","event_location":"","event_datetime_with_summary":"","event_datetime":"","event_date_type":"","event_rulesummary":"","event_ticket_rsvp":"","_gspb_post_css":""},"product_brand":[],"product_cat":[82],"product_tag":[],"class_list":{"0":"post-5293","1":"product","2":"type-product","3":"status-publish","4":"has-post-thumbnail","6":"product_cat-gadgets","8":"first","9":"instock","10":"sale","11":"shipping-taxable","12":"purchasable","13":"product-type-simple"},"jetpack_sharing_enabled":true,"_links":{"self":[{"href":"https:\/\/espacetechnologie.ma\/ar\/wp-json\/wp\/v2\/product\/5293","targetHints":{"allow":["GET"]}}],"collection":[{"href":"https:\/\/espacetechnologie.ma\/ar\/wp-json\/wp\/v2\/product"}],"about":[{"href":"https:\/\/espacetechnologie.ma\/ar\/wp-json\/wp\/v2\/types\/product"}],"replies":[{"embeddable":true,"href":"https:\/\/espacetechnologie.ma\/ar\/wp-json\/wp\/v2\/comments?post=5293"}],"wp:featuredmedia":[{"embeddable":true,"href":"https:\/\/espacetechnologie.ma\/ar\/wp-json\/wp\/v2\/media\/5292"}],"wp:attachment":[{"href":"https:\/\/espacetechnologie.ma\/ar\/wp-json\/wp\/v2\/media?parent=5293"}],"wp:term":[{"taxonomy":"product_brand","embeddable":true,"href":"https:\/\/espacetechnologie.ma\/ar\/wp-json\/wp\/v2\/product_brand?post=5293"},{"taxonomy":"product_cat","embeddable":true,"href":"https:\/\/espacetechnologie.ma\/ar\/wp-json\/wp\/v2\/product_cat?post=5293"},{"taxonomy":"product_tag","embeddable":true,"href":"https:\/\/espacetechnologie.ma\/ar\/wp-json\/wp\/v2\/product_tag?post=5293"}],"curies":[{"name":"wp","href":"https:\/\/api.w.org\/{rel}","templated":true}]}}