{"id":5287,"date":"2025-07-08T08:59:57","date_gmt":"2025-07-08T07:59:57","guid":{"rendered":"https:\/\/espacetechnologie.ma\/product\/vidvie-support-de-tablette-de-voiture-pour-enfants-siege-arriere\/"},"modified":"2025-08-02T16:16:48","modified_gmt":"2025-08-02T15:16:48","slug":"vidvie-support-de-tablette-de-voiture-pour-enfants-siege-arriere","status":"publish","type":"product","link":"https:\/\/espacetechnologie.ma\/ar\/product\/vidvie-support-de-tablette-de-voiture-pour-enfants-siege-arriere\/","title":{"rendered":"Vidvie Support de tablette de voiture pour enfants, si\u00e8ge arri\u00e8re"},"content":{"rendered":"<p>Modelo: HC1528<br \/>\nMaterial: ABS+Aluminio+Silicona<br \/>\ndel producto: 178*115*136mm<br \/>\nPeso del art\u00edculo: 132.6g<\/p>","protected":false},"excerpt":{"rendered":"<p>Description :<br \/>\nSupport universel pour si\u00e8ge arri\u00e8re de voiture.<br \/>\nSupport de t\u00e9l\u00e9phone pour tablette arri\u00e8re de si\u00e8ge de voiture anti-rayures et antid\u00e9rapant.<br \/>\nUn film de montre pour enfants dans le si\u00e8ge arri\u00e8re pour voyager.<br \/>\n\u00c9couter de la musique \/ regarder un film \/ jouer des jeux dans le si\u00e8ge arri\u00e8re<\/p>","protected":false},"featured_media":5286,"comment_status":"open","ping_status":"closed","template":"","meta":{"event_title":"","event_details":"","event_timezone":"","event_gmap":"","event_image":"","event_image_url":"","event_calendar_link":"","event_location":"","event_datetime_with_summary":"","event_datetime":"","event_date_type":"","event_rulesummary":"","event_ticket_rsvp":"","_gspb_post_css":""},"product_brand":[],"product_cat":[114,113],"product_tag":[],"class_list":{"0":"post-5287","1":"product","2":"type-product","3":"status-publish","4":"has-post-thumbnail","6":"product_cat-accessoires-voiture","7":"product_cat-voiture-moto","9":"first","10":"instock","11":"sale","12":"shipping-taxable","13":"purchasable","14":"product-type-simple"},"jetpack_sharing_enabled":true,"_links":{"self":[{"href":"https:\/\/espacetechnologie.ma\/ar\/wp-json\/wp\/v2\/product\/5287","targetHints":{"allow":["GET"]}}],"collection":[{"href":"https:\/\/espacetechnologie.ma\/ar\/wp-json\/wp\/v2\/product"}],"about":[{"href":"https:\/\/espacetechnologie.ma\/ar\/wp-json\/wp\/v2\/types\/product"}],"replies":[{"embeddable":true,"href":"https:\/\/espacetechnologie.ma\/ar\/wp-json\/wp\/v2\/comments?post=5287"}],"wp:featuredmedia":[{"embeddable":true,"href":"https:\/\/espacetechnologie.ma\/ar\/wp-json\/wp\/v2\/media\/5286"}],"wp:attachment":[{"href":"https:\/\/espacetechnologie.ma\/ar\/wp-json\/wp\/v2\/media?parent=5287"}],"wp:term":[{"taxonomy":"product_brand","embeddable":true,"href":"https:\/\/espacetechnologie.ma\/ar\/wp-json\/wp\/v2\/product_brand?post=5287"},{"taxonomy":"product_cat","embeddable":true,"href":"https:\/\/espacetechnologie.ma\/ar\/wp-json\/wp\/v2\/product_cat?post=5287"},{"taxonomy":"product_tag","embeddable":true,"href":"https:\/\/espacetechnologie.ma\/ar\/wp-json\/wp\/v2\/product_tag?post=5287"}],"curies":[{"name":"wp","href":"https:\/\/api.w.org\/{rel}","templated":true}]}}