{"id":5278,"date":"2025-07-08T08:59:55","date_gmt":"2025-07-08T07:59:55","guid":{"rendered":"https:\/\/espacetechnologie.ma\/product\/ensemble-complet-de-microphone-condensateur-avec-carte-son\/"},"modified":"2025-10-26T00:42:26","modified_gmt":"2025-10-25T23:42:26","slug":"ensemble-complet-de-microphone-condensateur-avec-carte-son","status":"publish","type":"product","link":"https:\/\/espacetechnologie.ma\/ar\/product\/ensemble-complet-de-microphone-condensateur-avec-carte-son\/","title":{"rendered":"Ensemble complet de microphone   condensateur avec Carte Son"},"content":{"rendered":"<p>Microphone \u00e0 condensateur audio professionnel : l&rsquo;ensemble de cartes son BM800 V8 est livr\u00e9 avec un micro \u00e0 condensateur audio professionnel qui garantiza une enregistrement sonore de haute qualit\u00e9.<br \/>\nKits multi-microphones : ce ensemble comprend plusieurs microphones, le fait parfait pour le streaming en direct, le podcasting et l&rsquo;enregistrement.<br \/>\nPatrons polaires cardio\u00efdes : Les motifs polaris\u00e9s cardio\u00efdes du microphone garantissent que le son est dirige vers le microphone, r\u00e9duisent le bruit d&rsquo;arri\u00e8re-plan et am\u00e9liorant la qualit\u00e9 sonore globale.<br \/>\nMicrophones suspendus: la conception des microphones suspendus permet d&rsquo;une installation et d&rsquo;utilisation faciles, l&#8217;emploi id\u00e9al pour l&rsquo;utilisation dans les \u00e9tudios ou les \u00e9v\u00e9nements en direct.<br \/>\nMicrophone \u00e0 condensateur audio professionnel : l&rsquo;ensemble de cartes son BM800 V8 est livr\u00e9 avec un micro \u00e0 condensateur audio professionnel qui garantiza une enregistrement sonore de haute qualit\u00e9.<br \/>\nKits multi-microphones: Ce produit est un kit multi-microphone qui vous permet d&rsquo;enregistrez plusieurs voix ou instruments \u00e0 l&rsquo;une fois, le fait parfait pour le streaming et la podcasting en direct.<br \/>\nPatrons polaires cardio\u00efdes : Les motifs polaris\u00e9s cardio\u00efdes de ce microphone garantissent le sondage de la source et r\u00e9duit le bruit de fond, r\u00e9sultat dans les enregistrements audio clairs et croustillants.<br \/>\nMicrophones suspendus: L&rsquo;ensemble de cartes son BM800 V8 est livr\u00e9 avec des microphones suspendus, faites-le facile \u00e0 placer dans la position optimale pour l&rsquo;enregistrement.<br \/>\nMicrophone \u00e0 condensateur audio professionnel : l&rsquo;ensemble de cartes son BM800 V8 est livr\u00e9 avec un micro \u00e0 condensateur audio professionnel qui garantiza une enregistrement sonore de haute qualit\u00e9.<br \/>\nKits multi-microphones : ce ensemble comprend plusieurs microphones, le fait parfait pour le streaming en direct, le podcasting et l&rsquo;enregistrement.<br \/>\nPatrons polaires cardio\u00efdes : Les motifs polaris\u00e9s cardio\u00efdes du microphone garantissent que le son est dirige vers le microphone, r\u00e9duisent le bruit d&rsquo;arri\u00e8re-plan et am\u00e9liorant la qualit\u00e9 sonore globale.<br \/>\nMicrophones suspendus: la conception des microphones suspendus permet d&rsquo;une installation et d&rsquo;utilisation faciles, l&#8217;emploi id\u00e9al pour l&rsquo;utilisation dans les \u00e9tudios ou les \u00e9v\u00e9nements en direct.<br \/>\nMicrophone \u00e0 condensateur audio professionnel : l&rsquo;ensemble de cartes son BM800 V8 est livr\u00e9 avec un micro \u00e0 condensateur audio professionnel qui garantiza une enregistrement sonore de haute qualit\u00e9.<br \/>\nKits multi-microphones: Ce produit est un kit multi-microphone qui vous permet d&rsquo;enregistrez plusieurs voix ou instruments \u00e0 l&rsquo;une fois, le fait parfait pour le streaming et la podcasting en direct.<br \/>\nPatrons polaires cardio\u00efdes : Les motifs polaris\u00e9s cardio\u00efdes de ce microphone garantissent le sondage de la source et r\u00e9duit le bruit de fond, r\u00e9sultat dans les enregistrements audio clairs et croustillants.<br \/>\nMicrophones suspendus: L&rsquo;ensemble de cartes son BM800 V8 est livr\u00e9 avec des microphones suspendus, faites-le facile \u00e0 placer dans la position optimale pour l&rsquo;enregistrement.<br \/>\nEnsemble de cartes son BM800 V8, micro \u00e0 condensateur Audio professionnel, Microphone de chant en Studio<\/p>","protected":false},"excerpt":{"rendered":"<p>Ensemble de cartes son BM800 V8, micro \u00e0 condensateur Audio professionnel, Microphone de chant en Studio<\/p>","protected":false},"featured_media":5277,"comment_status":"open","ping_status":"closed","template":"","meta":{"event_title":"","event_details":"","event_timezone":"","event_gmap":"","event_image":"","event_image_url":"","event_calendar_link":"","event_location":"","event_datetime_with_summary":"","event_datetime":"","event_date_type":"","event_rulesummary":"","event_ticket_rsvp":"","_gspb_post_css":""},"product_brand":[],"product_cat":[107,111],"product_tag":[],"class_list":{"0":"post-5278","1":"product","2":"type-product","3":"status-publish","4":"has-post-thumbnail","6":"product_cat-audio","7":"product_cat-microphones","9":"first","10":"instock","11":"sale","12":"featured","13":"shipping-taxable","14":"purchasable","15":"product-type-simple"},"jetpack_sharing_enabled":true,"_links":{"self":[{"href":"https:\/\/espacetechnologie.ma\/ar\/wp-json\/wp\/v2\/product\/5278","targetHints":{"allow":["GET"]}}],"collection":[{"href":"https:\/\/espacetechnologie.ma\/ar\/wp-json\/wp\/v2\/product"}],"about":[{"href":"https:\/\/espacetechnologie.ma\/ar\/wp-json\/wp\/v2\/types\/product"}],"replies":[{"embeddable":true,"href":"https:\/\/espacetechnologie.ma\/ar\/wp-json\/wp\/v2\/comments?post=5278"}],"wp:featuredmedia":[{"embeddable":true,"href":"https:\/\/espacetechnologie.ma\/ar\/wp-json\/wp\/v2\/media\/5277"}],"wp:attachment":[{"href":"https:\/\/espacetechnologie.ma\/ar\/wp-json\/wp\/v2\/media?parent=5278"}],"wp:term":[{"taxonomy":"product_brand","embeddable":true,"href":"https:\/\/espacetechnologie.ma\/ar\/wp-json\/wp\/v2\/product_brand?post=5278"},{"taxonomy":"product_cat","embeddable":true,"href":"https:\/\/espacetechnologie.ma\/ar\/wp-json\/wp\/v2\/product_cat?post=5278"},{"taxonomy":"product_tag","embeddable":true,"href":"https:\/\/espacetechnologie.ma\/ar\/wp-json\/wp\/v2\/product_tag?post=5278"}],"curies":[{"name":"wp","href":"https:\/\/api.w.org\/{rel}","templated":true}]}}