{"id":5234,"date":"2025-07-08T08:59:45","date_gmt":"2025-07-08T07:59:45","guid":{"rendered":"https:\/\/espacetechnologie.ma\/product\/vidvie-support-magnetique-de-telephone-portable-a-ventouse-rotatif-a-360-degres\/"},"modified":"2025-08-03T07:55:16","modified_gmt":"2025-08-03T06:55:16","slug":"vidvie-support-magnetique-de-telephone-portable-a-ventouse-rotatif-a-360-degres","status":"publish","type":"product","link":"https:\/\/espacetechnologie.ma\/ar\/product\/vidvie-support-magnetique-de-telephone-portable-a-ventouse-rotatif-a-360-degres\/","title":{"rendered":"Vidvie Support magn\u00e9tique de t\u00e9l\u00e9phone portable  \u00e0 ventouse rotatif \u00e0 360 degr\u00e9s"},"content":{"rendered":"<p>Unit\u00e9 de vente : 1 Pi\u00e8ces<br \/>\nNom du produit: support magn\u00e9tique b\u00e2ton universel<br \/>\nCouleur du produit : argent, noir<br \/>\nApplication du produit : Universel<br \/>\nMat\u00e9riel du produit : Alliage d&rsquo;aluminium + silicone<br \/>\nM\u00e9thode d&rsquo;installation : p\u00e2te<br \/>\nTaille du produit: 0,5*2*7 cm<br \/>\nPoids net du produit: 48g<br \/>\nListe des produits: 1 support + 1 feuille de fer carr\u00e9e + 1 feuille de fer ronde<\/p>","protected":false},"excerpt":{"rendered":"<p>Conception magn\u00e9tique : Le design magn\u00e9tique de ce support pour t\u00e9l\u00e9phone de voiture garantit que votre t\u00e9l\u00e9phone reste en toute place pendant la conduite, sans la besoin d&rsquo;une pince ou des supports.<br \/>\nMontage pour grille d&rsquo;a\u00e9ration: Avec son syst\u00e8me de montage pour grille d&rsquo;a\u00e9ration, ce support pour t\u00e9l\u00e9phone peut \u00eatre install\u00e9 dans n&rsquo;importe quelle voiture, sans besoin d&rsquo;outils ou d&rsquo;instructions complic\u00e9es.<br \/>\nCompatible avec plusieurs marques: ce support pour t\u00e9l\u00e9phone de voiture est compatible avec une large gamme de marques de smartphones, y compris Apple iPhone, Samsung et Xiaomi, l&rsquo;opoption polyvalente pour tout conducteur.<br \/>\nNavigation mains libres : contenant en toute s\u00e9curit\u00e9 votre t\u00e9l\u00e9phone en place, ce support pour t\u00e9l\u00e9phone de voiture vous permet de naviger mains libres, ensurer une exp\u00e9rience de conduite plus s\u00fbre et plus pratique.<br \/>\nSupport de t\u00e9l\u00e9phone magn\u00e9tique pour voiture, aimant de ventilation, support mural pour smartphone \u00a0dans la voiture, pour tous les t\u00e9l\u00e9phones iPhone Samsung Xiaomi, etc.<\/p>","protected":false},"featured_media":5233,"comment_status":"open","ping_status":"closed","template":"","meta":{"event_title":"","event_details":"","event_timezone":"","event_gmap":"","event_image":"","event_image_url":"","event_calendar_link":"","event_location":"","event_datetime_with_summary":"","event_datetime":"","event_date_type":"","event_rulesummary":"","event_ticket_rsvp":"","_gspb_post_css":""},"product_brand":[],"product_cat":[114,90,84,113],"product_tag":[],"class_list":{"0":"post-5234","1":"product","2":"type-product","3":"status-publish","4":"has-post-thumbnail","6":"product_cat-accessoires-voiture","7":"product_cat-autres-accessoires-smartphone","8":"product_cat-smartphone","9":"product_cat-voiture-moto","11":"first","12":"instock","13":"sale","14":"shipping-taxable","15":"purchasable","16":"product-type-simple"},"jetpack_sharing_enabled":true,"_links":{"self":[{"href":"https:\/\/espacetechnologie.ma\/ar\/wp-json\/wp\/v2\/product\/5234","targetHints":{"allow":["GET"]}}],"collection":[{"href":"https:\/\/espacetechnologie.ma\/ar\/wp-json\/wp\/v2\/product"}],"about":[{"href":"https:\/\/espacetechnologie.ma\/ar\/wp-json\/wp\/v2\/types\/product"}],"replies":[{"embeddable":true,"href":"https:\/\/espacetechnologie.ma\/ar\/wp-json\/wp\/v2\/comments?post=5234"}],"wp:featuredmedia":[{"embeddable":true,"href":"https:\/\/espacetechnologie.ma\/ar\/wp-json\/wp\/v2\/media\/5233"}],"wp:attachment":[{"href":"https:\/\/espacetechnologie.ma\/ar\/wp-json\/wp\/v2\/media?parent=5234"}],"wp:term":[{"taxonomy":"product_brand","embeddable":true,"href":"https:\/\/espacetechnologie.ma\/ar\/wp-json\/wp\/v2\/product_brand?post=5234"},{"taxonomy":"product_cat","embeddable":true,"href":"https:\/\/espacetechnologie.ma\/ar\/wp-json\/wp\/v2\/product_cat?post=5234"},{"taxonomy":"product_tag","embeddable":true,"href":"https:\/\/espacetechnologie.ma\/ar\/wp-json\/wp\/v2\/product_tag?post=5234"}],"curies":[{"name":"wp","href":"https:\/\/api.w.org\/{rel}","templated":true}]}}