{"id":5210,"date":"2025-07-08T08:59:41","date_gmt":"2025-07-08T07:59:41","guid":{"rendered":"https:\/\/espacetechnologie.ma\/product\/microphone-sx31-sans-fil-condensateur-annulation-du-bruit-pour-ios-android-pc-pour-us-android-pc\/"},"modified":"2025-08-03T08:20:01","modified_gmt":"2025-08-03T07:20:01","slug":"microphone-sx31-sans-fil-condensateur-annulation-du-bruit-pour-ios-android-pc-pour-us-android-pc","status":"publish","type":"product","link":"https:\/\/espacetechnologie.ma\/ar\/product\/microphone-sx31-sans-fil-condensateur-annulation-du-bruit-pour-ios-android-pc-pour-us-android-pc\/","title":{"rendered":"Microphone SX31 sans fil Condensateur Annulation Du Bruit pour iOS\/Android \/pc\/pour US Android, Pc"},"content":{"rendered":"<p>Microphone sans fil : Profitez jusqu&rsquo;\u00e0 30 heures d&rsquo;utilisation continue avec une forte technologie de suppression du bruit pour un son cristallin<br \/>\nClip magn\u00e9tique Plug Play : attache facilement le microphone sans fil \u00e0 vos v\u00eatements pour une utilisation mains libres jusqu&rsquo;\u00e0<br \/>\n65 pieds d&rsquo;\u00e0 distance<br \/>\nLongue port\u00e9e: ce soit \u00e0 la maison, au bureau ou \u00e0 un lieu de performance, ce microphone sans fil fournit une transmission de signal fiable<br \/>\nPour les conf\u00e9rences, les venues de divertissement et les attractions touristiques, ce microphone sans fil est un choix polyvalent pour tout r\u00e9glage<br \/>\nRestez connect\u00e9 et engag\u00e9 par le microphone sans fil, con\u00e7u pour une longue dur\u00e9e de vie de la batterie et une durabilit\u00e9 sans couture<\/p>","protected":false},"excerpt":{"rendered":"<p>Microphone sans fil<br \/>\nPour iOS , Android, Pc<br \/>\nProfitez jusqu&rsquo;\u00e0 30 heures<br \/>\nCouleur : noir<br \/>\nMat\u00e9riel : ABS.<\/p>","protected":false},"featured_media":5209,"comment_status":"open","ping_status":"closed","template":"","meta":{"event_title":"","event_details":"","event_timezone":"","event_gmap":"","event_image":"","event_image_url":"","event_calendar_link":"","event_location":"","event_datetime_with_summary":"","event_datetime":"","event_date_type":"","event_rulesummary":"","event_ticket_rsvp":"","_gspb_post_css":""},"product_brand":[],"product_cat":[107,111],"product_tag":[],"class_list":{"0":"post-5210","1":"product","2":"type-product","3":"status-publish","4":"has-post-thumbnail","6":"product_cat-audio","7":"product_cat-microphones","9":"first","10":"instock","11":"sale","12":"shipping-taxable","13":"purchasable","14":"product-type-simple"},"jetpack_sharing_enabled":true,"_links":{"self":[{"href":"https:\/\/espacetechnologie.ma\/ar\/wp-json\/wp\/v2\/product\/5210","targetHints":{"allow":["GET"]}}],"collection":[{"href":"https:\/\/espacetechnologie.ma\/ar\/wp-json\/wp\/v2\/product"}],"about":[{"href":"https:\/\/espacetechnologie.ma\/ar\/wp-json\/wp\/v2\/types\/product"}],"replies":[{"embeddable":true,"href":"https:\/\/espacetechnologie.ma\/ar\/wp-json\/wp\/v2\/comments?post=5210"}],"wp:featuredmedia":[{"embeddable":true,"href":"https:\/\/espacetechnologie.ma\/ar\/wp-json\/wp\/v2\/media\/5209"}],"wp:attachment":[{"href":"https:\/\/espacetechnologie.ma\/ar\/wp-json\/wp\/v2\/media?parent=5210"}],"wp:term":[{"taxonomy":"product_brand","embeddable":true,"href":"https:\/\/espacetechnologie.ma\/ar\/wp-json\/wp\/v2\/product_brand?post=5210"},{"taxonomy":"product_cat","embeddable":true,"href":"https:\/\/espacetechnologie.ma\/ar\/wp-json\/wp\/v2\/product_cat?post=5210"},{"taxonomy":"product_tag","embeddable":true,"href":"https:\/\/espacetechnologie.ma\/ar\/wp-json\/wp\/v2\/product_tag?post=5210"}],"curies":[{"name":"wp","href":"https:\/\/api.w.org\/{rel}","templated":true}]}}