{"id":5198,"date":"2025-07-08T08:59:38","date_gmt":"2025-07-08T07:59:38","guid":{"rendered":"https:\/\/espacetechnologie.ma\/product\/support-de-telephone-de-voiture-magnetique-en-alliage-daluminium-rotation-a-1080\/"},"modified":"2025-08-03T07:16:25","modified_gmt":"2025-08-03T06:16:25","slug":"support-de-telephone-de-voiture-magnetique-en-alliage-daluminium-rotation-a-1080","status":"publish","type":"product","link":"https:\/\/espacetechnologie.ma\/ar\/product\/support-de-telephone-de-voiture-magnetique-en-alliage-daluminium-rotation-a-1080\/","title":{"rendered":"Support de t\u00e9l\u00e9phone de voiture magn\u00e9tique en alliage d&rsquo;aluminium, rotation \u00e0 1080"},"content":{"rendered":"<p>Remarque: veuillez utiliser les plaques \u00e0 anneaux magn\u00e9tiques \u00e0 l&rsquo;arri\u00e8re de vos t\u00e9l\u00e9phones ne pas l&rsquo;utiliser sur le support de t\u00e9l\u00e9phone de la voiture.<br \/>\nConvient \u00e0 tous les t\u00e9l\u00e9phones et \u00a0etc! Et convient \u00e0 toutes les voitures!!!<br \/>\nUtilisation directe de Macsafe am\u00e9lior\u00e9e pour la s\u00e9rie iPhone 12-14 et universelle pour les autres t\u00e9l\u00e9phones (veuillez utiliser les plaques magn\u00e9tiques situ\u00e9es \u00e0 l&rsquo;arri\u00e8re de vos t\u00e9l\u00e9phones ne l&rsquo;utilisez pas sur le support de t\u00e9l\u00e9phone de la voiture)<br \/>\nNom: Support de voiture magn\u00e9tique<br \/>\nCouleur: Noir<br \/>\nMat\u00e9riel : ABS + PC<br \/>\nTaille du produit : Diam\u00e8tre : environ 5,9 cm\/2,32 poucesHauteur: environ 4,3 cm\/1,69 pouces<br \/>\n1 * Support de voiture magn\u00e9tique<\/p>","protected":false},"excerpt":{"rendered":"<p>Remarque: veuillez utiliser les plaques \u00e0 anneaux magn\u00e9tiques \u00e0 l&rsquo;arri\u00e8re de vos t\u00e9l\u00e9phones ne pas l&rsquo;utiliser sur le support de t\u00e9l\u00e9phone de la voiture. Convient \u00e0 tous les t\u00e9l\u00e9phones et \u00a0etc! Et convient \u00e0 toutes les voitures!!! Utilisation directe de Macsafe am\u00e9lior\u00e9e pour la s\u00e9rie iPhone 12-14 et universelle pour les autres t\u00e9l\u00e9phones (veuillez utiliser [&hellip;]<\/p>\n","protected":false},"featured_media":5197,"comment_status":"open","ping_status":"closed","template":"","meta":{"event_title":"","event_details":"","event_timezone":"","event_gmap":"","event_image":"","event_image_url":"","event_calendar_link":"","event_location":"","event_datetime_with_summary":"","event_datetime":"","event_date_type":"","event_rulesummary":"","event_ticket_rsvp":"","_gspb_post_css":""},"product_brand":[],"product_cat":[114,90,84,113],"product_tag":[],"class_list":{"0":"post-5198","1":"product","2":"type-product","3":"status-publish","4":"has-post-thumbnail","6":"product_cat-accessoires-voiture","7":"product_cat-autres-accessoires-smartphone","8":"product_cat-smartphone","9":"product_cat-voiture-moto","11":"first","12":"instock","13":"sale","14":"shipping-taxable","15":"purchasable","16":"product-type-simple"},"jetpack_sharing_enabled":true,"_links":{"self":[{"href":"https:\/\/espacetechnologie.ma\/ar\/wp-json\/wp\/v2\/product\/5198","targetHints":{"allow":["GET"]}}],"collection":[{"href":"https:\/\/espacetechnologie.ma\/ar\/wp-json\/wp\/v2\/product"}],"about":[{"href":"https:\/\/espacetechnologie.ma\/ar\/wp-json\/wp\/v2\/types\/product"}],"replies":[{"embeddable":true,"href":"https:\/\/espacetechnologie.ma\/ar\/wp-json\/wp\/v2\/comments?post=5198"}],"wp:featuredmedia":[{"embeddable":true,"href":"https:\/\/espacetechnologie.ma\/ar\/wp-json\/wp\/v2\/media\/5197"}],"wp:attachment":[{"href":"https:\/\/espacetechnologie.ma\/ar\/wp-json\/wp\/v2\/media?parent=5198"}],"wp:term":[{"taxonomy":"product_brand","embeddable":true,"href":"https:\/\/espacetechnologie.ma\/ar\/wp-json\/wp\/v2\/product_brand?post=5198"},{"taxonomy":"product_cat","embeddable":true,"href":"https:\/\/espacetechnologie.ma\/ar\/wp-json\/wp\/v2\/product_cat?post=5198"},{"taxonomy":"product_tag","embeddable":true,"href":"https:\/\/espacetechnologie.ma\/ar\/wp-json\/wp\/v2\/product_tag?post=5198"}],"curies":[{"name":"wp","href":"https:\/\/api.w.org\/{rel}","templated":true}]}}