{"id":5168,"date":"2025-07-08T08:59:31","date_gmt":"2025-07-08T07:59:31","guid":{"rendered":"https:\/\/espacetechnologie.ma\/product\/support-magnetique-reglable-pour-ordinateur-portable\/"},"modified":"2025-08-03T08:01:17","modified_gmt":"2025-08-03T07:01:17","slug":"support-magnetique-reglable-pour-ordinateur-portable","status":"publish","type":"product","link":"https:\/\/espacetechnologie.ma\/ar\/product\/support-magnetique-reglable-pour-ordinateur-portable\/","title":{"rendered":"Support magn\u00e9tique r\u00e9glable pour ordinateur portable"},"content":{"rendered":"<p>100% neuf de haute qualit\u00e9<br \/>\nMat\u00e9riau : alliage d&rsquo;aluminium<br \/>\nCouleur: comme image<br \/>\nPaquet inclus: 1 x support pour t\u00e9l\u00e9phone portable<\/p>","protected":false},"excerpt":{"rendered":"<p>Support magn\u00e9tique pour t\u00e9l\u00e9phone portable, extension de moniteur, support de t\u00e9l\u00e9phone r\u00e9glable, moniteur d&rsquo;ordinateur, t\u00e9l\u00e9phone portable lat\u00e9ral pliable pour tous les t\u00e9l\u00e9phones<\/p>","protected":false},"featured_media":5167,"comment_status":"open","ping_status":"closed","template":"","meta":{"event_title":"","event_details":"","event_timezone":"","event_gmap":"","event_image":"","event_image_url":"","event_calendar_link":"","event_location":"","event_datetime_with_summary":"","event_datetime":"","event_date_type":"","event_rulesummary":"","event_ticket_rsvp":"","_gspb_post_css":""},"product_brand":[],"product_cat":[90,82,96,84,97],"product_tag":[],"class_list":{"0":"post-5168","1":"product","2":"type-product","3":"status-publish","4":"has-post-thumbnail","6":"product_cat-autres-accessoires-smartphone","7":"product_cat-gadgets","8":"product_cat-pc","9":"product_cat-smartphone","10":"product_cat-support","12":"first","13":"instock","14":"sale","15":"shipping-taxable","16":"purchasable","17":"product-type-simple"},"jetpack_sharing_enabled":true,"_links":{"self":[{"href":"https:\/\/espacetechnologie.ma\/ar\/wp-json\/wp\/v2\/product\/5168","targetHints":{"allow":["GET"]}}],"collection":[{"href":"https:\/\/espacetechnologie.ma\/ar\/wp-json\/wp\/v2\/product"}],"about":[{"href":"https:\/\/espacetechnologie.ma\/ar\/wp-json\/wp\/v2\/types\/product"}],"replies":[{"embeddable":true,"href":"https:\/\/espacetechnologie.ma\/ar\/wp-json\/wp\/v2\/comments?post=5168"}],"wp:featuredmedia":[{"embeddable":true,"href":"https:\/\/espacetechnologie.ma\/ar\/wp-json\/wp\/v2\/media\/5167"}],"wp:attachment":[{"href":"https:\/\/espacetechnologie.ma\/ar\/wp-json\/wp\/v2\/media?parent=5168"}],"wp:term":[{"taxonomy":"product_brand","embeddable":true,"href":"https:\/\/espacetechnologie.ma\/ar\/wp-json\/wp\/v2\/product_brand?post=5168"},{"taxonomy":"product_cat","embeddable":true,"href":"https:\/\/espacetechnologie.ma\/ar\/wp-json\/wp\/v2\/product_cat?post=5168"},{"taxonomy":"product_tag","embeddable":true,"href":"https:\/\/espacetechnologie.ma\/ar\/wp-json\/wp\/v2\/product_tag?post=5168"}],"curies":[{"name":"wp","href":"https:\/\/api.w.org\/{rel}","templated":true}]}}