{"id":11921,"date":"2026-03-17T00:54:15","date_gmt":"2026-03-16T23:54:15","guid":{"rendered":"https:\/\/espacetechnologie.ma\/product\/charger-53-5v-2a-for-niu-kqi3-kqi3-pro-kqi3-max-kqi3-sport-kqi2-kqi2-pro-electric-scooter\/"},"modified":"2026-03-17T00:54:19","modified_gmt":"2026-03-16T23:54:19","slug":"charger-53-5v-2a-for-niu-kqi3-kqi3-pro-kqi3-max-kqi3-sport-kqi2-kqi2-pro-electric-scooter","status":"publish","type":"product","link":"https:\/\/espacetechnologie.ma\/ar\/product\/charger-53-5v-2a-for-niu-kqi3-kqi3-pro-kqi3-max-kqi3-sport-kqi2-kqi2-pro-electric-scooter\/","title":{"rendered":"Charger 53.5V 2A for NIU KQI3\/KQI3 Pro\/KQI3 Max\/KQI3 Sport\/KQI2\/KQI2 Pro Electric Scooter"},"content":{"rendered":"<p>Chargeur de haute qualit\u00e9 sp\u00e9cialement con\u00e7u pour les trottinettes \u00e9lectriques NIU KQI2 et KQI3.<\/p>\n<p>Gr\u00e2ce \u00e0 sa sortie stable 53.5V 2A, il garantit une recharge rapide, efficace et s\u00e9curis\u00e9e de votre batterie.<\/p>\n<p>Fabriqu\u00e9 avec des mat\u00e9riaux r\u00e9sistants, ce chargeur offre une protection compl\u00e8te contre la surcharge, la surtension et les courts-circuits, pour une utilisation fiable au quotidien.<\/p>","protected":false},"excerpt":{"rendered":"<p>\u2022 Recharge Rapide et Stable (53.5V 2A) \u2013 \u0623\u062f\u0627\u0621 \u0642\u0648\u064a \u0644\u0634\u062d\u0646 \u0627\u0644\u0628\u0637\u0627\u0631\u064a\u0629 \u0628\u0634\u0643\u0644 \u0622\u0645\u0646 \u0648\u0641\u0639\u0627\u0644.<\/p>\n<p>\u2022 Compatibilit\u00e9 Large NIU \u2013 \u064a\u062e\u062f\u0645 \u0645\u0639 KQI2, KQI2 Pro, KQI3, KQI3 Pro, KQI3 Max \u0648 KQI3 Sport.<\/p>\n<p>\u2022 Protection de S\u00e9curit\u00e9 Int\u00e9gr\u00e9e \u2013 \u062d\u0645\u0627\u064a\u0629 \u0636\u062f \u0627\u0644\u0634\u062d\u0646 \u0627\u0644\u0632\u0627\u0626\u062f\u060c \u0627\u0644\u062d\u0631\u0627\u0631\u0629 \u0627\u0644\u0645\u0641\u0631\u0637\u0629 \u0648\u0642\u0635\u0631 \u0627\u0644\u062f\u0627\u0626\u0631\u0629.<\/p>\n<p>\u2022 Qualit\u00e9 Durable \u2013 \u062a\u0635\u0645\u064a\u0645 \u0642\u0648\u064a \u0628\u0643\u0627\u0628\u0644 \u0645\u062a\u064a\u0646 \u0644\u0644\u0627\u0633\u062a\u062e\u062f\u0627\u0645 \u0627\u0644\u0637\u0648\u064a\u0644.<\/p>\n<p>\u2022 Installation Facile \u2013 \u0633\u0647\u0644 \u0627\u0644\u0627\u0633\u062a\u0639\u0645\u0627\u0644\u060c \u0641\u0642\u0637 \u0642\u0645 \u0628\u0627\u0644\u062a\u0648\u0635\u064a\u0644 \u0648\u0627\u0628\u062f\u0623 \u0627\u0644\u0634\u062d\u0646 \u0645\u0628\u0627\u0634\u0631\u0629.<\/p>","protected":false},"featured_media":11919,"comment_status":"open","ping_status":"closed","template":"","meta":{"event_title":"","event_details":"","event_timezone":"","event_gmap":"","event_image":"","event_image_url":"","event_calendar_link":"","event_location":"","event_datetime_with_summary":"","event_datetime":"","event_date_type":"","event_rulesummary":"","_gspb_post_css":""},"product_brand":[],"product_cat":[122,120],"product_tag":[293,292],"class_list":{"0":"post-11921","1":"product","2":"type-product","3":"status-publish","4":"has-post-thumbnail","6":"product_cat-accessoires-trottinette","7":"product_cat-trottinette","8":"product_tag-accessoires","9":"product_tag-trottinette","11":"first","12":"instock","13":"sale","14":"shipping-taxable","15":"purchasable","16":"product-type-simple"},"jetpack_sharing_enabled":true,"_links":{"self":[{"href":"https:\/\/espacetechnologie.ma\/ar\/wp-json\/wp\/v2\/product\/11921","targetHints":{"allow":["GET"]}}],"collection":[{"href":"https:\/\/espacetechnologie.ma\/ar\/wp-json\/wp\/v2\/product"}],"about":[{"href":"https:\/\/espacetechnologie.ma\/ar\/wp-json\/wp\/v2\/types\/product"}],"replies":[{"embeddable":true,"href":"https:\/\/espacetechnologie.ma\/ar\/wp-json\/wp\/v2\/comments?post=11921"}],"wp:featuredmedia":[{"embeddable":true,"href":"https:\/\/espacetechnologie.ma\/ar\/wp-json\/wp\/v2\/media\/11919"}],"wp:attachment":[{"href":"https:\/\/espacetechnologie.ma\/ar\/wp-json\/wp\/v2\/media?parent=11921"}],"wp:term":[{"taxonomy":"product_brand","embeddable":true,"href":"https:\/\/espacetechnologie.ma\/ar\/wp-json\/wp\/v2\/product_brand?post=11921"},{"taxonomy":"product_cat","embeddable":true,"href":"https:\/\/espacetechnologie.ma\/ar\/wp-json\/wp\/v2\/product_cat?post=11921"},{"taxonomy":"product_tag","embeddable":true,"href":"https:\/\/espacetechnologie.ma\/ar\/wp-json\/wp\/v2\/product_tag?post=11921"}],"curies":[{"name":"wp","href":"https:\/\/api.w.org\/{rel}","templated":true}]}}