{"id":11913,"date":"2026-03-17T00:32:03","date_gmt":"2026-03-16T23:32:03","guid":{"rendered":"https:\/\/espacetechnologie.ma\/product\/accelerateur-pour-trottinette-electrique-xiaomi-m365-piece-de-remplacement\/"},"modified":"2026-03-17T00:33:52","modified_gmt":"2026-03-16T23:33:52","slug":"accelerateur-pour-trottinette-electrique-xiaomi-m365-piece-de-remplacement","status":"publish","type":"product","link":"https:\/\/espacetechnologie.ma\/ar\/product\/accelerateur-pour-trottinette-electrique-xiaomi-m365-piece-de-remplacement\/","title":{"rendered":"Acc\u00e9l\u00e9rateur pour Trottinette \u00c9lectrique Xiaomi M365 \u2013 Pi\u00e8ce de Remplacement"},"content":{"rendered":"<p><span>Compatible avec Xiaomi M365<\/span><br \/>\n<span>\u2022 Contr\u00f4le pr\u00e9cis de la vitesse<\/span><br \/>\n<span>\u2022 Installation facile avec connexion par c\u00e2ble<\/span><br \/>\n<span>\u2022 Mat\u00e9riau r\u00e9sistant et durable<\/span><br \/>\n<span>\u2022 Id\u00e9al pour remplacement de l<\/span><span>\u2019<\/span><span>acc\u00e9l\u00e9rateur d<\/span><span>\u2019<\/span><span>origine<\/span><\/p>","protected":false},"excerpt":{"rendered":"<p>Compatible avec Xiaomi M365 \u2022 Contr\u00f4le pr\u00e9cis de la vitesse \u2022 Installation facile avec connexion par c\u00e2ble \u2022 Mat\u00e9riau r\u00e9sistant et durable \u2022 Id\u00e9al pour remplacement de l\u2019acc\u00e9l\u00e9rateur d\u2019origine<\/p>","protected":false},"featured_media":11912,"comment_status":"open","ping_status":"closed","template":"","meta":{"event_title":"","event_details":"","event_timezone":"","event_gmap":"","event_image":"","event_image_url":"","event_calendar_link":"","event_location":"","event_datetime_with_summary":"","event_datetime":"","event_date_type":"","event_rulesummary":"","_gspb_post_css":""},"product_brand":[],"product_cat":[122,120],"product_tag":[293,292],"class_list":{"0":"post-11913","1":"product","2":"type-product","3":"status-publish","4":"has-post-thumbnail","6":"product_cat-accessoires-trottinette","7":"product_cat-trottinette","8":"product_tag-accessoires","9":"product_tag-trottinette","11":"first","12":"instock","13":"sale","14":"shipping-taxable","15":"purchasable","16":"product-type-simple"},"jetpack_sharing_enabled":true,"_links":{"self":[{"href":"https:\/\/espacetechnologie.ma\/ar\/wp-json\/wp\/v2\/product\/11913","targetHints":{"allow":["GET"]}}],"collection":[{"href":"https:\/\/espacetechnologie.ma\/ar\/wp-json\/wp\/v2\/product"}],"about":[{"href":"https:\/\/espacetechnologie.ma\/ar\/wp-json\/wp\/v2\/types\/product"}],"replies":[{"embeddable":true,"href":"https:\/\/espacetechnologie.ma\/ar\/wp-json\/wp\/v2\/comments?post=11913"}],"wp:featuredmedia":[{"embeddable":true,"href":"https:\/\/espacetechnologie.ma\/ar\/wp-json\/wp\/v2\/media\/11912"}],"wp:attachment":[{"href":"https:\/\/espacetechnologie.ma\/ar\/wp-json\/wp\/v2\/media?parent=11913"}],"wp:term":[{"taxonomy":"product_brand","embeddable":true,"href":"https:\/\/espacetechnologie.ma\/ar\/wp-json\/wp\/v2\/product_brand?post=11913"},{"taxonomy":"product_cat","embeddable":true,"href":"https:\/\/espacetechnologie.ma\/ar\/wp-json\/wp\/v2\/product_cat?post=11913"},{"taxonomy":"product_tag","embeddable":true,"href":"https:\/\/espacetechnologie.ma\/ar\/wp-json\/wp\/v2\/product_tag?post=11913"}],"curies":[{"name":"wp","href":"https:\/\/api.w.org\/{rel}","templated":true}]}}