{"id":11907,"date":"2026-03-08T16:36:05","date_gmt":"2026-03-08T15:36:05","guid":{"rendered":"https:\/\/espacetechnologie.ma\/product\/cable-usb-c-charge-rapide-100w-avec-ecran-led-usb-a-vers-type-c-7a-fast-charging\/"},"modified":"2026-03-08T16:36:18","modified_gmt":"2026-03-08T15:36:18","slug":"cable-usb-c-charge-rapide-100w-avec-ecran-led-usb-a-vers-type-c-7a-fast-charging","status":"publish","type":"product","link":"https:\/\/espacetechnologie.ma\/ar\/product\/cable-usb-c-charge-rapide-100w-avec-ecran-led-usb-a-vers-type-c-7a-fast-charging\/","title":{"rendered":"C\u00e2ble USB-C Charge Rapide 100W avec \u00c9cran LED \u2013 USB-A vers Type-C 7A Fast Charging"},"content":{"rendered":"<p style=\"font-style: normal;font-weight: 400;letter-spacing: normal;text-align: start;text-indent: 0px;text-transform: none;white-space: normal\">C\u00e2ble USB-C haute performance con\u00e7u pour la charge ultra rapide jusqu\u2019\u00e0 100W.<\/p>\n<p style=\"font-style: normal;font-weight: 400;letter-spacing: normal;text-align: start;text-indent: 0px;text-transform: none;white-space: normal\">Il est \u00e9quip\u00e9 d\u2019un \u00e9cran LED int\u00e9gr\u00e9 qui affiche la puissance de charge en temps r\u00e9el. Sa conception tress\u00e9e renforc\u00e9e assure solidit\u00e9 et durabilit\u00e9 pour une utilisation quotidienne avec smartphones, tablettes et autres appareils USB-C.<\/p>\n<p style=\"font-style: normal;font-weight: 400;letter-spacing: normal;text-align: start;text-indent: 0px;text-transform: none;white-space: normal\">\n&nbsp;<\/p>","protected":false},"excerpt":{"rendered":"<p>C\u00e2ble USB-C haute performance con\u00e7u pour la charge ultra rapide jusqu\u2019\u00e0 100W. Il est \u00e9quip\u00e9 d\u2019un \u00e9cran LED int\u00e9gr\u00e9 qui affiche la puissance de charge en temps r\u00e9el. Sa conception tress\u00e9e renforc\u00e9e assure solidit\u00e9 et durabilit\u00e9 pour une utilisation quotidienne avec smartphones, tablettes et autres appareils USB-C. &nbsp;<\/p>","protected":false},"featured_media":11906,"comment_status":"open","ping_status":"closed","template":"","meta":{"event_title":"","event_details":"","event_timezone":"","event_gmap":"","event_image":"","event_image_url":"","event_calendar_link":"","event_location":"","event_datetime_with_summary":"","event_datetime":"","event_date_type":"","event_rulesummary":"","_gspb_post_css":""},"product_brand":[],"product_cat":[102,90,86,104],"product_tag":[291],"class_list":{"0":"post-11907","1":"product","2":"type-product","3":"status-publish","4":"has-post-thumbnail","6":"product_cat-autres-accessoires-pc","7":"product_cat-autres-accessoires-smartphone","8":"product_cat-cables","9":"product_cat-cles-usb","10":"product_tag-cable-essayer-100w","12":"first","13":"instock","14":"shipping-taxable","15":"purchasable","16":"product-type-simple"},"jetpack_sharing_enabled":true,"_links":{"self":[{"href":"https:\/\/espacetechnologie.ma\/ar\/wp-json\/wp\/v2\/product\/11907","targetHints":{"allow":["GET"]}}],"collection":[{"href":"https:\/\/espacetechnologie.ma\/ar\/wp-json\/wp\/v2\/product"}],"about":[{"href":"https:\/\/espacetechnologie.ma\/ar\/wp-json\/wp\/v2\/types\/product"}],"replies":[{"embeddable":true,"href":"https:\/\/espacetechnologie.ma\/ar\/wp-json\/wp\/v2\/comments?post=11907"}],"wp:featuredmedia":[{"embeddable":true,"href":"https:\/\/espacetechnologie.ma\/ar\/wp-json\/wp\/v2\/media\/11906"}],"wp:attachment":[{"href":"https:\/\/espacetechnologie.ma\/ar\/wp-json\/wp\/v2\/media?parent=11907"}],"wp:term":[{"taxonomy":"product_brand","embeddable":true,"href":"https:\/\/espacetechnologie.ma\/ar\/wp-json\/wp\/v2\/product_brand?post=11907"},{"taxonomy":"product_cat","embeddable":true,"href":"https:\/\/espacetechnologie.ma\/ar\/wp-json\/wp\/v2\/product_cat?post=11907"},{"taxonomy":"product_tag","embeddable":true,"href":"https:\/\/espacetechnologie.ma\/ar\/wp-json\/wp\/v2\/product_tag?post=11907"}],"curies":[{"name":"wp","href":"https:\/\/api.w.org\/{rel}","templated":true}]}}