{"id":11891,"date":"2026-02-23T23:39:27","date_gmt":"2026-02-23T22:39:27","guid":{"rendered":"https:\/\/espacetechnologie.ma\/product\/2-en-1-adaptateur-carplay-et-android-auto-sans-fil-pour-telephone-universel\/"},"modified":"2026-02-27T00:32:17","modified_gmt":"2026-02-26T23:32:17","slug":"2-en-1-adaptateur-carplay-et-android-auto-sans-fil-pour-telephone-universel","status":"publish","type":"product","link":"https:\/\/espacetechnologie.ma\/ar\/product\/2-en-1-adaptateur-carplay-et-android-auto-sans-fil-pour-telephone-universel\/","title":{"rendered":"2 en 1 Adaptateur CarPlay et Android Auto sans fil pour t\u00e9l\u00e9phone universel"},"content":{"rendered":"<p>Adaptateur Auto Android CarPlay sans fil BT 5.3 2 en 1, convertit fil vers Mini adaptateur sans fil Android Auto, adaptateur de voiture Android Auto sans fil et CarPlay pour iPhone 8 + et Android Caract\u00e9ristiques :<\/p>\n<ol>\n<li style=\"padding: 0px;margin: 0px\">\ufeffConnectivit\u00e9 rapide et stable : exp\u00e9rience d&rsquo;appairage sans couture avec une connectivit\u00e9 compatible Bluetooth et WiFi, garantissant des performances fiables chaque conduite.Utiliser comme un adaptateur automatique Android carplay sans fil 2 en 1 pour une connexion automatique rapide et des jours ininterrompue.<\/li>\n<li style=\"padding: 0px;margin: 0px\">\ufeffPlug-and-Play Convenience : prise simplement ce adaptateur compact dans le port USB de votre voiture pour d\u00e9marrer la navigation, les appels et le streaming de musique.Le mini adaptateur sans fil Android Auto \u00e9limine la besoin d&rsquo;une connexions de c\u00e2bles r\u00e9p\u00e9t\u00e9es pour une utilisation maximale.<\/li>\n<li style=\"padding: 0px;margin: 0px\">\ufeffConception compacte et durable : ce dongle mini BT USB A &amp; USB C est plus petit que les adaptateurs standard encore tr\u00e8s r\u00e9silient.Il fonctionne comme un adaptateur audio de voiture sans fil pour la musique et les appels, avec une compatibilit\u00e9 de type A \u00e0 type-c pour une prise en charge du v\u00e9hicule broader.<\/li>\n<li style=\"padding: 0px;margin: 0px\">\ufeffOp\u00e9ration facile : ins\u00e9rer l&rsquo;adaptateur et le carplay pour voiture Android sans fil dans votre USB d&rsquo;origine, puis connecter votre t\u00e9l\u00e9phone via le profil compatible Bluetooth affichage. Profitez d&rsquo;un coffre rapide de 5 secondes et une reconnexion automatique rapide \u00e0 chaque fois vous d\u00e9marrez votre voiture.<\/li>\n<li style=\"padding: 0px;margin: 0px\">\ufeffLarge compatibilit\u00e9 : l&rsquo;adaptateur carplay sans fil prend en charge les v\u00e9hicules \u00e9quip\u00e9s de protocoles carplay filaires ou Android Auto. Compatible avec iPhone 8 et plus, plus les smartphones Android les plus \u00e0 l&rsquo;\u00e9tranger pour une utilisa<\/li>\n<\/ol>","protected":false},"excerpt":{"rendered":"<p>Adaptateur Auto Android CarPlay sans fil BT 5.3 2 en 1, convertit fil vers Mini adaptateur sans fil Android Auto, adaptateur de voiture Android Auto sans fil et CarPlay pour iPhone 8 + et Android Caract\u00e9ristiques : \ufeff\ufeff\ufeffConnectivit\u00e9 rapide et stable : exp\u00e9rience d&rsquo;appairage sans couture avec une connectivit\u00e9 compatible Bluetooth et WiFi, garantissant des [&hellip;]<\/p>\n","protected":false},"featured_media":11889,"comment_status":"open","ping_status":"closed","template":"","meta":{"event_title":"","event_details":"","event_timezone":"","event_gmap":"","event_image":"","event_image_url":"","event_calendar_link":"","event_location":"","event_datetime_with_summary":"","event_datetime":"","event_date_type":"","event_rulesummary":"","event_ticket_rsvp":"","_gspb_post_css":""},"product_brand":[],"product_cat":[114,113],"product_tag":[],"class_list":{"0":"post-11891","1":"product","2":"type-product","3":"status-publish","4":"has-post-thumbnail","6":"product_cat-accessoires-voiture","7":"product_cat-voiture-moto","9":"first","10":"instock","11":"sale","12":"featured","13":"shipping-taxable","14":"purchasable","15":"product-type-simple"},"jetpack_sharing_enabled":true,"_links":{"self":[{"href":"https:\/\/espacetechnologie.ma\/ar\/wp-json\/wp\/v2\/product\/11891","targetHints":{"allow":["GET"]}}],"collection":[{"href":"https:\/\/espacetechnologie.ma\/ar\/wp-json\/wp\/v2\/product"}],"about":[{"href":"https:\/\/espacetechnologie.ma\/ar\/wp-json\/wp\/v2\/types\/product"}],"replies":[{"embeddable":true,"href":"https:\/\/espacetechnologie.ma\/ar\/wp-json\/wp\/v2\/comments?post=11891"}],"wp:featuredmedia":[{"embeddable":true,"href":"https:\/\/espacetechnologie.ma\/ar\/wp-json\/wp\/v2\/media\/11889"}],"wp:attachment":[{"href":"https:\/\/espacetechnologie.ma\/ar\/wp-json\/wp\/v2\/media?parent=11891"}],"wp:term":[{"taxonomy":"product_brand","embeddable":true,"href":"https:\/\/espacetechnologie.ma\/ar\/wp-json\/wp\/v2\/product_brand?post=11891"},{"taxonomy":"product_cat","embeddable":true,"href":"https:\/\/espacetechnologie.ma\/ar\/wp-json\/wp\/v2\/product_cat?post=11891"},{"taxonomy":"product_tag","embeddable":true,"href":"https:\/\/espacetechnologie.ma\/ar\/wp-json\/wp\/v2\/product_tag?post=11891"}],"curies":[{"name":"wp","href":"https:\/\/api.w.org\/{rel}","templated":true}]}}