{"id":11841,"date":"2025-12-17T14:00:19","date_gmt":"2025-12-17T13:00:19","guid":{"rendered":"https:\/\/espacetechnologie.ma\/product\/camera-solaire-4g-a-trois-objectifs-15mp-etanche-pour-lexterieur-detection-humanoide-pir-moniteur-video-de-securite\/"},"modified":"2026-01-19T19:11:07","modified_gmt":"2026-01-19T18:11:07","slug":"camera-solaire-4g-a-trois-objectifs-15mp-etanche-pour-lexterieur-detection-humanoide-pir-moniteur-video-de-securite","status":"publish","type":"product","link":"https:\/\/espacetechnologie.ma\/ar\/product\/camera-solaire-4g-a-trois-objectifs-15mp-etanche-pour-lexterieur-detection-humanoide-pir-moniteur-video-de-securite\/","title":{"rendered":"Cam\u00e9ra solaire 4G \u00e0 trois objectifs 15MP, \u00e9tanche, pour l&rsquo;ext\u00e9rieur, d\u00e9tection humano\u00efde PIR, moniteur vid\u00e9o de s\u00e9curit\u00e9"},"content":{"rendered":"<p>Cam\u00e9ra solaire 4G<\/p>\n<p>Sp\u00e9cifications :<\/p>\n<ul>\n<li style=\"padding: 0px;margin: 0px\">R\u00e9solution 15MP 8K, chaque objectif est de 5MP ;<\/li>\n<li style=\"padding: 0px;margin: 0px\">Objectif gauche 15MP = 5MP + objectif droit 5MP + objectif 5MP PT<\/li>\n<li style=\"padding: 0px;margin: 0px\">Trois objectifs avec trois \u00e9crans, peut surveiller trois positions en m\u00eame temps.<\/li>\n<li style=\"padding: 0px;margin: 0px\">Images HD vous apporte une exp\u00e9rience visuelle \u00e0 d\u00e9finition sup\u00e9rieure;<\/li>\n<li style=\"padding: 0px;margin: 0px\">Led IR int\u00e9gr\u00e9s et LED blanches vous fournissent des images claires et color\u00e9es de jour et de nuit;<\/li>\n<li style=\"padding: 0px;margin: 0px\">Version carte SIM 4G ; connecte au r\u00e9seau de cartes<\/li>\n<\/ul>\n<p>SIM locales,<\/p>","protected":false},"excerpt":{"rendered":"<p>Cam\u00e9ra solaire 4G Sp\u00e9cifications : \ufeff\ufeffR\u00e9solution 15MP 8K, chaque objectif est de 5MP ; \ufeffObjectif gauche 15MP = 5MP + objectif droit 5MP + objectif 5MP PT \ufeffTrois objectifs avec trois \u00e9crans, peut surveiller trois positions en m\u00eame temps. \ufeffImages HD vous apporte une exp\u00e9rience visuelle \u00e0 d\u00e9finition sup\u00e9rieure; \ufeffLed IR int\u00e9gr\u00e9s et LED blanches [&hellip;]<\/p>\n","protected":false},"featured_media":11839,"comment_status":"open","ping_status":"closed","template":"","meta":{"event_title":"","event_details":"","event_timezone":"","event_gmap":"","event_image":"","event_image_url":"","event_calendar_link":"","event_location":"","event_datetime_with_summary":"","event_datetime":"","event_date_type":"","event_rulesummary":"","event_ticket_rsvp":"","_gspb_post_css":""},"product_brand":[],"product_cat":[131],"product_tag":[],"class_list":{"0":"post-11841","1":"product","2":"type-product","3":"status-publish","4":"has-post-thumbnail","6":"product_cat-cameras","8":"first","9":"instock","10":"sale","11":"featured","12":"shipping-taxable","13":"purchasable","14":"product-type-simple"},"jetpack_sharing_enabled":true,"_links":{"self":[{"href":"https:\/\/espacetechnologie.ma\/ar\/wp-json\/wp\/v2\/product\/11841","targetHints":{"allow":["GET"]}}],"collection":[{"href":"https:\/\/espacetechnologie.ma\/ar\/wp-json\/wp\/v2\/product"}],"about":[{"href":"https:\/\/espacetechnologie.ma\/ar\/wp-json\/wp\/v2\/types\/product"}],"replies":[{"embeddable":true,"href":"https:\/\/espacetechnologie.ma\/ar\/wp-json\/wp\/v2\/comments?post=11841"}],"wp:featuredmedia":[{"embeddable":true,"href":"https:\/\/espacetechnologie.ma\/ar\/wp-json\/wp\/v2\/media\/11839"}],"wp:attachment":[{"href":"https:\/\/espacetechnologie.ma\/ar\/wp-json\/wp\/v2\/media?parent=11841"}],"wp:term":[{"taxonomy":"product_brand","embeddable":true,"href":"https:\/\/espacetechnologie.ma\/ar\/wp-json\/wp\/v2\/product_brand?post=11841"},{"taxonomy":"product_cat","embeddable":true,"href":"https:\/\/espacetechnologie.ma\/ar\/wp-json\/wp\/v2\/product_cat?post=11841"},{"taxonomy":"product_tag","embeddable":true,"href":"https:\/\/espacetechnologie.ma\/ar\/wp-json\/wp\/v2\/product_tag?post=11841"}],"curies":[{"name":"wp","href":"https:\/\/api.w.org\/{rel}","templated":true}]}}