{"id":11832,"date":"2025-11-30T22:43:44","date_gmt":"2025-11-30T21:43:44","guid":{"rendered":"https:\/\/espacetechnologie.ma\/product\/smart-x2-noir-stabilisateur-de-cardan-portatif-a-3-axes-avec-tige-dextension-pour-stabilisateur-de-cardan-de-smartphone\/"},"modified":"2026-01-19T19:11:23","modified_gmt":"2026-01-19T18:11:23","slug":"smart-x2-noir-stabilisateur-de-cardan-portatif-a-3-axes-avec-tige-dextension-pour-stabilisateur-de-cardan-de-smartphone","status":"publish","type":"product","link":"https:\/\/espacetechnologie.ma\/ar\/product\/smart-x2-noir-stabilisateur-de-cardan-portatif-a-3-axes-avec-tige-dextension-pour-stabilisateur-de-cardan-de-smartphone\/","title":{"rendered":"Smart X2 noir stabilisateur de cardan portatif \u00e0 3 axes avec tige d&rsquo;extension pour stabilisateur de cardan de Smartphone"},"content":{"rendered":"<p><span>Stabilisateur de cardan Smart X2, cardan pour Smartphone a 3 Axes avec Tige d<\/span><span>&lsquo;<\/span><span>extension int\u00e9gr\u00e9e de 20 cm, tr\u00e9pied Intelligent Portable avec \u00e9cran OLED, Rotation \u00e0 360<\/span><span>\u00b0<\/span><span>, Enregistrement vid\u00e9o,<\/span><\/p>\n<p><span><a href=\"https:\/\/youtu.be\/toxD88qsP20?si=LJdwb3CJmYVrLTb5\" target=\"_blank\" rel=\"noopener\">https:\/\/youtu.be\/toxD88qsP20?si=LJdwb3CJmYVrLTb5<\/a><\/span><\/p>","protected":false},"excerpt":{"rendered":"<p><a href=\"https:\/\/youtu.be\/toxD88qsP20?si=j3DXIPzeOsKqI00S\">https:\/\/youtu.be\/toxD88qsP20?si=j3DXIPzeOsKqI00S<\/a><\/p>","protected":false},"featured_media":11826,"comment_status":"open","ping_status":"closed","template":"","meta":{"event_title":"","event_details":"","event_timezone":"","event_gmap":"","event_image":"","event_image_url":"","event_calendar_link":"","event_location":"","event_datetime_with_summary":"","event_datetime":"","event_date_type":"","event_rulesummary":"","event_ticket_rsvp":"","_gspb_post_css":""},"product_brand":[],"product_cat":[289,90,131,84],"product_tag":[],"class_list":{"0":"post-11832","1":"product","2":"type-product","3":"status-publish","4":"has-post-thumbnail","6":"product_cat-accessoires-photographique","7":"product_cat-autres-accessoires-smartphone","8":"product_cat-cameras","9":"product_cat-smartphone","11":"first","12":"instock","13":"sale","14":"featured","15":"shipping-taxable","16":"purchasable","17":"product-type-simple"},"jetpack_sharing_enabled":true,"_links":{"self":[{"href":"https:\/\/espacetechnologie.ma\/ar\/wp-json\/wp\/v2\/product\/11832","targetHints":{"allow":["GET"]}}],"collection":[{"href":"https:\/\/espacetechnologie.ma\/ar\/wp-json\/wp\/v2\/product"}],"about":[{"href":"https:\/\/espacetechnologie.ma\/ar\/wp-json\/wp\/v2\/types\/product"}],"replies":[{"embeddable":true,"href":"https:\/\/espacetechnologie.ma\/ar\/wp-json\/wp\/v2\/comments?post=11832"}],"wp:featuredmedia":[{"embeddable":true,"href":"https:\/\/espacetechnologie.ma\/ar\/wp-json\/wp\/v2\/media\/11826"}],"wp:attachment":[{"href":"https:\/\/espacetechnologie.ma\/ar\/wp-json\/wp\/v2\/media?parent=11832"}],"wp:term":[{"taxonomy":"product_brand","embeddable":true,"href":"https:\/\/espacetechnologie.ma\/ar\/wp-json\/wp\/v2\/product_brand?post=11832"},{"taxonomy":"product_cat","embeddable":true,"href":"https:\/\/espacetechnologie.ma\/ar\/wp-json\/wp\/v2\/product_cat?post=11832"},{"taxonomy":"product_tag","embeddable":true,"href":"https:\/\/espacetechnologie.ma\/ar\/wp-json\/wp\/v2\/product_tag?post=11832"}],"curies":[{"name":"wp","href":"https:\/\/api.w.org\/{rel}","templated":true}]}}