{"id":11824,"date":"2025-11-27T17:16:48","date_gmt":"2025-11-27T16:16:48","guid":{"rendered":"https:\/\/espacetechnologie.ma\/product\/station-de-charge-rgb-pour-nintendo-switch-2-recharge-jusqua-4-manettes-en-meme-temps-avec-eclairage-led-reglable-et-design-compact-pour-un-setup-gaming-propre\/"},"modified":"2025-11-28T00:32:24","modified_gmt":"2025-11-27T23:32:24","slug":"station-de-charge-rgb-pour-nintendo-switch-2-recharge-jusqua-4-manettes-en-meme-temps-avec-eclairage-led-reglable-et-design-compact-pour-un-setup-gaming-propre","status":"publish","type":"product","link":"https:\/\/espacetechnologie.ma\/ar\/product\/station-de-charge-rgb-pour-nintendo-switch-2-recharge-jusqua-4-manettes-en-meme-temps-avec-eclairage-led-reglable-et-design-compact-pour-un-setup-gaming-propre\/","title":{"rendered":"Station de charge RGB pour NINTENDO SWITCH 2, recharge jusqu\u2019\u00e0 4 manettes en m\u00eame temps avec \u00e9clairage LED r\u00e9glable et design compact pour un setup gaming propre."},"content":{"rendered":"<p>Station de charge RGB pour NINTENDO SWITCH 2, recharge jusqu\u2019\u00e0 4 manettes en m\u00eame temps avec \u00e9clairage LED r\u00e9glable et design compact pour un setup gaming propre.<\/p>","protected":false},"excerpt":{"rendered":"<p>Station de charge RGB pour NINTENDO SWITCH 2, recharge jusqu\u2019\u00e0 4 manettes en m\u00eame temps avec \u00e9clairage LED r\u00e9glable et design compact pour un setup gaming propre.<\/p>","protected":false},"featured_media":11817,"comment_status":"open","ping_status":"closed","template":"","meta":{"event_title":"","event_details":"","event_timezone":"","event_gmap":"","event_image":"","event_image_url":"","event_calendar_link":"","event_location":"","event_datetime_with_summary":"","event_datetime":"","event_date_type":"","event_rulesummary":"","event_ticket_rsvp":"","_gspb_post_css":""},"product_brand":[],"product_cat":[82,129],"product_tag":[],"class_list":{"0":"post-11824","1":"product","2":"type-product","3":"status-publish","4":"has-post-thumbnail","6":"product_cat-gadgets","7":"product_cat-gaming","9":"first","10":"instock","11":"sale","12":"featured","13":"shipping-taxable","14":"purchasable","15":"product-type-simple"},"jetpack_sharing_enabled":true,"_links":{"self":[{"href":"https:\/\/espacetechnologie.ma\/ar\/wp-json\/wp\/v2\/product\/11824","targetHints":{"allow":["GET"]}}],"collection":[{"href":"https:\/\/espacetechnologie.ma\/ar\/wp-json\/wp\/v2\/product"}],"about":[{"href":"https:\/\/espacetechnologie.ma\/ar\/wp-json\/wp\/v2\/types\/product"}],"replies":[{"embeddable":true,"href":"https:\/\/espacetechnologie.ma\/ar\/wp-json\/wp\/v2\/comments?post=11824"}],"wp:featuredmedia":[{"embeddable":true,"href":"https:\/\/espacetechnologie.ma\/ar\/wp-json\/wp\/v2\/media\/11817"}],"wp:attachment":[{"href":"https:\/\/espacetechnologie.ma\/ar\/wp-json\/wp\/v2\/media?parent=11824"}],"wp:term":[{"taxonomy":"product_brand","embeddable":true,"href":"https:\/\/espacetechnologie.ma\/ar\/wp-json\/wp\/v2\/product_brand?post=11824"},{"taxonomy":"product_cat","embeddable":true,"href":"https:\/\/espacetechnologie.ma\/ar\/wp-json\/wp\/v2\/product_cat?post=11824"},{"taxonomy":"product_tag","embeddable":true,"href":"https:\/\/espacetechnologie.ma\/ar\/wp-json\/wp\/v2\/product_tag?post=11824"}],"curies":[{"name":"wp","href":"https:\/\/api.w.org\/{rel}","templated":true}]}}