{"id":11807,"date":"2025-11-17T17:44:23","date_gmt":"2025-11-17T16:44:23","guid":{"rendered":"https:\/\/espacetechnologie.ma\/product\/produit-2\/"},"modified":"2026-01-19T19:11:36","modified_gmt":"2026-01-19T18:11:36","slug":"produit-2","status":"publish","type":"product","link":"https:\/\/espacetechnologie.ma\/ar\/product\/produit-2\/","title":{"rendered":"Appareil photo cam\u00e9ra \u00e0 impression thermique intelligent pour enfants"},"content":{"rendered":"<p><span>Cam\u00e9ra d<\/span><span>&lsquo;<\/span><span>impression instantan\u00e9e en forme de petit dinosaure, double cam\u00e9ra HD 1080P, impression instantan\u00e9e avec 3 rouleaux de papier d<\/span><span>&lsquo;<\/span><span>imprimante,&nbsp;<\/span><\/p>","protected":false},"excerpt":{"rendered":"<p><span>Cam\u00e9ra d<\/span><span>&lsquo;<\/span><span>impression instantan\u00e9e en forme de petit dinosaure, double cam\u00e9ra HD 1080P, impression instantan\u00e9e avec 3 rouleaux de papier d<\/span><span>&lsquo;<\/span><span>imprimante,&nbsp;<\/span><\/p>","protected":false},"featured_media":11801,"comment_status":"open","ping_status":"closed","template":"","meta":{"event_title":"","event_details":"","event_timezone":"","event_gmap":"","event_image":"","event_image_url":"","event_calendar_link":"","event_location":"","event_datetime_with_summary":"","event_datetime":"","event_date_type":"","event_rulesummary":"","event_ticket_rsvp":"","_gspb_post_css":""},"product_brand":[],"product_cat":[131,82],"product_tag":[],"class_list":{"0":"post-11807","1":"product","2":"type-product","3":"status-publish","4":"has-post-thumbnail","6":"product_cat-cameras","7":"product_cat-gadgets","9":"first","10":"instock","11":"sale","12":"featured","13":"shipping-taxable","14":"purchasable","15":"product-type-simple"},"jetpack_sharing_enabled":true,"_links":{"self":[{"href":"https:\/\/espacetechnologie.ma\/ar\/wp-json\/wp\/v2\/product\/11807","targetHints":{"allow":["GET"]}}],"collection":[{"href":"https:\/\/espacetechnologie.ma\/ar\/wp-json\/wp\/v2\/product"}],"about":[{"href":"https:\/\/espacetechnologie.ma\/ar\/wp-json\/wp\/v2\/types\/product"}],"replies":[{"embeddable":true,"href":"https:\/\/espacetechnologie.ma\/ar\/wp-json\/wp\/v2\/comments?post=11807"}],"wp:featuredmedia":[{"embeddable":true,"href":"https:\/\/espacetechnologie.ma\/ar\/wp-json\/wp\/v2\/media\/11801"}],"wp:attachment":[{"href":"https:\/\/espacetechnologie.ma\/ar\/wp-json\/wp\/v2\/media?parent=11807"}],"wp:term":[{"taxonomy":"product_brand","embeddable":true,"href":"https:\/\/espacetechnologie.ma\/ar\/wp-json\/wp\/v2\/product_brand?post=11807"},{"taxonomy":"product_cat","embeddable":true,"href":"https:\/\/espacetechnologie.ma\/ar\/wp-json\/wp\/v2\/product_cat?post=11807"},{"taxonomy":"product_tag","embeddable":true,"href":"https:\/\/espacetechnologie.ma\/ar\/wp-json\/wp\/v2\/product_tag?post=11807"}],"curies":[{"name":"wp","href":"https:\/\/api.w.org\/{rel}","templated":true}]}}