{"id":11798,"date":"2025-11-17T17:35:07","date_gmt":"2025-11-17T16:35:07","guid":{"rendered":"https:\/\/espacetechnologie.ma\/product\/produit\/"},"modified":"2025-11-20T09:10:28","modified_gmt":"2025-11-20T08:10:28","slug":"produit","status":"publish","type":"product","link":"https:\/\/espacetechnologie.ma\/ar\/product\/produit\/","title":{"rendered":"D\u00e9marreur de saut puissant avec pompe \u00e0 air"},"content":{"rendered":"<p>Pr\u00e9sentation de notre batterie Jumper Starter Portable-la solution de sauvegarde pratique pour vos urgences de voiture.<\/p>\n<p>Avec une alimentation d&rsquo;air intelligente et une lumi\u00e8re LED int\u00e9gr\u00e9e qui \u00e9claire les accidents de la route, c&rsquo;est le parfait pour votre coffre. Charger des appareils mobiles est \u00e9galement un jeu d&rsquo;enfant avec ce produit. Restez en s\u00e9curit\u00e9 sur la route avec notre puissant d\u00e9marreur de cavalier.<\/p>\n<p>Sp\u00e9cifications:<\/p>\n<p>Pr\u00e9cision de mesure: 10PS au sol<\/p>\n<p>Unit\u00e9 de pression: PSI, BAR, KPA, KG\/CM2<\/p>\n<p>Longueur ext\u00e9rieure du tube d&rsquo;air: 320mm, 10mm<\/p>\n<p>Temp\u00e9rature de fonctionnement: -20 \u00b0C ~ 60 \u00b0C<\/p>\n<p>Poids: 1600G<\/p>\n<p>Tension d&rsquo;entr\u00e9e de charge: 5V 2A<\/p>\n<p>Tension de fonctionnement: 14.8 V<\/p>\n<p>Courant maximum: moins de 6A<\/p>\n<p>LED lumen valeur: 20LM<\/p>\n<p>Pression maximale de gonflage: 150PSI<\/p>\n<p>Taille du produit: environ 19.3&#215;8.5&#215;6.2CM\/ 7.59&#215;3.34&#215;2.44 pouces<\/p>\n<p>Taille de l&#8217;emballage: environ 32x20x13CM\/ 12.59&#215;7.87&#215;5.11 pouces<\/p>\n<p>Liste d&#8217;emballage<\/p>\n<p>1 x pompe \u00e0 air de voiture<\/p>\n<p>1 x tube de gonflage \u00e0 pression<\/p>\n<p>1 x Port de gonflage \u00e0 billes<\/p>\n<p>1 x Port de gonflage adaptateur<\/p>\n<p>1 x pince intelligente<\/p>\n<p>1 x c\u00e2ble de chargement de type C<\/p>\n<p>1 x Manuel d&rsquo;instructions<\/p>\n<p>1 x Bo\u00eete \u00e0 outils<\/p>","protected":false},"excerpt":{"rendered":"<p>Pr\u00e9sentation de notre batterie Jumper Starter Portable-la solution de sauvegarde pratique pour vos urgences de voiture.<\/p>\n<p>Avec une alimentation d&rsquo;air intelligente et une lumi\u00e8re LED int\u00e9gr\u00e9e qui \u00e9claire les accidents de la route, c&rsquo;est le parfait pour votre coffre. Charger des appareils mobiles est \u00e9galement un jeu d&rsquo;enfant avec ce produit. Restez en s\u00e9curit\u00e9 sur la route avec notre puissant d\u00e9marreur de cavalier.<\/p>\n<p>Sp\u00e9cifications:<\/p>\n<p>Pr\u00e9cision de mesure: 10PS au sol<\/p>\n<p>Unit\u00e9 de pression: PSI, BAR, KPA, KG\/CM2<\/p>\n<p>Longueur ext\u00e9rieure du tube d&rsquo;air: 320mm, 10mm<\/p>\n<p>Temp\u00e9rature de fonctionnement: -20 \u00b0C ~ 60 \u00b0C<\/p>\n<p>Poids: 1600G<\/p>\n<p>Tension d&rsquo;entr\u00e9e de charge: 5V 2A<\/p>\n<p>Tension de fonctionnement: 14.8 V<\/p>\n<p>Courant maximum: moins de 6A<\/p>\n<p>LED lumen valeur: 20LM<\/p>\n<p>Pression maximale de gonflage: 150PSI<\/p>\n<p>Taille du produit: environ 19.3&#215;8.5&#215;6.2CM\/ 7.59&#215;3.34&#215;2.44 pouces<\/p>\n<p>Taille de l&#8217;emballage: environ 32x20x13CM\/ 12.59&#215;7.87&#215;5.11 pouces<\/p>\n<p>Liste d&#8217;emballage<\/p>\n<p>1 x pompe \u00e0 air de voiture<\/p>\n<p>1 x tube de gonflage \u00e0 pression<\/p>\n<p>1 x Port de gonflage \u00e0 billes<\/p>\n<p>1 x Port de gonflage adaptateur<\/p>\n<p>1 x pince intelligente<\/p>\n<p>1 x c\u00e2ble de chargement de type C<\/p>\n<p>1 x Manuel d&rsquo;instructions<\/p>\n<p>1 x Bo\u00eete \u00e0 outils<\/p>","protected":false},"featured_media":11793,"comment_status":"open","ping_status":"closed","template":"","meta":{"event_title":"","event_details":"","event_timezone":"","event_gmap":"","event_image":"","event_image_url":"","event_calendar_link":"","event_location":"","event_datetime_with_summary":"","event_datetime":"","event_date_type":"","event_rulesummary":"","event_ticket_rsvp":"","_gspb_post_css":""},"product_brand":[],"product_cat":[114,82,113],"product_tag":[],"class_list":{"0":"post-11798","1":"product","2":"type-product","3":"status-publish","4":"has-post-thumbnail","6":"product_cat-accessoires-voiture","7":"product_cat-gadgets","8":"product_cat-voiture-moto","10":"first","11":"instock","12":"sale","13":"shipping-taxable","14":"purchasable","15":"product-type-simple"},"jetpack_sharing_enabled":true,"_links":{"self":[{"href":"https:\/\/espacetechnologie.ma\/ar\/wp-json\/wp\/v2\/product\/11798","targetHints":{"allow":["GET"]}}],"collection":[{"href":"https:\/\/espacetechnologie.ma\/ar\/wp-json\/wp\/v2\/product"}],"about":[{"href":"https:\/\/espacetechnologie.ma\/ar\/wp-json\/wp\/v2\/types\/product"}],"replies":[{"embeddable":true,"href":"https:\/\/espacetechnologie.ma\/ar\/wp-json\/wp\/v2\/comments?post=11798"}],"wp:featuredmedia":[{"embeddable":true,"href":"https:\/\/espacetechnologie.ma\/ar\/wp-json\/wp\/v2\/media\/11793"}],"wp:attachment":[{"href":"https:\/\/espacetechnologie.ma\/ar\/wp-json\/wp\/v2\/media?parent=11798"}],"wp:term":[{"taxonomy":"product_brand","embeddable":true,"href":"https:\/\/espacetechnologie.ma\/ar\/wp-json\/wp\/v2\/product_brand?post=11798"},{"taxonomy":"product_cat","embeddable":true,"href":"https:\/\/espacetechnologie.ma\/ar\/wp-json\/wp\/v2\/product_cat?post=11798"},{"taxonomy":"product_tag","embeddable":true,"href":"https:\/\/espacetechnologie.ma\/ar\/wp-json\/wp\/v2\/product_tag?post=11798"}],"curies":[{"name":"wp","href":"https:\/\/api.w.org\/{rel}","templated":true}]}}