{"id":11761,"date":"2025-10-25T15:58:43","date_gmt":"2025-10-25T14:58:43","guid":{"rendered":"https:\/\/espacetechnologie.ma\/product\/mini-cameras-de-surveillance-4g-5mp-batterie-3000mah\/"},"modified":"2025-11-27T17:42:29","modified_gmt":"2025-11-27T16:42:29","slug":"mini-cameras-de-surveillance-4g-5mp-batterie-3000mah","status":"publish","type":"product","link":"https:\/\/espacetechnologie.ma\/ar\/product\/mini-cameras-de-surveillance-4g-5mp-batterie-3000mah\/","title":{"rendered":"Mini cam\u00e9ras de surveillance 4G 5MP batterie 3000mAh"},"content":{"rendered":"<p>Caract\u00e9ristiques :<\/p>\n<ul>\n<li style=\"padding: 0px;margin: 0px\">Objectif 2 mm 150 \u00b0 grand angle.<\/li>\n<li style=\"padding: 0px;margin: 0px\">. Acc\u00e8s et contr\u00f4le \u00e0 distance \u00e0 tout moment, partout.<\/li>\n<li style=\"padding: 0px;margin: 0px\">. Installation facile et rapide pour diverses applications.<\/li>\n<li style=\"padding: 0px;margin: 0px\">\u00c9cran HD 5 MP avec compression vid\u00e9o H.265 avanc\u00e9e.<\/li>\n<li style=\"padding: 0px;margin: 0px\">. Prise en charge d&rsquo;interphone vocal bidirectionnel, microphone et hautparleur int\u00e9gr\u00e9s.<\/li>\n<li style=\"padding: 0px;margin: 0px\">. Prise en charge de la commutation du double filtre IR-CUT pour la rveillance de 9e de la commutation du double filtre IR-CUT pour l<\/li>\n<li style=\"padding: 0px;margin: 0px\">. Prise en charge de l&rsquo;installation d&rsquo;une carte Micro SD jusqu&rsquo;a 128 Go, stockage cloud.<\/li>\n<li style=\"padding: 0px;margin: 0px\">. Prise en charge de la carte Sim 4G, des sc\u00e9narios d&rsquo;application plus larges et plus faciles \u00e0 utiliser.<\/li>\n<\/ul>\n<p>Le zoom &gt;.6X peut zoomer vers des d\u00e9tails \u00e9tonnants ou un zoom vers une couverture maximale.<\/p>\n<ul>\n<li style=\"padding: 0px;margin: 0px\">. Prise en charge Android, Iphone IOS et autres syst\u00e8mes d&rsquo;exploitation, prise en charge de la navigation multi-utilisateurs.<\/li>\n<li style=\"padding: 0px;margin: 0px\">. Puce de processeur haute performance T31, prise en charge de la fonction d&rsquo;analyse intelligente, consommation d&rsquo;\u00e9nergie en veille ultra faible.<\/li>\n<li style=\"padding: 0px;margin: 0px\">. Prise en charge de la d\u00e9tection du corps humain Al, fournit des images vid\u00e9o de surveillance ultra-haute d\u00e9finition avec des d\u00e9tails et une clart\u00e9 maximum.<\/li>\n<\/ul>\n<p>Veuillez noter:<\/p>\n<p>Cam\u00e9ra carte SIM 4G :<\/p>\n<p>-Votre cam\u00e9ra peut fonctionner dans une port\u00e9e 3G\/4G avec un acc\u00e8s facile \u00e0 l&rsquo;environnement r\u00e9seau. (Net WI-FI n&rsquo;est pas pris en charge)<\/p>\n<p>Version cam\u00e9ra WiFi 2.4G :<\/p>\n<p>Remarque : cher amis, il y a 2 versions de cam\u00e9ra IP. La version de cam\u00e9ra<\/p>\n<p>Wifi peut se connecte uniquement au Wifi et ne peut pas \u00eatre utilis\u00e9e avec la connexion sur carte SIM 4G!<\/p>\n<p>R\u00e9qu\u00eate sur la carte SIM 4G :<\/p>\n<p>Veuillez v\u00e9rifier la fr\u00e9quence de la carte SIM avant d&rsquo;acheter, veuillez vous assurer la cam\u00e9ra est compatible!<\/p>\n<p>Attention :<\/p>\n<p>Version 4G uniquement pour l&rsquo;Europe, l&rsquo;Afrique, les pays et les r\u00e9 asiatiques, l&rsquo;Am\u00e9rique du Nord, l&rsquo;Am\u00e9rique du Sud, veuillez ne pa:<\/p>\n<p>la version 4G!<\/p>","protected":false},"excerpt":{"rendered":"<p>Caract\u00e9ristiques : \ufeff\ufeffObjectif 2 mm 150 \u00b0 grand angle. \ufeff. Acc\u00e8s et contr\u00f4le \u00e0 distance \u00e0 tout moment, partout. \ufeff. Installation facile et rapide pour diverses applications. \ufeff\ufeff\u00c9cran HD 5 MP avec compression vid\u00e9o H.265 avanc\u00e9e. \ufeff. Prise en charge d&rsquo;interphone vocal bidirectionnel, microphone et hautparleur int\u00e9gr\u00e9s. \ufeff. Prise en charge de la commutation du [&hellip;]<\/p>\n","protected":false},"featured_media":11760,"comment_status":"open","ping_status":"closed","template":"","meta":{"event_title":"","event_details":"","event_timezone":"","event_gmap":"","event_image":"","event_image_url":"","event_calendar_link":"","event_location":"","event_datetime_with_summary":"","event_datetime":"","event_date_type":"","event_rulesummary":"","event_ticket_rsvp":"","_gspb_post_css":""},"product_brand":[],"product_cat":[131,132],"product_tag":[],"class_list":{"0":"post-11761","1":"product","2":"type-product","3":"status-publish","4":"has-post-thumbnail","6":"product_cat-cameras","7":"product_cat-cameras-de-surveillance","9":"first","10":"instock","11":"sale","12":"featured","13":"shipping-taxable","14":"purchasable","15":"product-type-simple"},"jetpack_sharing_enabled":true,"_links":{"self":[{"href":"https:\/\/espacetechnologie.ma\/ar\/wp-json\/wp\/v2\/product\/11761","targetHints":{"allow":["GET"]}}],"collection":[{"href":"https:\/\/espacetechnologie.ma\/ar\/wp-json\/wp\/v2\/product"}],"about":[{"href":"https:\/\/espacetechnologie.ma\/ar\/wp-json\/wp\/v2\/types\/product"}],"replies":[{"embeddable":true,"href":"https:\/\/espacetechnologie.ma\/ar\/wp-json\/wp\/v2\/comments?post=11761"}],"wp:featuredmedia":[{"embeddable":true,"href":"https:\/\/espacetechnologie.ma\/ar\/wp-json\/wp\/v2\/media\/11760"}],"wp:attachment":[{"href":"https:\/\/espacetechnologie.ma\/ar\/wp-json\/wp\/v2\/media?parent=11761"}],"wp:term":[{"taxonomy":"product_brand","embeddable":true,"href":"https:\/\/espacetechnologie.ma\/ar\/wp-json\/wp\/v2\/product_brand?post=11761"},{"taxonomy":"product_cat","embeddable":true,"href":"https:\/\/espacetechnologie.ma\/ar\/wp-json\/wp\/v2\/product_cat?post=11761"},{"taxonomy":"product_tag","embeddable":true,"href":"https:\/\/espacetechnologie.ma\/ar\/wp-json\/wp\/v2\/product_tag?post=11761"}],"curies":[{"name":"wp","href":"https:\/\/api.w.org\/{rel}","templated":true}]}}