{"id":11694,"date":"2025-10-22T14:08:43","date_gmt":"2025-10-22T13:08:43","guid":{"rendered":"https:\/\/espacetechnologie.ma\/?post_type=product&#038;p=11694"},"modified":"2025-10-22T14:08:43","modified_gmt":"2025-10-22T13:08:43","slug":"surveillance-camera-bebe-intelligente-protection-de-securite-audio-bidirectionnel-vision-nocturne-babysitte","status":"publish","type":"product","link":"https:\/\/espacetechnologie.ma\/ar\/product\/surveillance-camera-bebe-intelligente-protection-de-securite-audio-bidirectionnel-vision-nocturne-babysitte\/","title":{"rendered":"Surveillance cam\u00e9ra b\u00e9b\u00e9 intelligente Protection de s\u00e9curit\u00e9 Audio bidirectionnel Vision nocturne Babysitte"},"content":{"rendered":"<p>\u00c9cran couleur 2,8 pouces<br \/>\n\ufeffSupporte le zoom d&rsquo;image d&rsquo;entr\u00e9e et de sortie<br \/>\n\ufeffD\u00e9tection des pleurs pour nourrissons<br \/>\n\ufeffRappel d&rsquo;allaitement r\u00e9gulier<br \/>\n\ufeffD\u00e9tection de temp\u00e9rature<br \/>\n\ufeffJouer \u00e0 la musique<br \/>\n\ufeffInterphone vocal<br \/>\n\ufeffSurveillance vid\u00e9o<br \/>\n\ufeffVision nocturne infrarouge<br \/>\n\ufeffBatterie au lithium 1500 mah int\u00e9gr\u00e9e<br \/>\n\ufeff\ufeffUtilisation de la technologie sans fil am\u00e9lior\u00e9e de 2,4 GHZ<br \/>\n\ufeffAntenne WiFi int\u00e9gr\u00e9e, avec une distance de transmiss ouverte de 150 M et un environnement int\u00e9rieur de moi. 50 M<\/p>","protected":false},"excerpt":{"rendered":"<p>\u00c9cran couleur 2,8 pouces \ufeffSupporte le zoom d&rsquo;image d&rsquo;entr\u00e9e et de sortie \ufeffD\u00e9tection des pleurs pour nourrissons \ufeffRappel d&rsquo;allaitement r\u00e9gulier \ufeffD\u00e9tection de temp\u00e9rature \ufeffJouer \u00e0 la musique \ufeffInterphone vocal \ufeffSurveillance vid\u00e9o \ufeffVision nocturne infrarouge \ufeffBatterie au lithium 1500 mah int\u00e9gr\u00e9e \ufeff\ufeffUtilisation de la technologie sans fil am\u00e9lior\u00e9e de 2,4 GHZ \ufeffAntenne WiFi int\u00e9gr\u00e9e, avec une [&hellip;]<\/p>\n","protected":false},"featured_media":11703,"comment_status":"closed","ping_status":"closed","template":"","meta":{"event_title":"","event_details":"","event_timezone":"","event_gmap":"","event_image":"","event_image_url":"","event_calendar_link":"","event_location":"","event_datetime_with_summary":"","event_datetime":"","event_date_type":"","event_rulesummary":"","event_ticket_rsvp":"","_gspb_post_css":""},"product_brand":[],"product_cat":[131,132,130],"product_tag":[],"class_list":{"0":"post-11694","1":"product","2":"type-product","3":"status-publish","4":"has-post-thumbnail","6":"product_cat-cameras","7":"product_cat-cameras-de-surveillance","8":"product_cat-maison","10":"first","11":"instock","12":"sale","13":"featured","14":"shipping-taxable","15":"purchasable","16":"product-type-simple"},"jetpack_sharing_enabled":true,"_links":{"self":[{"href":"https:\/\/espacetechnologie.ma\/ar\/wp-json\/wp\/v2\/product\/11694","targetHints":{"allow":["GET"]}}],"collection":[{"href":"https:\/\/espacetechnologie.ma\/ar\/wp-json\/wp\/v2\/product"}],"about":[{"href":"https:\/\/espacetechnologie.ma\/ar\/wp-json\/wp\/v2\/types\/product"}],"replies":[{"embeddable":true,"href":"https:\/\/espacetechnologie.ma\/ar\/wp-json\/wp\/v2\/comments?post=11694"}],"wp:featuredmedia":[{"embeddable":true,"href":"https:\/\/espacetechnologie.ma\/ar\/wp-json\/wp\/v2\/media\/11703"}],"wp:attachment":[{"href":"https:\/\/espacetechnologie.ma\/ar\/wp-json\/wp\/v2\/media?parent=11694"}],"wp:term":[{"taxonomy":"product_brand","embeddable":true,"href":"https:\/\/espacetechnologie.ma\/ar\/wp-json\/wp\/v2\/product_brand?post=11694"},{"taxonomy":"product_cat","embeddable":true,"href":"https:\/\/espacetechnologie.ma\/ar\/wp-json\/wp\/v2\/product_cat?post=11694"},{"taxonomy":"product_tag","embeddable":true,"href":"https:\/\/espacetechnologie.ma\/ar\/wp-json\/wp\/v2\/product_tag?post=11694"}],"curies":[{"name":"wp","href":"https:\/\/api.w.org\/{rel}","templated":true}]}}