{"id":11653,"date":"2025-09-06T13:45:11","date_gmt":"2025-09-06T12:45:11","guid":{"rendered":"https:\/\/espacetechnologie.ma\/?post_type=product&#038;p=11653"},"modified":"2025-11-01T00:02:03","modified_gmt":"2025-10-31T23:02:03","slug":"telecommande-ouvre-porte-de-garage-electrique","status":"publish","type":"product","link":"https:\/\/espacetechnologie.ma\/ar\/product\/telecommande-ouvre-porte-de-garage-electrique\/","title":{"rendered":"t\u00e9l\u00e9command\u00e9 Ouvre-porte de Garage \u00e9lectrique"},"content":{"rendered":"<p>Fr\u00e9quence 433MHZ: La fr\u00e9quence 433MHZ assure une connexion stable et fiable entre la t\u00e9l\u00e9commande et l&rsquo;ouvre-porte du garage.<br \/>\n\ufeff\ufeffDuplicateur de t\u00e9l\u00e9commande : Le duplicateur de t\u00e9l\u00e9commande est dot\u00e9 de vous permet de se dupliquer facilement votre t\u00e9l\u00e9commande existe, faites-le facile \u00e0 remplacer les t\u00e9l\u00e9commandes perdues ou endommag\u00e9es.<br \/>\n\ufeff\ufeffCertifi\u00e9 RoHS: Ce produit est certifi\u00e9 RoHS, garantissant que cela rencontre les normes les plus \u00e9lev\u00e9es pour la s\u00e9curit\u00e9 et la protection de l&rsquo;environnement.<br \/>\n\ufeff\ufeffPrise UE : la conception de prise UE fait facile \u00e0 utiliser avec une vari\u00e9t\u00e9 de prises \u00e9lectriques diff\u00e9rentes, garantissant une compatibilit\u00e9 avec une large gamme d&rsquo;appareils.<br \/>\nDuplicateur de t\u00e9l\u00e9commande 433MHZ, 4 canaux, porte de Garage par ouvre-porte, duplicateur de t\u00e9l\u00e9commande, Code de clonage, cl\u00e9 de voiture,<\/p>","protected":false},"excerpt":{"rendered":"<p>\ufeff\ufeffFr\u00e9quence 433MHZ: La fr\u00e9quence 433MHZ assure une connexion stable et fiable entre la t\u00e9l\u00e9commande et l&rsquo;ouvre-porte du garage. \ufeff\ufeffDuplicateur de t\u00e9l\u00e9commande : Le duplicateur de t\u00e9l\u00e9commande est dot\u00e9 de vous permet de se dupliquer facilement votre t\u00e9l\u00e9commande existe, faites-le facile \u00e0 remplacer les t\u00e9l\u00e9commandes perdues ou endommag\u00e9es. \ufeff\ufeffCertifi\u00e9 RoHS: Ce produit est certifi\u00e9 RoHS, garantissant [&hellip;]<\/p>\n","protected":false},"featured_media":11657,"comment_status":"closed","ping_status":"closed","template":"","meta":{"event_title":"","event_details":"","event_timezone":"","event_gmap":"","event_image":"","event_image_url":"","event_calendar_link":"","event_location":"","event_datetime_with_summary":"","event_datetime":"","event_date_type":"","event_rulesummary":"","event_ticket_rsvp":"","_gspb_post_css":""},"product_brand":[],"product_cat":[114,115,82,113],"product_tag":[],"class_list":{"0":"post-11653","1":"product","2":"type-product","3":"status-publish","4":"has-post-thumbnail","6":"product_cat-accessoires-voiture","7":"product_cat-accessoires-moto","8":"product_cat-gadgets","9":"product_cat-voiture-moto","11":"first","12":"instock","13":"sale","14":"shipping-taxable","15":"purchasable","16":"product-type-variable"},"jetpack_sharing_enabled":true,"_links":{"self":[{"href":"https:\/\/espacetechnologie.ma\/ar\/wp-json\/wp\/v2\/product\/11653","targetHints":{"allow":["GET"]}}],"collection":[{"href":"https:\/\/espacetechnologie.ma\/ar\/wp-json\/wp\/v2\/product"}],"about":[{"href":"https:\/\/espacetechnologie.ma\/ar\/wp-json\/wp\/v2\/types\/product"}],"replies":[{"embeddable":true,"href":"https:\/\/espacetechnologie.ma\/ar\/wp-json\/wp\/v2\/comments?post=11653"}],"wp:featuredmedia":[{"embeddable":true,"href":"https:\/\/espacetechnologie.ma\/ar\/wp-json\/wp\/v2\/media\/11657"}],"wp:attachment":[{"href":"https:\/\/espacetechnologie.ma\/ar\/wp-json\/wp\/v2\/media?parent=11653"}],"wp:term":[{"taxonomy":"product_brand","embeddable":true,"href":"https:\/\/espacetechnologie.ma\/ar\/wp-json\/wp\/v2\/product_brand?post=11653"},{"taxonomy":"product_cat","embeddable":true,"href":"https:\/\/espacetechnologie.ma\/ar\/wp-json\/wp\/v2\/product_cat?post=11653"},{"taxonomy":"product_tag","embeddable":true,"href":"https:\/\/espacetechnologie.ma\/ar\/wp-json\/wp\/v2\/product_tag?post=11653"}],"curies":[{"name":"wp","href":"https:\/\/api.w.org\/{rel}","templated":true}]}}