{"id":11647,"date":"2025-09-06T13:35:33","date_gmt":"2025-09-06T12:35:33","guid":{"rendered":"https:\/\/espacetechnologie.ma\/?post_type=product&#038;p=11647"},"modified":"2025-11-01T18:07:00","modified_gmt":"2025-11-01T17:07:00","slug":"mini-camera-4g-de-securite-pour-la-maison-et-le-sport-dv-avec-detecteur-de-mouvement","status":"publish","type":"product","link":"https:\/\/espacetechnologie.ma\/ar\/product\/mini-camera-4g-de-securite-pour-la-maison-et-le-sport-dv-avec-detecteur-de-mouvement\/","title":{"rendered":"Mini Cam\u00e9ra 4G de S\u00e9curit\u00e9 pour la Maison et le Sport DV avec D\u00e9tecteur de Mouvement"},"content":{"rendered":"<p>Objectif rotatif \u00e0 180\u00b0<br \/>\nL&rsquo;objectif rotatif \u00e0 180\u00b0 vous permet d&rsquo;ajuster la position de la cam\u00e9ra et de capturer une vue plus large, garantissant ainsi que la cam\u00e9ra n&rsquo;enregistre pas sous un mauvais angle et ne manque aucune sc\u00e8ne ou preuve importante.<br \/>\nAppel en un clic + appel vid\u00e9o bidirectionnel. La cam\u00e9ra est \u00e9quip\u00e9e d&rsquo;un bouton d&rsquo;appel en un clic. En cas d&rsquo;urgence, appuyez dessus et votre t\u00e9l\u00e9phone recevra une demande d&rsquo;appel, vous permettant de passer un appel vid\u00e9o bidirectionnel et d&rsquo;interagir facilement avec votre famille et vos amis.<\/p>","protected":false},"excerpt":{"rendered":"<p>Objectif rotatif \u00e0 180\u00b0 L&rsquo;objectif rotatif \u00e0 180\u00b0 vous permet d&rsquo;ajuster la position de la cam\u00e9ra et de capturer une vue plus large, garantissant ainsi que la cam\u00e9ra n&rsquo;enregistre pas sous un mauvais angle et ne manque aucune sc\u00e8ne ou preuve importante. Appel en un clic + appel vid\u00e9o bidirectionnel. La cam\u00e9ra est \u00e9quip\u00e9e d&rsquo;un [&hellip;]<\/p>\n","protected":false},"featured_media":11648,"comment_status":"closed","ping_status":"closed","template":"","meta":{"event_title":"","event_details":"","event_timezone":"","event_gmap":"","event_image":"","event_image_url":"","event_calendar_link":"","event_location":"","event_datetime_with_summary":"","event_datetime":"","event_date_type":"","event_rulesummary":"","event_ticket_rsvp":"","_gspb_post_css":""},"product_brand":[],"product_cat":[82],"product_tag":[],"class_list":{"0":"post-11647","1":"product","2":"type-product","3":"status-publish","4":"has-post-thumbnail","6":"product_cat-gadgets","8":"first","9":"instock","10":"sale","11":"featured","12":"shipping-taxable","13":"purchasable","14":"product-type-simple"},"jetpack_sharing_enabled":true,"_links":{"self":[{"href":"https:\/\/espacetechnologie.ma\/ar\/wp-json\/wp\/v2\/product\/11647","targetHints":{"allow":["GET"]}}],"collection":[{"href":"https:\/\/espacetechnologie.ma\/ar\/wp-json\/wp\/v2\/product"}],"about":[{"href":"https:\/\/espacetechnologie.ma\/ar\/wp-json\/wp\/v2\/types\/product"}],"replies":[{"embeddable":true,"href":"https:\/\/espacetechnologie.ma\/ar\/wp-json\/wp\/v2\/comments?post=11647"}],"wp:featuredmedia":[{"embeddable":true,"href":"https:\/\/espacetechnologie.ma\/ar\/wp-json\/wp\/v2\/media\/11648"}],"wp:attachment":[{"href":"https:\/\/espacetechnologie.ma\/ar\/wp-json\/wp\/v2\/media?parent=11647"}],"wp:term":[{"taxonomy":"product_brand","embeddable":true,"href":"https:\/\/espacetechnologie.ma\/ar\/wp-json\/wp\/v2\/product_brand?post=11647"},{"taxonomy":"product_cat","embeddable":true,"href":"https:\/\/espacetechnologie.ma\/ar\/wp-json\/wp\/v2\/product_cat?post=11647"},{"taxonomy":"product_tag","embeddable":true,"href":"https:\/\/espacetechnologie.ma\/ar\/wp-json\/wp\/v2\/product_tag?post=11647"}],"curies":[{"name":"wp","href":"https:\/\/api.w.org\/{rel}","templated":true}]}}