{"id":11628,"date":"2025-09-06T13:21:58","date_gmt":"2025-09-06T12:21:58","guid":{"rendered":"https:\/\/espacetechnologie.ma\/?post_type=product&#038;p=11628"},"modified":"2025-09-06T13:21:58","modified_gmt":"2025-09-06T12:21:58","slug":"support-de-telephone-et-gopro-reglable-avec-ceinture-de-poitrine-et-de-tete","status":"publish","type":"product","link":"https:\/\/espacetechnologie.ma\/ar\/product\/support-de-telephone-et-gopro-reglable-avec-ceinture-de-poitrine-et-de-tete\/","title":{"rendered":"Support de T\u00e9l\u00e9phone et goPro R\u00e9glable avec ceinture de poitrine et de t\u00eate"},"content":{"rendered":"<p>Mat\u00e9riel: Nylon<br \/>\nPoids: 150g<br \/>\nBoucle: Ddjustable \u00e0 volont\u00e9<br \/>\n\u00c9tanche ou pas: Oui<\/p>","protected":false},"excerpt":{"rendered":"<p>Mat\u00e9riel: Nylon Poids: 150g Boucle: Ddjustable \u00e0 volont\u00e9 \u00c9tanche ou pas: Oui<\/p>","protected":false},"featured_media":11629,"comment_status":"closed","ping_status":"closed","template":"","meta":{"event_title":"","event_details":"","event_timezone":"","event_gmap":"","event_image":"","event_image_url":"","event_calendar_link":"","event_location":"","event_datetime_with_summary":"","event_datetime":"","event_date_type":"","event_rulesummary":"","event_ticket_rsvp":"","_gspb_post_css":""},"product_brand":[],"product_cat":[82],"product_tag":[],"class_list":{"0":"post-11628","1":"product","2":"type-product","3":"status-publish","4":"has-post-thumbnail","6":"product_cat-gadgets","8":"first","9":"instock","10":"sale","11":"shipping-taxable","12":"purchasable","13":"product-type-simple"},"jetpack_sharing_enabled":true,"_links":{"self":[{"href":"https:\/\/espacetechnologie.ma\/ar\/wp-json\/wp\/v2\/product\/11628","targetHints":{"allow":["GET"]}}],"collection":[{"href":"https:\/\/espacetechnologie.ma\/ar\/wp-json\/wp\/v2\/product"}],"about":[{"href":"https:\/\/espacetechnologie.ma\/ar\/wp-json\/wp\/v2\/types\/product"}],"replies":[{"embeddable":true,"href":"https:\/\/espacetechnologie.ma\/ar\/wp-json\/wp\/v2\/comments?post=11628"}],"wp:featuredmedia":[{"embeddable":true,"href":"https:\/\/espacetechnologie.ma\/ar\/wp-json\/wp\/v2\/media\/11629"}],"wp:attachment":[{"href":"https:\/\/espacetechnologie.ma\/ar\/wp-json\/wp\/v2\/media?parent=11628"}],"wp:term":[{"taxonomy":"product_brand","embeddable":true,"href":"https:\/\/espacetechnologie.ma\/ar\/wp-json\/wp\/v2\/product_brand?post=11628"},{"taxonomy":"product_cat","embeddable":true,"href":"https:\/\/espacetechnologie.ma\/ar\/wp-json\/wp\/v2\/product_cat?post=11628"},{"taxonomy":"product_tag","embeddable":true,"href":"https:\/\/espacetechnologie.ma\/ar\/wp-json\/wp\/v2\/product_tag?post=11628"}],"curies":[{"name":"wp","href":"https:\/\/api.w.org\/{rel}","templated":true}]}}