{"id":11622,"date":"2025-09-06T13:19:21","date_gmt":"2025-09-06T12:19:21","guid":{"rendered":"https:\/\/espacetechnologie.ma\/?post_type=product&#038;p=11622"},"modified":"2025-09-06T13:19:22","modified_gmt":"2025-09-06T12:19:22","slug":"kit-daccessoires-de-camera-daction-50-en-1-pour-gopro","status":"publish","type":"product","link":"https:\/\/espacetechnologie.ma\/ar\/product\/kit-daccessoires-de-camera-daction-50-en-1-pour-gopro\/","title":{"rendered":"Kit d&rsquo;accessoires de cam\u00e9ra d&rsquo;action 50 en 1 pour GoPro"},"content":{"rendered":"<p>Mat\u00e9riel: plastique et m\u00e9tal<br \/>\nPour GoPro Hero 3\/4\/5\/6\/7\/8\/9\/10, Max<br \/>\nPour D JI Osmo Action, Pocket 2<br \/>\nPour Insta360, AKASO, APEMAN, SJCAM et autres cam\u00e9ras \u00e0 action<\/p>","protected":false},"excerpt":{"rendered":"<p>Mat\u00e9riel: plastique et m\u00e9tal Pour GoPro Hero 3\/4\/5\/6\/7\/8\/9\/10, Max Pour D JI Osmo Action, Pocket 2 Pour Insta360, AKASO, APEMAN, SJCAM et autres cam\u00e9ras \u00e0 action<\/p>","protected":false},"featured_media":11623,"comment_status":"closed","ping_status":"closed","template":"","meta":{"event_title":"","event_details":"","event_timezone":"","event_gmap":"","event_image":"","event_image_url":"","event_calendar_link":"","event_location":"","event_datetime_with_summary":"","event_datetime":"","event_date_type":"","event_rulesummary":"","event_ticket_rsvp":"","_gspb_post_css":""},"product_brand":[],"product_cat":[82],"product_tag":[],"class_list":{"0":"post-11622","1":"product","2":"type-product","3":"status-publish","4":"has-post-thumbnail","6":"product_cat-gadgets","8":"first","9":"instock","10":"sale","11":"shipping-taxable","12":"purchasable","13":"product-type-simple"},"jetpack_sharing_enabled":true,"_links":{"self":[{"href":"https:\/\/espacetechnologie.ma\/ar\/wp-json\/wp\/v2\/product\/11622","targetHints":{"allow":["GET"]}}],"collection":[{"href":"https:\/\/espacetechnologie.ma\/ar\/wp-json\/wp\/v2\/product"}],"about":[{"href":"https:\/\/espacetechnologie.ma\/ar\/wp-json\/wp\/v2\/types\/product"}],"replies":[{"embeddable":true,"href":"https:\/\/espacetechnologie.ma\/ar\/wp-json\/wp\/v2\/comments?post=11622"}],"wp:featuredmedia":[{"embeddable":true,"href":"https:\/\/espacetechnologie.ma\/ar\/wp-json\/wp\/v2\/media\/11623"}],"wp:attachment":[{"href":"https:\/\/espacetechnologie.ma\/ar\/wp-json\/wp\/v2\/media?parent=11622"}],"wp:term":[{"taxonomy":"product_brand","embeddable":true,"href":"https:\/\/espacetechnologie.ma\/ar\/wp-json\/wp\/v2\/product_brand?post=11622"},{"taxonomy":"product_cat","embeddable":true,"href":"https:\/\/espacetechnologie.ma\/ar\/wp-json\/wp\/v2\/product_cat?post=11622"},{"taxonomy":"product_tag","embeddable":true,"href":"https:\/\/espacetechnologie.ma\/ar\/wp-json\/wp\/v2\/product_tag?post=11622"}],"curies":[{"name":"wp","href":"https:\/\/api.w.org\/{rel}","templated":true}]}}