{"id":11617,"date":"2025-09-02T13:35:38","date_gmt":"2025-09-02T12:35:38","guid":{"rendered":"https:\/\/espacetechnologie.ma\/?post_type=product&#038;p=11617"},"modified":"2025-09-02T13:35:39","modified_gmt":"2025-09-02T12:35:39","slug":"batterie-pour-hero-12-11-10-9","status":"publish","type":"product","link":"https:\/\/espacetechnologie.ma\/ar\/product\/batterie-pour-hero-12-11-10-9\/","title":{"rendered":"Batterie pour Hero 12\/11\/10\/9"},"content":{"rendered":"<p>Poids: 32,58 g<br \/>\nCapacit\u00e9 : 1750 mAh<br \/>\nTension d&rsquo;entr\u00e9e: 4,4 V<br \/>\nTemp\u00e9rature : -20C-60\u00b0C<br \/>\nMod\u00e8le : GOPRO 12\/11\/10\/9<\/p>","protected":false},"excerpt":{"rendered":"<p>Poids: 32,58 g Capacit\u00e9 : 1750 mAh Tension d&rsquo;entr\u00e9e: 4,4 V Temp\u00e9rature : -20C-60\u00b0C Mod\u00e8le : GOPRO 12\/11\/10\/9<\/p>","protected":false},"featured_media":11618,"comment_status":"closed","ping_status":"closed","template":"","meta":{"event_title":"","event_details":"","event_timezone":"","event_gmap":"","event_image":"","event_image_url":"","event_calendar_link":"","event_location":"","event_datetime_with_summary":"","event_datetime":"","event_date_type":"","event_rulesummary":"","event_ticket_rsvp":"","_gspb_post_css":""},"product_brand":[],"product_cat":[82],"product_tag":[],"class_list":{"0":"post-11617","1":"product","2":"type-product","3":"status-publish","4":"has-post-thumbnail","6":"product_cat-gadgets","8":"first","9":"instock","10":"sale","11":"shipping-taxable","12":"purchasable","13":"product-type-simple"},"jetpack_sharing_enabled":true,"_links":{"self":[{"href":"https:\/\/espacetechnologie.ma\/ar\/wp-json\/wp\/v2\/product\/11617","targetHints":{"allow":["GET"]}}],"collection":[{"href":"https:\/\/espacetechnologie.ma\/ar\/wp-json\/wp\/v2\/product"}],"about":[{"href":"https:\/\/espacetechnologie.ma\/ar\/wp-json\/wp\/v2\/types\/product"}],"replies":[{"embeddable":true,"href":"https:\/\/espacetechnologie.ma\/ar\/wp-json\/wp\/v2\/comments?post=11617"}],"wp:featuredmedia":[{"embeddable":true,"href":"https:\/\/espacetechnologie.ma\/ar\/wp-json\/wp\/v2\/media\/11618"}],"wp:attachment":[{"href":"https:\/\/espacetechnologie.ma\/ar\/wp-json\/wp\/v2\/media?parent=11617"}],"wp:term":[{"taxonomy":"product_brand","embeddable":true,"href":"https:\/\/espacetechnologie.ma\/ar\/wp-json\/wp\/v2\/product_brand?post=11617"},{"taxonomy":"product_cat","embeddable":true,"href":"https:\/\/espacetechnologie.ma\/ar\/wp-json\/wp\/v2\/product_cat?post=11617"},{"taxonomy":"product_tag","embeddable":true,"href":"https:\/\/espacetechnologie.ma\/ar\/wp-json\/wp\/v2\/product_tag?post=11617"}],"curies":[{"name":"wp","href":"https:\/\/api.w.org\/{rel}","templated":true}]}}